{"id":3450,"date":"2024-03-07T12:04:40","date_gmt":"2024-03-07T11:04:40","guid":{"rendered":"http:\/\/blogsaverroes.juntadeandalucia.es\/ceipmanuelcastroorellana\/?page_id=3450"},"modified":"2025-02-21T10:02:02","modified_gmt":"2025-02-21T09:02:02","slug":"informacion-pac","status":"publish","type":"page","link":"https:\/\/blogsaverroes.juntadeandalucia.es\/ceipmanuelcastroorellana\/informacion-pac\/","title":{"rendered":"INFORMACI\u00d3N PAC"},"content":{"rendered":"<p><strong>PLAN DE APERTURA<\/strong><br \/>\nEl Plan de Apertura de Centros persigue que los centros docentes, m\u00e1s all\u00e1 de la jornada lectiva tradicional, proporcionen una oferta de jornada escolar completa y que encuentren en sus centros las actividades que necesitan para completar su formaci\u00f3n y para utilizar de una manera provechosa su tiempo libre.<\/p>\n<p><strong>En nuestro centro contamos con los servicios de:<\/strong><\/p>\n<p><strong>Aula Matinal<\/strong> (de 7:30 a 9:00 horas)<br \/>\n<strong>Comedor Escolar<\/strong> (de 14:00 a 16:00 horas)<br \/>\n<strong>Actividades Extraescolares<\/strong> (de lunes a jueves de 16:00 a 18:00 horas) dependiendo de la actividad.<\/p>\n<p>Fuera del Plan de Apertura tambi\u00e9n contamos con:<br \/>\n<strong>Aula de BUENAS TARDES<\/strong> (de 14:00 a 15:15 horas)<\/p>\n<p><strong>TODA LA INFORMACI\u00d3N DE CADA UNO DE LOS SERVICIOS LA ENCONTRAR\u00c1 EN LA PESTA\u00d1A SERVICIOS DE ESTA P\u00c1GINA WEB.<\/strong><\/p>\n<p>______________________________________________________________________________________________<\/p>\n<p><strong>PRECIO DE LOS SERVICIOS Y BONIFICACI\u00d3N<\/strong><\/p>\n<p>El precio de los servicios complementarios (impuestos incluidos), son:<br \/>\n1. Servicio de aula matinal.<br \/>\n\u25aa Precio mensual: 17,51 euros.<br \/>\n\u25aa Precio por d\u00eda: 1,33 euros.<br \/>\n2. Servicio de comedor escolar.<br \/>\n\u25aa Precio por d\u00eda: 5,54 euros.<br \/>\n3. Servicio de actividades extraescolares.<br \/>\n\u25aa Precio mensual: 17,51 euros por cada actividad.<\/p>\n<p>Existe la posibilidad de que estos servicios est\u00e9n bonificados en distintos %. Para ello tendr\u00e1 que presentar la solicitud de bonificaci\u00f3n (que es opcional), en los primeros d\u00edas de septiembre para las solicitudes que se realicen con la matriculaci\u00f3n o cuando se presente el alta a lo largo del curso.<\/p>\n<p>_____________________________________________________________________________________________<\/p>\n","protected":false},"excerpt":{"rendered":"<p>PLAN DE APERTURA El Plan de Apertura de Centros persigue que los centros docentes, m\u00e1s all\u00e1 de la jornada lectiva tradicional, proporcionen una oferta de jornada escolar completa y que encuentren en sus centros las actividades que necesitan para completar su formaci\u00f3n y para utilizar de una manera provechosa su tiempo libre. En nuestro centro &hellip; <\/p>\n<p><a class=\"more-link btn\" href=\"https:\/\/blogsaverroes.juntadeandalucia.es\/ceipmanuelcastroorellana\/informacion-pac\/\">Seguir leyendo<\/a><\/p>\n","protected":false},"author":4366,"featured_media":0,"parent":0,"menu_order":0,"comment_status":"closed","ping_status":"closed","template":"","meta":{"ngg_post_thumbnail":0,"footnotes":"","_mc_calendar":[]},"aioseo_notices":[],"post_mailing_queue_ids":[],"_links":{"self":[{"href":"https:\/\/blogsaverroes.juntadeandalucia.es\/ceipmanuelcastroorellana\/wp-json\/wp\/v2\/pages\/3450"}],"collection":[{"href":"https:\/\/blogsaverroes.juntadeandalucia.es\/ceipmanuelcastroorellana\/wp-json\/wp\/v2\/pages"}],"about":[{"href":"https:\/\/blogsaverroes.juntadeandalucia.es\/ceipmanuelcastroorellana\/wp-json\/wp\/v2\/types\/page"}],"author":[{"embeddable":true,"href":"https:\/\/blogsaverroes.juntadeandalucia.es\/ceipmanuelcastroorellana\/wp-json\/wp\/v2\/users\/4366"}],"replies":[{"embeddable":true,"href":"https:\/\/blogsaverroes.juntadeandalucia.es\/ceipmanuelcastroorellana\/wp-json\/wp\/v2\/comments?post=3450"}],"version-history":[{"count":4,"href":"https:\/\/blogsaverroes.juntadeandalucia.es\/ceipmanuelcastroorellana\/wp-json\/wp\/v2\/pages\/3450\/revisions"}],"predecessor-version":[{"id":3612,"href":"https:\/\/blogsaverroes.juntadeandalucia.es\/ceipmanuelcastroorellana\/wp-json\/wp\/v2\/pages\/3450\/revisions\/3612"}],"wp:attachment":[{"href":"https:\/\/blogsaverroes.juntadeandalucia.es\/ceipmanuelcastroorellana\/wp-json\/wp\/v2\/media?parent=3450"}],"curies":[{"name":"wp","href":"https:\/\/api.w.org\/{rel}","templated":true}]}}