{"id":3462,"date":"2024-03-12T22:50:57","date_gmt":"2024-03-12T21:50:57","guid":{"rendered":"http:\/\/blogsaverroes.juntadeandalucia.es\/ceipmanuelcastroorellana\/?page_id=3462"},"modified":"2024-03-12T22:50:57","modified_gmt":"2024-03-12T21:50:57","slug":"ipasen-recuperacion-contrasena","status":"publish","type":"page","link":"https:\/\/blogsaverroes.juntadeandalucia.es\/ceipmanuelcastroorellana\/ipasen-recuperacion-contrasena\/","title":{"rendered":"IPASEN recuperaci\u00f3n contrase\u00f1a"},"content":{"rendered":"<p>Para recuperar las credenciales (usuario y contrase\u00f1a) para la app IPasen debes rellenar el formulario de este enlace.<\/p>\n<p><a href=\"https:\/\/docs.google.com\/forms\/d\/e\/1FAIpQLSf-2nhwejvFJOuYsLTmScFzJreKcQWJfMk0XjKd0xNYQYRTMg\/viewform?usp=sf_link\"><img loading=\"lazy\" decoding=\"async\" class=\"alignnone  wp-image-3463\" src=\"https:\/\/blogsaverroes.juntadeandalucia.es\/ceipmanuelcastroorellana\/files\/2024\/03\/Turquoise-And-White-Minimalist-Yoga-App-Instagram-Post.png\" alt=\"\" width=\"392\" height=\"392\" srcset=\"https:\/\/blogsaverroes.juntadeandalucia.es\/ceipmanuelcastroorellana\/files\/2024\/03\/Turquoise-And-White-Minimalist-Yoga-App-Instagram-Post.png 1080w, https:\/\/blogsaverroes.juntadeandalucia.es\/ceipmanuelcastroorellana\/files\/2024\/03\/Turquoise-And-White-Minimalist-Yoga-App-Instagram-Post-300x300.png 300w, https:\/\/blogsaverroes.juntadeandalucia.es\/ceipmanuelcastroorellana\/files\/2024\/03\/Turquoise-And-White-Minimalist-Yoga-App-Instagram-Post-1024x1024.png 1024w, https:\/\/blogsaverroes.juntadeandalucia.es\/ceipmanuelcastroorellana\/files\/2024\/03\/Turquoise-And-White-Minimalist-Yoga-App-Instagram-Post-150x150.png 150w, https:\/\/blogsaverroes.juntadeandalucia.es\/ceipmanuelcastroorellana\/files\/2024\/03\/Turquoise-And-White-Minimalist-Yoga-App-Instagram-Post-768x768.png 768w, https:\/\/blogsaverroes.juntadeandalucia.es\/ceipmanuelcastroorellana\/files\/2024\/03\/Turquoise-And-White-Minimalist-Yoga-App-Instagram-Post-432x432.png 432w, https:\/\/blogsaverroes.juntadeandalucia.es\/ceipmanuelcastroorellana\/files\/2024\/03\/Turquoise-And-White-Minimalist-Yoga-App-Instagram-Post-268x268.png 268w, https:\/\/blogsaverroes.juntadeandalucia.es\/ceipmanuelcastroorellana\/files\/2024\/03\/Turquoise-And-White-Minimalist-Yoga-App-Instagram-Post-700x700.png 700w, https:\/\/blogsaverroes.juntadeandalucia.es\/ceipmanuelcastroorellana\/files\/2024\/03\/Turquoise-And-White-Minimalist-Yoga-App-Instagram-Post-1024x1024-978x978.png 978w\" sizes=\"(max-width: 392px) 100vw, 392px\" \/><\/a><\/p>\n<p>Recuerda que este proceso no es aut\u00f3matico, es manual, por lo que puede tardar unos d\u00edas sino se realiza en d\u00edas lectivos.<\/p>\n","protected":false},"excerpt":{"rendered":"<p>Para recuperar las credenciales (usuario y contrase\u00f1a) para la app IPasen debes rellenar el formulario de este enlace. Recuerda que este proceso no es aut\u00f3matico, es manual, por lo que puede tardar unos d\u00edas sino se realiza en d\u00edas lectivos.<\/p>\n","protected":false},"author":4366,"featured_media":3463,"parent":0,"menu_order":0,"comment_status":"closed","ping_status":"closed","template":"","meta":{"ngg_post_thumbnail":0,"footnotes":"","_mc_calendar":[]},"aioseo_notices":[],"post_mailing_queue_ids":[],"_links":{"self":[{"href":"https:\/\/blogsaverroes.juntadeandalucia.es\/ceipmanuelcastroorellana\/wp-json\/wp\/v2\/pages\/3462"}],"collection":[{"href":"https:\/\/blogsaverroes.juntadeandalucia.es\/ceipmanuelcastroorellana\/wp-json\/wp\/v2\/pages"}],"about":[{"href":"https:\/\/blogsaverroes.juntadeandalucia.es\/ceipmanuelcastroorellana\/wp-json\/wp\/v2\/types\/page"}],"author":[{"embeddable":true,"href":"https:\/\/blogsaverroes.juntadeandalucia.es\/ceipmanuelcastroorellana\/wp-json\/wp\/v2\/users\/4366"}],"replies":[{"embeddable":true,"href":"https:\/\/blogsaverroes.juntadeandalucia.es\/ceipmanuelcastroorellana\/wp-json\/wp\/v2\/comments?post=3462"}],"version-history":[{"count":1,"href":"https:\/\/blogsaverroes.juntadeandalucia.es\/ceipmanuelcastroorellana\/wp-json\/wp\/v2\/pages\/3462\/revisions"}],"predecessor-version":[{"id":3464,"href":"https:\/\/blogsaverroes.juntadeandalucia.es\/ceipmanuelcastroorellana\/wp-json\/wp\/v2\/pages\/3462\/revisions\/3464"}],"wp:featuredmedia":[{"embeddable":true,"href":"https:\/\/blogsaverroes.juntadeandalucia.es\/ceipmanuelcastroorellana\/wp-json\/wp\/v2\/media\/3463"}],"wp:attachment":[{"href":"https:\/\/blogsaverroes.juntadeandalucia.es\/ceipmanuelcastroorellana\/wp-json\/wp\/v2\/media?parent=3462"}],"curies":[{"name":"wp","href":"https:\/\/api.w.org\/{rel}","templated":true}]}}