{"id":3757,"date":"2026-02-06T11:40:21","date_gmt":"2026-02-06T10:40:21","guid":{"rendered":"https:\/\/blogsaverroes.juntadeandalucia.es\/ceipmanuelcastroorellana\/?page_id=3757"},"modified":"2026-02-06T11:40:21","modified_gmt":"2026-02-06T10:40:21","slug":"app-ipasen","status":"publish","type":"page","link":"https:\/\/blogsaverroes.juntadeandalucia.es\/ceipmanuelcastroorellana\/app-ipasen\/","title":{"rendered":"APP IPASEN"},"content":{"rendered":"<p><a href=\"https:\/\/blogsaverroes.juntadeandalucia.es\/ceipmanuelcastroorellana\/files\/2020\/03\/photo_5827913687871109723_y.jpg\"><img loading=\"lazy\" decoding=\"async\" class=\"alignnone size-full wp-image-3097\" src=\"https:\/\/blogsaverroes.juntadeandalucia.es\/ceipmanuelcastroorellana\/files\/2020\/03\/photo_5827913687871109723_y.jpg\" alt=\"\" width=\"1080\" height=\"785\" srcset=\"https:\/\/blogsaverroes.juntadeandalucia.es\/ceipmanuelcastroorellana\/files\/2020\/03\/photo_5827913687871109723_y.jpg 1080w, https:\/\/blogsaverroes.juntadeandalucia.es\/ceipmanuelcastroorellana\/files\/2020\/03\/photo_5827913687871109723_y-300x218.jpg 300w, https:\/\/blogsaverroes.juntadeandalucia.es\/ceipmanuelcastroorellana\/files\/2020\/03\/photo_5827913687871109723_y-1024x744.jpg 1024w, https:\/\/blogsaverroes.juntadeandalucia.es\/ceipmanuelcastroorellana\/files\/2020\/03\/photo_5827913687871109723_y-768x558.jpg 768w, https:\/\/blogsaverroes.juntadeandalucia.es\/ceipmanuelcastroorellana\/files\/2020\/03\/photo_5827913687871109723_y-700x509.jpg 700w\" sizes=\"(max-width: 1080px) 100vw, 1080px\" \/><\/a><\/p>\n<p>Estimadas familias:<\/p>\n<p>Desde la plataforma PASEN y la app iPasen podr\u00e9is acceder a multitud de datos de inter\u00e9s de vuestros hijos e hijas tales como: faltas de asistencia, disciplina, comunicaciones,..as\u00ed como poder comunicaros directamente con el profesorado, justificar ausencias, solicitar tutor\u00eda, etc.<\/p>\n<p>Deber\u00e9is de tener clave de acceso de cursos anteriores, y si no es el caso est\u00e1 disponible un nuevo procedimiento de \u00abautologin\u00bb para usuarios con perfiles tutor\/a legal y alumnado (tanto emancipado como no), mediante el cual cualquier padre\/madre o alumno\/a podr\u00e1 realizar un proceso de \u00abautologin\u00bb para obtener las credenciales de acceso a PASEN.&nbsp;<\/p>\n<p>Para realizar el \u00abautologin\u00bb a trav\u00e9s de la aplicaci\u00f3n web o de la app, las familias deber\u00e1n pinchar en el enlace \u2018No tengo acceso\u2019 de la pantalla de login. Se requerir\u00e1n tres datos: El NIF, una fecha de nacimiento (de algunos de sus hijos\/as o la suya propia) y un n\u00famero de tel\u00e9fono m\u00f3vil donde recibir\u00e1 por SMS las credenciales. Este \u00faltimo deber\u00e1 coincidir con el que consta en S\u00e9neca para los tutores legales o para el alumnado.<\/p>\n<p>Otra opci\u00f3n es ponerse en contacto con el Centro para su activaci\u00f3n, ya sea mediante correo electr\u00f3nico o de manera telef\u00f3nica.<\/p>\n<p>Si el problema es que no recuerdan la clave de acceso, hemos habilitado el siguiente formulario para su recuperaci\u00f3n. Este proceso no es autom\u00e1tico por lo que no es instant\u00e1neo.<\/p>\n<p><a href=\"https:\/\/forms.gle\/CswbDHoF6AgGR2Q79\">FORMULARIO DE SOLICITUD DE CREDENCIALES (USUARIO Y CONTRASE\u00d1A PARA LA APP IPASEN<\/a><\/p>\n<div class=\"embed-container\"><iframe loading=\"lazy\" title=\"PASEN\" width=\"1140\" height=\"641\" src=\"https:\/\/www.youtube.com\/embed\/7ShGT1uK_Wg?feature=oembed\" frameborder=\"0\" allow=\"accelerometer; autoplay; clipboard-write; encrypted-media; gyroscope; picture-in-picture; web-share\" referrerpolicy=\"strict-origin-when-cross-origin\" allowfullscreen><\/iframe><\/div>\n<p>&nbsp;<\/p>\n<p><a href=\"https:\/\/drive.google.com\/file\/d\/1vP7-HZ8NZehz4PAPLKV9U3lT__gRIhKd\/view?usp=sharing\">Os dejamos el manual que hemos elaborado para darse de alta en la APP IPasen.<\/a><\/p>\n<p>video explicativo para hacer autologin por web<\/p>\n<p><iframe loading=\"lazy\" src=\"\/\/www.youtube.com\/embed\/3z6eWjQWnuc\" width=\"560\" height=\"314\"><\/iframe><\/p>\n<p>video explicativo para hacer autologin con el m\u00f3vil<\/p>\n<p><iframe loading=\"lazy\" src=\"\/\/www.youtube.com\/embed\/cHLova48ULE\" width=\"560\" height=\"314\"><\/iframe><\/p>\n<p>Si tienen alg\u00fan problema con el alta en esta APP ruego nos hagan llegar la incidencia al email corporativo del colegio.<\/p>\n<hr>\n<h3><span style=\"text-decoration: underline\"><strong>PERSONAS AUTORIZADAS PARA LA RECOGIDA A LA SALIDA<\/strong><\/span><\/h3>\n<p><iframe loading=\"lazy\" src=\"\/\/www.youtube.com\/embed\/2Ak711NjKrQ\" width=\"560\" height=\"314\"><\/iframe><\/p>\n<hr>\n<p>&nbsp;<\/p>\n","protected":false},"excerpt":{"rendered":"<p>Estimadas familias: Desde la plataforma PASEN y la app iPasen podr\u00e9is acceder a multitud de datos de inter\u00e9s de vuestros hijos e hijas tales como: faltas de asistencia, disciplina, comunicaciones,..as\u00ed como poder comunicaros directamente con el profesorado, justificar ausencias, solicitar tutor\u00eda, etc. Deber\u00e9is de tener clave de acceso de cursos anteriores, y si no es &hellip; <\/p>\n<p><a class=\"more-link btn\" href=\"https:\/\/blogsaverroes.juntadeandalucia.es\/ceipmanuelcastroorellana\/app-ipasen\/\">Seguir leyendo<\/a><\/p>\n","protected":false},"author":4366,"featured_media":0,"parent":0,"menu_order":0,"comment_status":"closed","ping_status":"closed","template":"","meta":{"ngg_post_thumbnail":0,"footnotes":"","_mc_calendar":[]},"aioseo_notices":[],"post_mailing_queue_ids":[],"_links":{"self":[{"href":"https:\/\/blogsaverroes.juntadeandalucia.es\/ceipmanuelcastroorellana\/wp-json\/wp\/v2\/pages\/3757"}],"collection":[{"href":"https:\/\/blogsaverroes.juntadeandalucia.es\/ceipmanuelcastroorellana\/wp-json\/wp\/v2\/pages"}],"about":[{"href":"https:\/\/blogsaverroes.juntadeandalucia.es\/ceipmanuelcastroorellana\/wp-json\/wp\/v2\/types\/page"}],"author":[{"embeddable":true,"href":"https:\/\/blogsaverroes.juntadeandalucia.es\/ceipmanuelcastroorellana\/wp-json\/wp\/v2\/users\/4366"}],"replies":[{"embeddable":true,"href":"https:\/\/blogsaverroes.juntadeandalucia.es\/ceipmanuelcastroorellana\/wp-json\/wp\/v2\/comments?post=3757"}],"version-history":[{"count":1,"href":"https:\/\/blogsaverroes.juntadeandalucia.es\/ceipmanuelcastroorellana\/wp-json\/wp\/v2\/pages\/3757\/revisions"}],"predecessor-version":[{"id":3758,"href":"https:\/\/blogsaverroes.juntadeandalucia.es\/ceipmanuelcastroorellana\/wp-json\/wp\/v2\/pages\/3757\/revisions\/3758"}],"wp:attachment":[{"href":"https:\/\/blogsaverroes.juntadeandalucia.es\/ceipmanuelcastroorellana\/wp-json\/wp\/v2\/media?parent=3757"}],"curies":[{"name":"wp","href":"https:\/\/api.w.org\/{rel}","templated":true}]}}