{"id":3760,"date":"2026-02-06T11:42:21","date_gmt":"2026-02-06T10:42:21","guid":{"rendered":"https:\/\/blogsaverroes.juntadeandalucia.es\/ceipmanuelcastroorellana\/?page_id=3760"},"modified":"2026-02-06T11:42:21","modified_gmt":"2026-02-06T10:42:21","slug":"telegram-2","status":"publish","type":"page","link":"https:\/\/blogsaverroes.juntadeandalucia.es\/ceipmanuelcastroorellana\/telegram-2\/","title":{"rendered":"Telegram"},"content":{"rendered":"<p>Desde hace varios a\u00f1os venimos usando un canal de telegram para las comunicaciones que desde el Centro queremos hacer llegar a las familias.<\/p>\n<p>Rogamos que os un\u00e1is al canal para estar informados al instante de cualquier informaci\u00f3n.<\/p>\n<p>Os dejo instrucciones sobre la descarga y b\u00fasqueda del canal.<\/p>\n<p><a href=\"https:\/\/drive.google.com\/file\/d\/1rWspnO6D2uYshryeUPeR8mRiT_AUOA_B\/view?usp=sharing\"><img loading=\"lazy\" decoding=\"async\" class=\"alignnone size-full wp-image-2498\" src=\"https:\/\/blogsaverroes.juntadeandalucia.es\/ceipmanuelcastroorellana\/files\/2020\/03\/telegram-copy.jpg\" alt=\"\" width=\"640\" height=\"319\" srcset=\"https:\/\/blogsaverroes.juntadeandalucia.es\/ceipmanuelcastroorellana\/files\/2020\/03\/telegram-copy.jpg 640w, https:\/\/blogsaverroes.juntadeandalucia.es\/ceipmanuelcastroorellana\/files\/2020\/03\/telegram-copy-300x150.jpg 300w, https:\/\/blogsaverroes.juntadeandalucia.es\/ceipmanuelcastroorellana\/files\/2020\/03\/telegram-copy-24x12.jpg 24w, https:\/\/blogsaverroes.juntadeandalucia.es\/ceipmanuelcastroorellana\/files\/2020\/03\/telegram-copy-36x18.jpg 36w, https:\/\/blogsaverroes.juntadeandalucia.es\/ceipmanuelcastroorellana\/files\/2020\/03\/telegram-copy-48x24.jpg 48w\" sizes=\"(max-width: 640px) 100vw, 640px\" \/><\/a><\/p>\n<p>&nbsp;<\/p>\n","protected":false},"excerpt":{"rendered":"<p>Desde hace varios a\u00f1os venimos usando un canal de telegram para las comunicaciones que desde el Centro queremos hacer llegar a las familias. Rogamos que os un\u00e1is al canal para estar informados al instante de cualquier informaci\u00f3n. Os dejo instrucciones sobre la descarga y b\u00fasqueda del canal. &nbsp;<\/p>\n","protected":false},"author":4366,"featured_media":0,"parent":0,"menu_order":0,"comment_status":"closed","ping_status":"closed","template":"","meta":{"ngg_post_thumbnail":0,"footnotes":"","_mc_calendar":[]},"aioseo_notices":[],"post_mailing_queue_ids":[],"_links":{"self":[{"href":"https:\/\/blogsaverroes.juntadeandalucia.es\/ceipmanuelcastroorellana\/wp-json\/wp\/v2\/pages\/3760"}],"collection":[{"href":"https:\/\/blogsaverroes.juntadeandalucia.es\/ceipmanuelcastroorellana\/wp-json\/wp\/v2\/pages"}],"about":[{"href":"https:\/\/blogsaverroes.juntadeandalucia.es\/ceipmanuelcastroorellana\/wp-json\/wp\/v2\/types\/page"}],"author":[{"embeddable":true,"href":"https:\/\/blogsaverroes.juntadeandalucia.es\/ceipmanuelcastroorellana\/wp-json\/wp\/v2\/users\/4366"}],"replies":[{"embeddable":true,"href":"https:\/\/blogsaverroes.juntadeandalucia.es\/ceipmanuelcastroorellana\/wp-json\/wp\/v2\/comments?post=3760"}],"version-history":[{"count":1,"href":"https:\/\/blogsaverroes.juntadeandalucia.es\/ceipmanuelcastroorellana\/wp-json\/wp\/v2\/pages\/3760\/revisions"}],"predecessor-version":[{"id":3761,"href":"https:\/\/blogsaverroes.juntadeandalucia.es\/ceipmanuelcastroorellana\/wp-json\/wp\/v2\/pages\/3760\/revisions\/3761"}],"wp:attachment":[{"href":"https:\/\/blogsaverroes.juntadeandalucia.es\/ceipmanuelcastroorellana\/wp-json\/wp\/v2\/media?parent=3760"}],"curies":[{"name":"wp","href":"https:\/\/api.w.org\/{rel}","templated":true}]}}