{"id":871,"date":"2015-03-16T07:25:46","date_gmt":"2015-03-16T07:25:46","guid":{"rendered":"http:\/\/blogsaverroes.juntadeandalucia.es\/pre\/ceip\/?page_id=106"},"modified":"2024-11-12T09:39:34","modified_gmt":"2024-11-12T08:39:34","slug":"actividades-extraescolares","status":"publish","type":"page","link":"https:\/\/blogsaverroes.juntadeandalucia.es\/ceipmanuelcastroorellana\/actividades-extraescolares\/","title":{"rendered":"Actividades extraescolares"},"content":{"rendered":"<p style=\"text-align: left\">&nbsp;<\/p>\n<h4><strong>Las actividades extraescolares<\/strong><\/h4>\n<p style=\"text-align: left\">Las actividades extraescolares tienen lugar en horario de tarde, desde las 16:00 h. hasta las 18.00 h.<\/p>\n<p style=\"text-align: left\">Todos los cursos se proponen actividades que abarcan aspectos como la lectura, el deporte, la m\u00fasica, la inform\u00e1tica, los idiomas, la danza o el teatro, entre otras actividades l\u00fadicas y formativas.<\/p>\n<p style=\"text-align: left\">Cada curso escolar se seleccionan las actividades extraescolares en funci\u00f3n de la demanda m\u00ednima que exige la Consejer\u00eda de Educaci\u00f3n.<\/p>\n<p>Para este curso 2024\/25 las actividades extraescolares que tenemos disponibles es<strong> Ingl\u00e9s en infantil<\/strong>, debido a que las dem\u00e1s no han tenido el m\u00ednimo de solicitudes.<\/p>\n<p>Esta actividad<strong> necesita inscripci\u00f3n previa y solicitud de plaza en la Secretar\u00eda del Centro.<\/strong><\/p>\n<p>La empresa encargada en gestionar las actividades extraescolares es:<a href=\"http:\/\/ludociencia.es\/\"><img loading=\"lazy\" decoding=\"async\" class=\"alignnone size-full wp-image-3467\" src=\"https:\/\/blogsaverroes.juntadeandalucia.es\/ceipmanuelcastroorellana\/files\/2024\/03\/LUDOCIENCIA.jpg\" alt=\"\" width=\"1000\" height=\"401\" srcset=\"https:\/\/blogsaverroes.juntadeandalucia.es\/ceipmanuelcastroorellana\/files\/2024\/03\/LUDOCIENCIA.jpg 1000w, https:\/\/blogsaverroes.juntadeandalucia.es\/ceipmanuelcastroorellana\/files\/2024\/03\/LUDOCIENCIA-300x120.jpg 300w, https:\/\/blogsaverroes.juntadeandalucia.es\/ceipmanuelcastroorellana\/files\/2024\/03\/LUDOCIENCIA-768x308.jpg 768w, https:\/\/blogsaverroes.juntadeandalucia.es\/ceipmanuelcastroorellana\/files\/2024\/03\/LUDOCIENCIA-700x281.jpg 700w\" sizes=\"(max-width: 1000px) 100vw, 1000px\" \/><\/a><\/p>\n","protected":false},"excerpt":{"rendered":"<p>&nbsp; Las actividades extraescolares Las actividades extraescolares tienen lugar en horario de tarde, desde las 16:00 h. hasta las 18.00 h. Todos los cursos se proponen actividades que abarcan aspectos como la lectura, el deporte, la m\u00fasica, la inform\u00e1tica, los idiomas, la danza o el teatro, entre otras actividades l\u00fadicas y formativas. Cada curso escolar &hellip; <\/p>\n<p><a class=\"more-link btn\" href=\"https:\/\/blogsaverroes.juntadeandalucia.es\/ceipmanuelcastroorellana\/actividades-extraescolares\/\">Seguir leyendo<\/a><\/p>\n","protected":false},"author":1,"featured_media":0,"parent":0,"menu_order":0,"comment_status":"closed","ping_status":"open","template":"","meta":{"ngg_post_thumbnail":0,"footnotes":"","_mc_calendar":[]},"aioseo_notices":[],"post_mailing_queue_ids":[],"_links":{"self":[{"href":"https:\/\/blogsaverroes.juntadeandalucia.es\/ceipmanuelcastroorellana\/wp-json\/wp\/v2\/pages\/871"}],"collection":[{"href":"https:\/\/blogsaverroes.juntadeandalucia.es\/ceipmanuelcastroorellana\/wp-json\/wp\/v2\/pages"}],"about":[{"href":"https:\/\/blogsaverroes.juntadeandalucia.es\/ceipmanuelcastroorellana\/wp-json\/wp\/v2\/types\/page"}],"author":[{"embeddable":true,"href":"https:\/\/blogsaverroes.juntadeandalucia.es\/ceipmanuelcastroorellana\/wp-json\/wp\/v2\/users\/1"}],"replies":[{"embeddable":true,"href":"https:\/\/blogsaverroes.juntadeandalucia.es\/ceipmanuelcastroorellana\/wp-json\/wp\/v2\/comments?post=871"}],"version-history":[{"count":15,"href":"https:\/\/blogsaverroes.juntadeandalucia.es\/ceipmanuelcastroorellana\/wp-json\/wp\/v2\/pages\/871\/revisions"}],"predecessor-version":[{"id":3591,"href":"https:\/\/blogsaverroes.juntadeandalucia.es\/ceipmanuelcastroorellana\/wp-json\/wp\/v2\/pages\/871\/revisions\/3591"}],"wp:attachment":[{"href":"https:\/\/blogsaverroes.juntadeandalucia.es\/ceipmanuelcastroorellana\/wp-json\/wp\/v2\/media?parent=871"}],"curies":[{"name":"wp","href":"https:\/\/api.w.org\/{rel}","templated":true}]}}