{"id":99,"date":"2015-03-16T07:22:54","date_gmt":"2015-03-16T07:22:54","guid":{"rendered":"http:\/\/blogsaverroes.juntadeandalucia.es\/pre\/ceip\/?page_id=99"},"modified":"2025-02-21T10:08:32","modified_gmt":"2025-02-21T09:08:32","slug":"comedor-escolar","status":"publish","type":"page","link":"https:\/\/blogsaverroes.juntadeandalucia.es\/ceipmanuelcastroorellana\/comedor-escolar\/","title":{"rendered":"Comedor escolar"},"content":{"rendered":"<h4><strong>Comedor escolar<\/strong><\/h4>\n<h4><a href=\"http:\/\/blogsaverroes.juntadeandalucia.es\/ceipmanuelcastroorellana\/files\/2015\/03\/comida.jpg\"><img loading=\"lazy\" decoding=\"async\" class=\"aligncenter wp-image-238 \" src=\"http:\/\/blogsaverroes.juntadeandalucia.es\/ceipmanuelcastroorellana\/files\/2015\/03\/comida.jpg\" alt=\"\" width=\"582\" height=\"341\"><\/a><\/h4>\n<p>Los comedores escolares son un servicio complementario que resulta de gran utilidad a padres y madres para ayudarles a&nbsp;conciliar la vida laboral y familiar. Tienen una duraci\u00f3n de hasta dos horas desde que acaba la jornada escolar de la ma\u00f1ana (<strong>de 14.00 a 16.00 horas<\/strong>).<\/p>\n<p>Empresa encargada de la gesti\u00f3n del comedor para este curso: <strong>Catering hermanos Gonzalez<\/strong><\/p>\n<p>&nbsp;<\/p>\n<p><a href=\"https:\/\/colectividadeshgonzalez.com\/\"><img loading=\"lazy\" decoding=\"async\" class=\"alignnone size-full wp-image-3552\" src=\"https:\/\/blogsaverroes.juntadeandalucia.es\/ceipmanuelcastroorellana\/files\/2024\/09\/Captura-de-pantalla-2024-09-18-a-las-22.01.02.png\" alt=\"\" width=\"558\" height=\"160\" srcset=\"https:\/\/blogsaverroes.juntadeandalucia.es\/ceipmanuelcastroorellana\/files\/2024\/09\/Captura-de-pantalla-2024-09-18-a-las-22.01.02.png 558w, https:\/\/blogsaverroes.juntadeandalucia.es\/ceipmanuelcastroorellana\/files\/2024\/09\/Captura-de-pantalla-2024-09-18-a-las-22.01.02-300x86.png 300w\" sizes=\"(max-width: 558px) 100vw, 558px\" \/><\/a><\/p>\n<p><a href=\"https:\/\/colectividadeshgonzalez.com\/\"><img loading=\"lazy\" decoding=\"async\" class=\"alignnone size-full wp-image-3553\" src=\"https:\/\/blogsaverroes.juntadeandalucia.es\/ceipmanuelcastroorellana\/files\/2024\/09\/Captura-de-pantalla-2024-09-18-a-las-22.03.03.png\" alt=\"\" width=\"2388\" height=\"1082\" srcset=\"https:\/\/blogsaverroes.juntadeandalucia.es\/ceipmanuelcastroorellana\/files\/2024\/09\/Captura-de-pantalla-2024-09-18-a-las-22.03.03.png 1600w, https:\/\/blogsaverroes.juntadeandalucia.es\/ceipmanuelcastroorellana\/files\/2024\/09\/Captura-de-pantalla-2024-09-18-a-las-22.03.03-300x136.png 300w, https:\/\/blogsaverroes.juntadeandalucia.es\/ceipmanuelcastroorellana\/files\/2024\/09\/Captura-de-pantalla-2024-09-18-a-las-22.03.03-1024x464.png 1024w, https:\/\/blogsaverroes.juntadeandalucia.es\/ceipmanuelcastroorellana\/files\/2024\/09\/Captura-de-pantalla-2024-09-18-a-las-22.03.03-768x348.png 768w, https:\/\/blogsaverroes.juntadeandalucia.es\/ceipmanuelcastroorellana\/files\/2024\/09\/Captura-de-pantalla-2024-09-18-a-las-22.03.03-1536x696.png 1536w, https:\/\/blogsaverroes.juntadeandalucia.es\/ceipmanuelcastroorellana\/files\/2024\/09\/Captura-de-pantalla-2024-09-18-a-las-22.03.03-2048x928.png 2048w, https:\/\/blogsaverroes.juntadeandalucia.es\/ceipmanuelcastroorellana\/files\/2024\/09\/Captura-de-pantalla-2024-09-18-a-las-22.03.03-700x317.png 700w\" sizes=\"(max-width: 2388px) 100vw, 2388px\" \/><\/a><\/p>\n<p><a href=\"https:\/\/comedores.cateringhgonzalez.com\/#\/\"><img loading=\"lazy\" decoding=\"async\" class=\"alignnone size-full wp-image-3554\" src=\"https:\/\/blogsaverroes.juntadeandalucia.es\/ceipmanuelcastroorellana\/files\/2024\/09\/Captura-de-pantalla-2024-09-18-a-las-22.05.23.png\" alt=\"\" width=\"2140\" height=\"606\" srcset=\"https:\/\/blogsaverroes.juntadeandalucia.es\/ceipmanuelcastroorellana\/files\/2024\/09\/Captura-de-pantalla-2024-09-18-a-las-22.05.23.png 1600w, https:\/\/blogsaverroes.juntadeandalucia.es\/ceipmanuelcastroorellana\/files\/2024\/09\/Captura-de-pantalla-2024-09-18-a-las-22.05.23-300x85.png 300w, https:\/\/blogsaverroes.juntadeandalucia.es\/ceipmanuelcastroorellana\/files\/2024\/09\/Captura-de-pantalla-2024-09-18-a-las-22.05.23-1024x290.png 1024w, https:\/\/blogsaverroes.juntadeandalucia.es\/ceipmanuelcastroorellana\/files\/2024\/09\/Captura-de-pantalla-2024-09-18-a-las-22.05.23-768x217.png 768w, https:\/\/blogsaverroes.juntadeandalucia.es\/ceipmanuelcastroorellana\/files\/2024\/09\/Captura-de-pantalla-2024-09-18-a-las-22.05.23-1536x435.png 1536w, https:\/\/blogsaverroes.juntadeandalucia.es\/ceipmanuelcastroorellana\/files\/2024\/09\/Captura-de-pantalla-2024-09-18-a-las-22.05.23-2048x580.png 2048w, https:\/\/blogsaverroes.juntadeandalucia.es\/ceipmanuelcastroorellana\/files\/2024\/09\/Captura-de-pantalla-2024-09-18-a-las-22.05.23-700x198.png 700w\" sizes=\"(max-width: 2140px) 100vw, 2140px\" \/><\/a><\/p>\n<p><strong>Este servicio necesita inscripci\u00f3n previa y solicitud de plaza, que se realizar\u00e1 en la secretar\u00eda del centro educativo.<\/strong>&nbsp;<\/p>\n<p>La recogida se realizar\u00e1 desde las 15:00 a 15:15 o 15:45-16:00.<\/p>\n<p><a href=\"https:\/\/drive.google.com\/file\/d\/1y-hkOVmzBNPDS1XkfiozVY7o0l5H9xY1\/view?usp=drive_link\"><img loading=\"lazy\" decoding=\"async\" class=\"alignnone size-full wp-image-3555\" src=\"https:\/\/blogsaverroes.juntadeandalucia.es\/ceipmanuelcastroorellana\/files\/2024\/09\/Captura-de-pantalla-2024-09-18-a-las-22.08.54.png\" alt=\"\" width=\"470\" height=\"1330\" srcset=\"https:\/\/blogsaverroes.juntadeandalucia.es\/ceipmanuelcastroorellana\/files\/2024\/09\/Captura-de-pantalla-2024-09-18-a-las-22.08.54.png 470w, https:\/\/blogsaverroes.juntadeandalucia.es\/ceipmanuelcastroorellana\/files\/2024\/09\/Captura-de-pantalla-2024-09-18-a-las-22.08.54-106x300.png 106w, https:\/\/blogsaverroes.juntadeandalucia.es\/ceipmanuelcastroorellana\/files\/2024\/09\/Captura-de-pantalla-2024-09-18-a-las-22.08.54-362x1024.png 362w\" sizes=\"(max-width: 470px) 100vw, 470px\" \/><\/a><\/p>\n<p>____________________________________________________________________________________________________________________________________________________________________________________________<\/p>\n<h2><strong>MEN\u00da ESCOLAR&nbsp;<\/strong><\/h2>\n<p>En el canal de telegram de nuestro Centro publicamos mensualmente el men\u00fa mensual que nos manda la empresa encargada del servicio.<\/p>\n<p>Adem\u00e1s pueden consultarlo en la siguiente direcci\u00f3n:<\/p>\n<p><a href=\"http:\/\/www.cateringhgonzalez.com\/consultatumenu\">http:\/\/www.cateringhgonzalez.com\/consultatumenu<\/a><\/p>\n<p style=\"font-weight: 400\"><strong>Deben escribir las siguientes claves de acceso:<\/strong><\/p>\n<p style=\"font-weight: 400\"><strong>USUARIO:&nbsp;<\/strong><strong>hgonzalez399<\/strong><\/p>\n<p style=\"font-weight: 400\"><strong>CONTRASE\u00d1A<\/strong><strong>: colegio<\/strong><\/p>\n<p>____________________________________________________________________________________________________________________________________________________________________________________________<\/p>\n","protected":false},"excerpt":{"rendered":"<p>Comedor escolar Los comedores escolares son un servicio complementario que resulta de gran utilidad a padres y madres para ayudarles a&nbsp;conciliar la vida laboral y familiar. Tienen una duraci\u00f3n de hasta dos horas desde que acaba la jornada escolar de la ma\u00f1ana (de 14.00 a 16.00 horas). Empresa encargada de la gesti\u00f3n del comedor para &hellip; <\/p>\n<p><a class=\"more-link btn\" href=\"https:\/\/blogsaverroes.juntadeandalucia.es\/ceipmanuelcastroorellana\/comedor-escolar\/\">Seguir leyendo<\/a><\/p>\n","protected":false},"author":1,"featured_media":0,"parent":0,"menu_order":0,"comment_status":"closed","ping_status":"open","template":"","meta":{"ngg_post_thumbnail":0,"footnotes":"","_mc_calendar":[]},"aioseo_notices":[],"post_mailing_queue_ids":[],"_links":{"self":[{"href":"https:\/\/blogsaverroes.juntadeandalucia.es\/ceipmanuelcastroorellana\/wp-json\/wp\/v2\/pages\/99"}],"collection":[{"href":"https:\/\/blogsaverroes.juntadeandalucia.es\/ceipmanuelcastroorellana\/wp-json\/wp\/v2\/pages"}],"about":[{"href":"https:\/\/blogsaverroes.juntadeandalucia.es\/ceipmanuelcastroorellana\/wp-json\/wp\/v2\/types\/page"}],"author":[{"embeddable":true,"href":"https:\/\/blogsaverroes.juntadeandalucia.es\/ceipmanuelcastroorellana\/wp-json\/wp\/v2\/users\/1"}],"replies":[{"embeddable":true,"href":"https:\/\/blogsaverroes.juntadeandalucia.es\/ceipmanuelcastroorellana\/wp-json\/wp\/v2\/comments?post=99"}],"version-history":[{"count":14,"href":"https:\/\/blogsaverroes.juntadeandalucia.es\/ceipmanuelcastroorellana\/wp-json\/wp\/v2\/pages\/99\/revisions"}],"predecessor-version":[{"id":3615,"href":"https:\/\/blogsaverroes.juntadeandalucia.es\/ceipmanuelcastroorellana\/wp-json\/wp\/v2\/pages\/99\/revisions\/3615"}],"wp:attachment":[{"href":"https:\/\/blogsaverroes.juntadeandalucia.es\/ceipmanuelcastroorellana\/wp-json\/wp\/v2\/media?parent=99"}],"curies":[{"name":"wp","href":"https:\/\/api.w.org\/{rel}","templated":true}]}}