{"id":198,"date":"2015-03-17T09:55:36","date_gmt":"2015-03-17T09:55:36","guid":{"rendered":"http:\/\/blogsaverroes.juntadeandalucia.es\/pre\/ceip\/?page_id=198"},"modified":"2024-09-19T11:21:21","modified_gmt":"2024-09-19T11:21:21","slug":"que-es-el-ampa","status":"publish","type":"page","link":"https:\/\/blogsaverroes.juntadeandalucia.es\/ceipmanueldefalla\/que-es-el-ampa\/","title":{"rendered":"\u00bfQu\u00e9 es el AMPA?"},"content":{"rendered":"<p style=\"text-align: center\"><a href=\"https:\/\/blogsaverroes.juntadeandalucia.es\/ceipmanueldefalla\/files\/2019\/11\/ampa.jpg\"><img loading=\"lazy\" decoding=\"async\" class=\"alignnone size-medium wp-image-2289\" src=\"https:\/\/blogsaverroes.juntadeandalucia.es\/ceipmanueldefalla\/files\/2019\/11\/ampa-300x139.jpg\" alt=\"\" width=\"300\" height=\"139\" srcset=\"https:\/\/blogsaverroes.juntadeandalucia.es\/ceipmanueldefalla\/files\/2019\/11\/ampa-300x139.jpg 300w, https:\/\/blogsaverroes.juntadeandalucia.es\/ceipmanueldefalla\/files\/2019\/11\/ampa-768x356.jpg 768w, https:\/\/blogsaverroes.juntadeandalucia.es\/ceipmanueldefalla\/files\/2019\/11\/ampa-1024x474.jpg 1024w, https:\/\/blogsaverroes.juntadeandalucia.es\/ceipmanueldefalla\/files\/2019\/11\/ampa-980x450.jpg 980w, https:\/\/blogsaverroes.juntadeandalucia.es\/ceipmanueldefalla\/files\/2019\/11\/ampa-24x11.jpg 24w, https:\/\/blogsaverroes.juntadeandalucia.es\/ceipmanueldefalla\/files\/2019\/11\/ampa-36x17.jpg 36w, https:\/\/blogsaverroes.juntadeandalucia.es\/ceipmanueldefalla\/files\/2019\/11\/ampa-48x22.jpg 48w, https:\/\/blogsaverroes.juntadeandalucia.es\/ceipmanueldefalla\/files\/2019\/11\/ampa.jpg 1177w\" sizes=\"(max-width: 300px) 100vw, 300px\" \/><\/a><\/p>\n<p style=\"text-align: left\">El <strong>AMPA<\/strong> es una asociaci\u00f3n sin \u00e1nimo de lucro que formada por los padres y madres de todo el alumnado del Colegio.<\/p>\n<p>Es un punto de encuentro y de trabajo independiente, abierto y plural.<\/p>\n<p>Desde el AMPA podemos contribuir a la mejora de la calidad de la educaci\u00f3n, la convivencia del centro y de las instalaciones.<\/p>\n<h3>\u00bfPor qu\u00e9 es importante vuestra participaci\u00f3n?<\/h3>\n<p>En el colegio existen espacios de participaci\u00f3n, siendo el AMPA &nbsp;el \u00fanico espacio de participaci\u00f3n aut\u00f3nomo de padres y madres. El AMPA es importante porque:<\/p>\n<ul>\n<li>Somos corresponsables de la educaci\u00f3n que nuestros hijos\/as reciben en el colegio.<\/li>\n<li>Es un espacio para aportar iniciativas y trabajar con la direcci\u00f3n del Centro, sin depender de esta.<\/li>\n<\/ul>\n<p>&nbsp;<\/p>\n<p>&nbsp;<\/p>\n","protected":false},"excerpt":{"rendered":"<p>El AMPA es una asociaci\u00f3n sin \u00e1nimo de lucro que formada por los padres y madres de todo el alumnado del Colegio. Es un punto de encuentro y de trabajo independiente, abierto y plural.&#46;&#46;&#46;<\/p>\n","protected":false},"author":1,"featured_media":0,"parent":0,"menu_order":0,"comment_status":"open","ping_status":"open","template":"","meta":{"ngg_post_thumbnail":0,"footnotes":"","_mc_calendar":[]},"aioseo_notices":[],"_links":{"self":[{"href":"https:\/\/blogsaverroes.juntadeandalucia.es\/ceipmanueldefalla\/wp-json\/wp\/v2\/pages\/198"}],"collection":[{"href":"https:\/\/blogsaverroes.juntadeandalucia.es\/ceipmanueldefalla\/wp-json\/wp\/v2\/pages"}],"about":[{"href":"https:\/\/blogsaverroes.juntadeandalucia.es\/ceipmanueldefalla\/wp-json\/wp\/v2\/types\/page"}],"author":[{"embeddable":true,"href":"https:\/\/blogsaverroes.juntadeandalucia.es\/ceipmanueldefalla\/wp-json\/wp\/v2\/users\/1"}],"replies":[{"embeddable":true,"href":"https:\/\/blogsaverroes.juntadeandalucia.es\/ceipmanueldefalla\/wp-json\/wp\/v2\/comments?post=198"}],"version-history":[{"count":8,"href":"https:\/\/blogsaverroes.juntadeandalucia.es\/ceipmanueldefalla\/wp-json\/wp\/v2\/pages\/198\/revisions"}],"predecessor-version":[{"id":3086,"href":"https:\/\/blogsaverroes.juntadeandalucia.es\/ceipmanueldefalla\/wp-json\/wp\/v2\/pages\/198\/revisions\/3086"}],"wp:attachment":[{"href":"https:\/\/blogsaverroes.juntadeandalucia.es\/ceipmanueldefalla\/wp-json\/wp\/v2\/media?parent=198"}],"curies":[{"name":"wp","href":"https:\/\/api.w.org\/{rel}","templated":true}]}}