{"id":2990,"date":"2022-04-19T16:16:47","date_gmt":"2022-04-19T16:16:47","guid":{"rendered":"https:\/\/blogsaverroes.juntadeandalucia.es\/ceipmanueldefalla\/?page_id=2990"},"modified":"2022-04-19T16:16:47","modified_gmt":"2022-04-19T16:16:47","slug":"programaciones-y-evaluacion","status":"publish","type":"page","link":"https:\/\/blogsaverroes.juntadeandalucia.es\/ceipmanueldefalla\/programaciones-y-evaluacion\/","title":{"rendered":"Programaciones y evaluaci\u00f3n"},"content":{"rendered":"<p><a href=\"https:\/\/blogsaverroes.juntadeandalucia.es\/ceipmanueldefalla\/files\/2022\/04\/SEGUIMIENTO-PROGRAMACI\u00d6NES-CICLO.docx\">SEGUIMIENTO PROGRAMACIONES CICLO<\/a><\/p>\n<p><a href=\"https:\/\/blogsaverroes.juntadeandalucia.es\/ceipmanueldefalla\/files\/2022\/04\/Seguimiento-programaci\u00f3n-EI-5a\u00f1os.pdf\">Seguimiento programaci\u00f3n EI 5 a\u00f1os<\/a><\/p>\n<p><a href=\"https:\/\/blogsaverroes.juntadeandalucia.es\/ceipmanueldefalla\/files\/2022\/04\/Seguimiento-programaci\u00f3n-EI-4a\u00f1os.pdf\">Seguimiento programaci\u00f3n EI 4 a\u00f1os<\/a><\/p>\n<p><a href=\"https:\/\/blogsaverroes.juntadeandalucia.es\/ceipmanueldefalla\/files\/2022\/04\/Seguimiento-programaci\u00f3n-EI-3a\u00f1os.pdf\">Seguimiento programaci\u00f3n EI 3 a\u00f1os<\/a><\/p>\n<p><a href=\"https:\/\/blogsaverroes.juntadeandalucia.es\/ceipmanueldefalla\/files\/2022\/04\/Seguimiento-criterios-de-evaluaci\u00f3n-1er-ciclo_1.pdf\">Seguimiento criterios de evaluaci\u00f3n 1er ciclo_1<\/a><\/p>\n<p><a href=\"https:\/\/blogsaverroes.juntadeandalucia.es\/ceipmanueldefalla\/files\/2022\/04\/Seguimiento-criterios-de-evaluaci\u00f3n-1er-ciclo.pdf\">Seguimiento criterios de evaluaci\u00f3n 1er ciclo<\/a><\/p>\n<p><a href=\"https:\/\/blogsaverroes.juntadeandalucia.es\/ceipmanueldefalla\/files\/2022\/04\/SEGUIMIENTO-CRITERIAL-6\u00ba_en-blanco.pdf\">SEGUIMIENTO CRITERIAL 6\u00ba_en blanco<\/a><\/p>\n<p><a href=\"https:\/\/blogsaverroes.juntadeandalucia.es\/ceipmanueldefalla\/files\/2022\/04\/SEGUIMIENTO-CRITERIAL-5\u00ba_en-blanco.pdf\">SEGUIMIENTO CRITERIAL 5\u00ba_en blanco<\/a><\/p>\n<p><a href=\"https:\/\/blogsaverroes.juntadeandalucia.es\/ceipmanueldefalla\/files\/2022\/04\/SECUENCIACI\u00d3N-POR-\u00c1REAS-DE-CRITERIOS-DE-EVALUACI\u00d3N-DEL-2\u00ba-CICLO.docx\">SECUENCIACI\u00d3N POR \u00c1REAS DE CRITERIOS DE EVALUACI\u00d3N DEL 2\u00ba CICLO<\/a><\/p>\n<p><a href=\"https:\/\/blogsaverroes.juntadeandalucia.es\/ceipmanueldefalla\/files\/2022\/04\/SECUENCIACI\u00d3N-CRITERIOS-DE-EVALUACI\u00d3N-5-A\u00d1OS-1.pdf\">SECUENCIACI\u00d3N CRITERIOS DE EVALUACI\u00d3N 5 A\u00d1OS-1<\/a><\/p>\n<p><a href=\"https:\/\/blogsaverroes.juntadeandalucia.es\/ceipmanueldefalla\/files\/2022\/04\/SECUENCIACION-CRITERIOS-DE-EVALUACI\u00d3N-4-A\u00d1OS-1.pdf\">SECUENCIACION CRITERIOS DE EVALUACI\u00d3N 4 A\u00d1OS-1<\/a><\/p>\n<p><a href=\"https:\/\/blogsaverroes.juntadeandalucia.es\/ceipmanueldefalla\/files\/2022\/04\/SECUENCIACI\u00d3N-CRITERIOS-DE-EVALUACI\u00d3N-3-A\u00d1OS.pdf\">SECUENCIACI\u00d3N CRITERIOS DE EVALUACI\u00d3N 3 A\u00d1OS<\/a><\/p>\n<p><a href=\"https:\/\/blogsaverroes.juntadeandalucia.es\/ceipmanueldefalla\/files\/2022\/04\/ESCALA-DE-ESTIMACI\u00d3N-PARA-LA-EVALUACI\u00d3N-DE-LA-PROGRAMACI\u00d3N-DID\u00c1CTICA-Y-LA-PR\u00c1CTICA-DOCENTE-\u00c1REA.docx\">ESCALA DE ESTIMACI\u00d3N PARA LA EVALUACI\u00d3N DE LA PROGRAMACI\u00d3N DID\u00c1CTICA Y LA PR\u00c1CTICA DOCENTE \u00c1REA<\/a><\/p>\n<p><a href=\"https:\/\/blogsaverroes.juntadeandalucia.es\/ceipmanueldefalla\/files\/2022\/04\/Escala-de-Estimacion-E.-Infantil.docx\">Escala de Estimacion E. Infantil<\/a><\/p>\n","protected":false},"excerpt":{"rendered":"<p>SEGUIMIENTO PROGRAMACIONES CICLO Seguimiento programaci\u00f3n EI 5 a\u00f1os Seguimiento programaci\u00f3n EI 4 a\u00f1os Seguimiento programaci\u00f3n EI 3 a\u00f1os Seguimiento criterios de evaluaci\u00f3n 1er ciclo_1 Seguimiento criterios de evaluaci\u00f3n 1er ciclo SEGUIMIENTO CRITERIAL 6\u00ba_en blanco&#46;&#46;&#46;<\/p>\n","protected":false},"author":7204,"featured_media":0,"parent":0,"menu_order":0,"comment_status":"closed","ping_status":"closed","template":"","meta":{"ngg_post_thumbnail":0,"footnotes":"","_mc_calendar":[]},"aioseo_notices":[],"_links":{"self":[{"href":"https:\/\/blogsaverroes.juntadeandalucia.es\/ceipmanueldefalla\/wp-json\/wp\/v2\/pages\/2990"}],"collection":[{"href":"https:\/\/blogsaverroes.juntadeandalucia.es\/ceipmanueldefalla\/wp-json\/wp\/v2\/pages"}],"about":[{"href":"https:\/\/blogsaverroes.juntadeandalucia.es\/ceipmanueldefalla\/wp-json\/wp\/v2\/types\/page"}],"author":[{"embeddable":true,"href":"https:\/\/blogsaverroes.juntadeandalucia.es\/ceipmanueldefalla\/wp-json\/wp\/v2\/users\/7204"}],"replies":[{"embeddable":true,"href":"https:\/\/blogsaverroes.juntadeandalucia.es\/ceipmanueldefalla\/wp-json\/wp\/v2\/comments?post=2990"}],"version-history":[{"count":1,"href":"https:\/\/blogsaverroes.juntadeandalucia.es\/ceipmanueldefalla\/wp-json\/wp\/v2\/pages\/2990\/revisions"}],"predecessor-version":[{"id":2991,"href":"https:\/\/blogsaverroes.juntadeandalucia.es\/ceipmanueldefalla\/wp-json\/wp\/v2\/pages\/2990\/revisions\/2991"}],"wp:attachment":[{"href":"https:\/\/blogsaverroes.juntadeandalucia.es\/ceipmanueldefalla\/wp-json\/wp\/v2\/media?parent=2990"}],"curies":[{"name":"wp","href":"https:\/\/api.w.org\/{rel}","templated":true}]}}