{"id":44,"date":"2019-11-04T10:42:15","date_gmt":"2019-11-04T10:42:15","guid":{"rendered":"http:\/\/blogsaverroes.juntadeandalucia.es\/pre\/ceip\/?page_id=44"},"modified":"2021-11-12T18:35:41","modified_gmt":"2021-11-12T18:35:41","slug":"planes-y-proyectos","status":"publish","type":"page","link":"https:\/\/blogsaverroes.juntadeandalucia.es\/ceipmanueldefalla\/planes-y-proyectos\/","title":{"rendered":"Planes y Programas"},"content":{"rendered":"<p>En nuestro Centro se llevan actualmente a cabo los siguientes planes y proyectos:<\/p>\n<ul>\n<li>Proyecto Biling\u00fce<\/li>\n<li>Plan de Igualdad<\/li>\n<li>Plan de Autoprotecci\u00f3n<\/li>\n<li><a href=\"https:\/\/blogsaverroes.juntadeandalucia.es\/ceipmanueldefalla\/plan-de-apertura\/\">Plan de Apertura<\/a><\/li>\n<li><a href=\"https:\/\/blogsaverroes.juntadeandalucia.es\/ceipmanueldefalla\/planes-y-proyectos\/huerto-escolar\/\">Huerto Escolar<\/a><\/li>\n<li><a href=\"https:\/\/creciendoensaludmanueldefallaj202122.blogspot.com\/\" target=\"_blank\" rel=\"noopener noreferrer\">Proyecto Creciendo en Salud<\/a><\/li>\n<\/ul>\n<p>&nbsp;<\/p>\n<p style=\"text-align: center\">Para saber m\u00e1s sobre cada uno puedes hacer click encima de cada uno<\/p>\n","protected":false},"excerpt":{"rendered":"<p>En nuestro Centro se llevan actualmente a cabo los siguientes planes y proyectos: Proyecto Biling\u00fce Plan de Igualdad Plan de Autoprotecci\u00f3n Plan de Apertura Huerto Escolar Proyecto Creciendo en Salud &nbsp; Para saber m\u00e1s&#46;&#46;&#46;<\/p>\n","protected":false},"author":1,"featured_media":0,"parent":0,"menu_order":0,"comment_status":"open","ping_status":"closed","template":"","meta":{"ngg_post_thumbnail":0,"footnotes":"","_mc_calendar":[]},"aioseo_notices":[],"_links":{"self":[{"href":"https:\/\/blogsaverroes.juntadeandalucia.es\/ceipmanueldefalla\/wp-json\/wp\/v2\/pages\/44"}],"collection":[{"href":"https:\/\/blogsaverroes.juntadeandalucia.es\/ceipmanueldefalla\/wp-json\/wp\/v2\/pages"}],"about":[{"href":"https:\/\/blogsaverroes.juntadeandalucia.es\/ceipmanueldefalla\/wp-json\/wp\/v2\/types\/page"}],"author":[{"embeddable":true,"href":"https:\/\/blogsaverroes.juntadeandalucia.es\/ceipmanueldefalla\/wp-json\/wp\/v2\/users\/1"}],"replies":[{"embeddable":true,"href":"https:\/\/blogsaverroes.juntadeandalucia.es\/ceipmanueldefalla\/wp-json\/wp\/v2\/comments?post=44"}],"version-history":[{"count":11,"href":"https:\/\/blogsaverroes.juntadeandalucia.es\/ceipmanueldefalla\/wp-json\/wp\/v2\/pages\/44\/revisions"}],"predecessor-version":[{"id":2955,"href":"https:\/\/blogsaverroes.juntadeandalucia.es\/ceipmanueldefalla\/wp-json\/wp\/v2\/pages\/44\/revisions\/2955"}],"wp:attachment":[{"href":"https:\/\/blogsaverroes.juntadeandalucia.es\/ceipmanueldefalla\/wp-json\/wp\/v2\/media?parent=44"}],"curies":[{"name":"wp","href":"https:\/\/api.w.org\/{rel}","templated":true}]}}