{"id":2336,"date":"2025-11-14T12:33:05","date_gmt":"2025-11-14T12:33:05","guid":{"rendered":"https:\/\/blogsaverroes.juntadeandalucia.es\/ceipmanuelmedina\/?page_id=2336"},"modified":"2025-11-14T12:09:14","modified_gmt":"2025-11-14T12:09:14","slug":"e-p-2o-ciclo","status":"publish","type":"page","link":"https:\/\/blogsaverroes.juntadeandalucia.es\/ceipmanuelmedina\/e-p-2o-ciclo\/","title":{"rendered":"E.P. 2\u00ba CICLO"},"content":{"rendered":"<h3 style=\"text-align: center\"><strong><span style=\"color: #ff9900\">EQUIPO DE 2\u00ba CICLO<\/span><\/strong><\/h3>\n<table style=\"width: 100%;border-collapse: collapse;border-color: #e8a83a\" border=\"2\">\n<tbody>\n<tr>\n<td style=\"width: 50%;text-align: center\">\n<h3>3\u00baA<\/h3>\n<\/td>\n<td style=\"width: 50%;text-align: center\">\n<h3>Esther Mu\u00f1iz P\u00e9rez<\/h3>\n<p>(emunper@g.educaand.es)<\/td>\n<\/tr>\n<tr>\n<td style=\"width: 50%;text-align: center\">\n<h3>4\u00baA<\/h3>\n<\/td>\n<td style=\"width: 50%;text-align: center\">\n<h3>Pedro Mart\u00ednez Carrasco<\/h3>\n<h3>(coordinador)<\/h3>\n<p>(pmarcar@g.educaand.es)<\/p>\n<p>&nbsp;<\/td>\n<\/tr>\n<tr>\n<td style=\"width: 50%;text-align: center\">\n<h3>4\u00baB<\/h3>\n<\/td>\n<td style=\"width: 50%;text-align: center\">\n<h3>Ana Mulero Rom\u00e1n<\/h3>\n<h3>(jefa de estudios)<\/h3>\n<p>(amulrom065@g.educaand.es)<\/td>\n<\/tr>\n<\/tbody>\n<\/table>\n<p>&nbsp;<\/p>\n<h3 style=\"text-align: center\"><span style=\"color: #ff9900\"><strong>ESPECIALISTAS ADJUDICADOS AL CICLO<\/strong><\/span><\/h3>\n<table style=\"width: 100%;border-collapse: collapse;border-color: #e8a83a\" border=\"2\">\n<tbody>\n<tr>\n<td style=\"width: 50%;text-align: center\">\n<h3>E.F.<\/h3>\n<\/td>\n<td style=\"width: 50%;text-align: center\">\n<h3>Carlos Villalobos N\u00fa\u00f1ez<\/h3>\n<p>(cvilnun321@g.educaand.es)<\/td>\n<\/tr>\n<\/tbody>\n<\/table>\n<p><a href=\"https:\/\/blogsaverroes.juntadeandalucia.es\/ceipmanuelmedina\/files\/2024\/11\/Captura-de-pantalla-2024-11-25-a-las-21.23.00.png\"><img loading=\"lazy\" decoding=\"async\" class=\"wp-image-3174 aligncenter\" src=\"https:\/\/blogsaverroes.juntadeandalucia.es\/ceipmanuelmedina\/files\/2024\/11\/Captura-de-pantalla-2024-11-25-a-las-21.23.00.png\" alt=\"\" width=\"416\" height=\"304\" srcset=\"https:\/\/blogsaverroes.juntadeandalucia.es\/ceipmanuelmedina\/files\/2024\/11\/Captura-de-pantalla-2024-11-25-a-las-21.23.00.png 712w, https:\/\/blogsaverroes.juntadeandalucia.es\/ceipmanuelmedina\/files\/2024\/11\/Captura-de-pantalla-2024-11-25-a-las-21.23.00-300x219.png 300w\" sizes=\"(max-width: 416px) 100vw, 416px\" \/><\/a><\/p>\n<p>&nbsp;<\/p>\n","protected":false},"excerpt":{"rendered":"<p>EQUIPO DE 2\u00ba CICLO 3\u00baA Esther Mu\u00f1iz P\u00e9rez (emunper@g.educaand.es) 4\u00baA Pedro Mart\u00ednez Carrasco (coordinador) (pmarcar@g.educaand.es) &nbsp; 4\u00baB Ana Mulero Rom\u00e1n (jefa de estudios) (amulrom065@g.educaand.es) &nbsp; ESPECIALISTAS ADJUDICADOS AL CICLO E.F. Carlos Villalobos N\u00fa\u00f1ez (cvilnun321@g.educaand.es)&#46;&#46;&#46;<\/p>\n","protected":false},"author":11819,"featured_media":0,"parent":0,"menu_order":0,"comment_status":"closed","ping_status":"closed","template":"","meta":{"ngg_post_thumbnail":0,"footnotes":"","_mc_calendar":[]},"aioseo_notices":[],"_links":{"self":[{"href":"https:\/\/blogsaverroes.juntadeandalucia.es\/ceipmanuelmedina\/wp-json\/wp\/v2\/pages\/2336"}],"collection":[{"href":"https:\/\/blogsaverroes.juntadeandalucia.es\/ceipmanuelmedina\/wp-json\/wp\/v2\/pages"}],"about":[{"href":"https:\/\/blogsaverroes.juntadeandalucia.es\/ceipmanuelmedina\/wp-json\/wp\/v2\/types\/page"}],"author":[{"embeddable":true,"href":"https:\/\/blogsaverroes.juntadeandalucia.es\/ceipmanuelmedina\/wp-json\/wp\/v2\/users\/11819"}],"replies":[{"embeddable":true,"href":"https:\/\/blogsaverroes.juntadeandalucia.es\/ceipmanuelmedina\/wp-json\/wp\/v2\/comments?post=2336"}],"version-history":[{"count":8,"href":"https:\/\/blogsaverroes.juntadeandalucia.es\/ceipmanuelmedina\/wp-json\/wp\/v2\/pages\/2336\/revisions"}],"predecessor-version":[{"id":3296,"href":"https:\/\/blogsaverroes.juntadeandalucia.es\/ceipmanuelmedina\/wp-json\/wp\/v2\/pages\/2336\/revisions\/3296"}],"wp:attachment":[{"href":"https:\/\/blogsaverroes.juntadeandalucia.es\/ceipmanuelmedina\/wp-json\/wp\/v2\/media?parent=2336"}],"curies":[{"name":"wp","href":"https:\/\/api.w.org\/{rel}","templated":true}]}}