{"id":2340,"date":"2025-11-14T12:49:03","date_gmt":"2025-11-14T12:49:03","guid":{"rendered":"https:\/\/blogsaverroes.juntadeandalucia.es\/ceipmanuelmedina\/?page_id=2340"},"modified":"2025-11-14T12:12:28","modified_gmt":"2025-11-14T12:12:28","slug":"e-p-3o-ciclo","status":"publish","type":"page","link":"https:\/\/blogsaverroes.juntadeandalucia.es\/ceipmanuelmedina\/e-p-3o-ciclo\/","title":{"rendered":"E.P. 3\u00ba CICLO"},"content":{"rendered":"<h3 style=\"text-align: center\"><span style=\"color: #339966\"><strong>EQUIPO DE 3\u00ba CICLO<\/strong><\/span><\/h3>\n<table style=\"width: 100%;border-collapse: collapse;border-color: #0cc95e\" border=\"2\">\n<tbody>\n<tr>\n<td style=\"width: 50%;text-align: center\">\n<h3>5\u00baA<\/h3>\n<\/td>\n<td style=\"width: 50%;text-align: center\"><strong>Javier \u00c1lcazar Aguilar<\/strong><\/p>\n<p>(falcagu955@g.educaand.es)<\/td>\n<\/tr>\n<tr>\n<td style=\"width: 50%;text-align: center\">\n<h3>6\u00baA<\/h3>\n<\/td>\n<td style=\"width: 50%;text-align: center\">\n<h3>Daniel Fern\u00e1ndez Gonz\u00e1lez (coordinador del ciclo y especialista en ingl\u00e9s)<\/h3>\n<p>(dfergon048@g.educaand.es)<\/td>\n<\/tr>\n<tr>\n<td style=\"width: 50%;text-align: center\">\n<h3>6\u00baB<\/h3>\n<\/td>\n<td style=\"width: 50%;text-align: center\">\n<h3>M\u00f3nica Condi\u00f1o Valerio (secretaria y especialista en ingl\u00e9s)<\/h3>\n<p>(mconval160@g.educaand.es)<\/td>\n<\/tr>\n<\/tbody>\n<\/table>\n<p>&nbsp;<\/p>\n<h3 style=\"text-align: center\"><strong><span style=\"color: #339966\">ESPECIALISTAS ADJUCADOS AL CICLO<\/span><\/strong><\/h3>\n<table style=\"width: 100%;border-collapse: collapse;border-color: #0cc95e\" border=\"2\">\n<tbody>\n<tr>\n<td style=\"width: 50%;text-align: center\">\n<h3>ATENCI\u00d3N EDUCATIVA<\/h3>\n<p><strong>EDUCACI\u00d3N EN VALORES C\u00cdVICOS Y \u00c9TICOS<\/strong><\/p>\n<p>&nbsp;<\/p>\n<p><strong>FRANC\u00c9S<\/strong><\/td>\n<td style=\"width: 50%;text-align: center\">\n<h3>Ana Ambrosio P\u00e9rez<\/h3>\n<p>&nbsp;<\/p>\n<p>&nbsp;<\/p>\n<p><strong>Olga L\u00f3pez P\u00e9rez<\/strong><\/td>\n<\/tr>\n<\/tbody>\n<\/table>\n<p><a href=\"https:\/\/blogsaverroes.juntadeandalucia.es\/ceipmanuelmedina\/files\/2024\/11\/Captura-de-pantalla-2024-11-25-a-las-21.30.25.png\"><img loading=\"lazy\" decoding=\"async\" class=\"wp-image-3176 aligncenter\" src=\"https:\/\/blogsaverroes.juntadeandalucia.es\/ceipmanuelmedina\/files\/2024\/11\/Captura-de-pantalla-2024-11-25-a-las-21.30.25.png\" alt=\"\" width=\"397\" height=\"341\" srcset=\"https:\/\/blogsaverroes.juntadeandalucia.es\/ceipmanuelmedina\/files\/2024\/11\/Captura-de-pantalla-2024-11-25-a-las-21.30.25.png 712w, https:\/\/blogsaverroes.juntadeandalucia.es\/ceipmanuelmedina\/files\/2024\/11\/Captura-de-pantalla-2024-11-25-a-las-21.30.25-300x258.png 300w\" sizes=\"(max-width: 397px) 100vw, 397px\" \/><\/a><\/p>\n<p>&nbsp;<\/p>\n","protected":false},"excerpt":{"rendered":"<p>EQUIPO DE 3\u00ba CICLO 5\u00baA Javier \u00c1lcazar Aguilar (falcagu955@g.educaand.es) 6\u00baA Daniel Fern\u00e1ndez Gonz\u00e1lez (coordinador del ciclo y especialista en ingl\u00e9s) (dfergon048@g.educaand.es) 6\u00baB M\u00f3nica Condi\u00f1o Valerio (secretaria y especialista en ingl\u00e9s) (mconval160@g.educaand.es) &nbsp; ESPECIALISTAS ADJUCADOS&#46;&#46;&#46;<\/p>\n","protected":false},"author":11819,"featured_media":0,"parent":0,"menu_order":0,"comment_status":"closed","ping_status":"closed","template":"","meta":{"ngg_post_thumbnail":0,"footnotes":"","_mc_calendar":[]},"aioseo_notices":[],"_links":{"self":[{"href":"https:\/\/blogsaverroes.juntadeandalucia.es\/ceipmanuelmedina\/wp-json\/wp\/v2\/pages\/2340"}],"collection":[{"href":"https:\/\/blogsaverroes.juntadeandalucia.es\/ceipmanuelmedina\/wp-json\/wp\/v2\/pages"}],"about":[{"href":"https:\/\/blogsaverroes.juntadeandalucia.es\/ceipmanuelmedina\/wp-json\/wp\/v2\/types\/page"}],"author":[{"embeddable":true,"href":"https:\/\/blogsaverroes.juntadeandalucia.es\/ceipmanuelmedina\/wp-json\/wp\/v2\/users\/11819"}],"replies":[{"embeddable":true,"href":"https:\/\/blogsaverroes.juntadeandalucia.es\/ceipmanuelmedina\/wp-json\/wp\/v2\/comments?post=2340"}],"version-history":[{"count":7,"href":"https:\/\/blogsaverroes.juntadeandalucia.es\/ceipmanuelmedina\/wp-json\/wp\/v2\/pages\/2340\/revisions"}],"predecessor-version":[{"id":3297,"href":"https:\/\/blogsaverroes.juntadeandalucia.es\/ceipmanuelmedina\/wp-json\/wp\/v2\/pages\/2340\/revisions\/3297"}],"wp:attachment":[{"href":"https:\/\/blogsaverroes.juntadeandalucia.es\/ceipmanuelmedina\/wp-json\/wp\/v2\/media?parent=2340"}],"curies":[{"name":"wp","href":"https:\/\/api.w.org\/{rel}","templated":true}]}}