{"id":2367,"date":"2021-01-24T19:03:46","date_gmt":"2021-01-24T19:03:46","guid":{"rendered":"https:\/\/blogsaverroes.juntadeandalucia.es\/ceipmanuelmedina\/?page_id=2367"},"modified":"2021-01-27T17:39:35","modified_gmt":"2021-01-27T17:39:35","slug":"biblioteca","status":"publish","type":"page","link":"https:\/\/blogsaverroes.juntadeandalucia.es\/ceipmanuelmedina\/biblioteca\/","title":{"rendered":"Biblioteca"},"content":{"rendered":"<h3 style=\"text-align: center\"><span style=\"color: #008080\">NUESTRA BIBLIOTECA<\/span><\/h3>\n<p>La <strong>biblioteca escolar<\/strong> representa un espacio id\u00f3neo para que el ni\u00f1o o la ni\u00f1a descubra el placer de leer, es decir, es el lugar adecuado para que el alumnado ponga en pr\u00e1ctica los distintos perfiles de la lectura: su lado placentero, su labor informativa y su vertiente de aprendizaje.&nbsp;<\/p>\n<p>La misi\u00f3n principal de esta&nbsp;biblioteca&nbsp;es recoger una colecci\u00f3n de libros infantiles pertenecientes a todas las culturas del mundo.<\/p>\n<p>Pretenden dar&nbsp;<b>acceso a todos los ni\u00f1os<\/b>&nbsp;a contenido de su propia cultura y tambi\u00e9n de otras, fomentando as\u00ed la tolerancia y el respeto por la diversidad cultural.<\/p>\n<p><strong>Enlace a nuestra biblioteca:<\/strong><\/p>\n<p><a href=\"https:\/\/bibliotecamanuelmedina.blogspot.com\/\">https:\/\/bibliotecamanuelmedina.blogspot.com\/<\/a><\/p>\n<p>&nbsp;<\/p>\n<p style=\"text-align: center\"><a href=\"https:\/\/blogsaverroes.juntadeandalucia.es\/ceipmanuelmedina\/files\/2021\/01\/biblioteca.jpg\"><img loading=\"lazy\" decoding=\"async\" class=\"alignnone  wp-image-2416\" src=\"https:\/\/blogsaverroes.juntadeandalucia.es\/ceipmanuelmedina\/files\/2021\/01\/biblioteca-300x225.jpg\" alt=\"\" width=\"331\" height=\"248\" srcset=\"https:\/\/blogsaverroes.juntadeandalucia.es\/ceipmanuelmedina\/files\/2021\/01\/biblioteca-300x225.jpg 300w, https:\/\/blogsaverroes.juntadeandalucia.es\/ceipmanuelmedina\/files\/2021\/01\/biblioteca-1024x768.jpg 1024w, https:\/\/blogsaverroes.juntadeandalucia.es\/ceipmanuelmedina\/files\/2021\/01\/biblioteca-768x576.jpg 768w, https:\/\/blogsaverroes.juntadeandalucia.es\/ceipmanuelmedina\/files\/2021\/01\/biblioteca-1536x1152.jpg 1536w, https:\/\/blogsaverroes.juntadeandalucia.es\/ceipmanuelmedina\/files\/2021\/01\/biblioteca-24x18.jpg 24w, https:\/\/blogsaverroes.juntadeandalucia.es\/ceipmanuelmedina\/files\/2021\/01\/biblioteca-36x27.jpg 36w, https:\/\/blogsaverroes.juntadeandalucia.es\/ceipmanuelmedina\/files\/2021\/01\/biblioteca-48x36.jpg 48w, https:\/\/blogsaverroes.juntadeandalucia.es\/ceipmanuelmedina\/files\/2021\/01\/biblioteca.jpg 1600w\" sizes=\"(max-width: 331px) 100vw, 331px\" \/><\/a><\/p>\n","protected":false},"excerpt":{"rendered":"<p>NUESTRA BIBLIOTECA La biblioteca escolar representa un espacio id\u00f3neo para que el ni\u00f1o o la ni\u00f1a descubra el placer de leer, es decir, es el lugar adecuado para que el alumnado ponga en pr\u00e1ctica&#46;&#46;&#46;<\/p>\n","protected":false},"author":11819,"featured_media":0,"parent":0,"menu_order":0,"comment_status":"closed","ping_status":"closed","template":"","meta":{"ngg_post_thumbnail":0,"footnotes":"","_mc_calendar":[]},"aioseo_notices":[],"_links":{"self":[{"href":"https:\/\/blogsaverroes.juntadeandalucia.es\/ceipmanuelmedina\/wp-json\/wp\/v2\/pages\/2367"}],"collection":[{"href":"https:\/\/blogsaverroes.juntadeandalucia.es\/ceipmanuelmedina\/wp-json\/wp\/v2\/pages"}],"about":[{"href":"https:\/\/blogsaverroes.juntadeandalucia.es\/ceipmanuelmedina\/wp-json\/wp\/v2\/types\/page"}],"author":[{"embeddable":true,"href":"https:\/\/blogsaverroes.juntadeandalucia.es\/ceipmanuelmedina\/wp-json\/wp\/v2\/users\/11819"}],"replies":[{"embeddable":true,"href":"https:\/\/blogsaverroes.juntadeandalucia.es\/ceipmanuelmedina\/wp-json\/wp\/v2\/comments?post=2367"}],"version-history":[{"count":3,"href":"https:\/\/blogsaverroes.juntadeandalucia.es\/ceipmanuelmedina\/wp-json\/wp\/v2\/pages\/2367\/revisions"}],"predecessor-version":[{"id":2417,"href":"https:\/\/blogsaverroes.juntadeandalucia.es\/ceipmanuelmedina\/wp-json\/wp\/v2\/pages\/2367\/revisions\/2417"}],"wp:attachment":[{"href":"https:\/\/blogsaverroes.juntadeandalucia.es\/ceipmanuelmedina\/wp-json\/wp\/v2\/media?parent=2367"}],"curies":[{"name":"wp","href":"https:\/\/api.w.org\/{rel}","templated":true}]}}