{"id":2374,"date":"2021-01-25T18:20:42","date_gmt":"2021-01-25T18:20:42","guid":{"rendered":"https:\/\/blogsaverroes.juntadeandalucia.es\/ceipmanuelmedina\/?page_id=2374"},"modified":"2024-11-23T14:46:31","modified_gmt":"2024-11-23T14:46:31","slug":"alumnado","status":"publish","type":"page","link":"https:\/\/blogsaverroes.juntadeandalucia.es\/ceipmanuelmedina\/alumnado\/","title":{"rendered":"ENSE\u00d1ANZAS"},"content":{"rendered":"<h3 style=\"text-align: center\"><span style=\"color: #3366ff\"><strong>RATIO Y N\u00daMERO DE ALUMNOS Y ALUMNAS<\/strong><\/span><\/h3>\n<p style=\"text-align: center\"><span style=\"color: #3366ff\"><strong>CURSO 2024-2025<\/strong><\/span><\/p>\n<p><a href=\"https:\/\/blogsaverroes.juntadeandalucia.es\/ceipmanuelmedina\/files\/2021\/01\/alumnado.jpg\"><img loading=\"lazy\" decoding=\"async\" class=\"size-medium wp-image-2375 aligncenter\" src=\"https:\/\/blogsaverroes.juntadeandalucia.es\/ceipmanuelmedina\/files\/2021\/01\/alumnado-300x119.jpg\" alt=\"\" width=\"300\" height=\"119\" srcset=\"https:\/\/blogsaverroes.juntadeandalucia.es\/ceipmanuelmedina\/files\/2021\/01\/alumnado-300x119.jpg 300w, https:\/\/blogsaverroes.juntadeandalucia.es\/ceipmanuelmedina\/files\/2021\/01\/alumnado-768x305.jpg 768w, https:\/\/blogsaverroes.juntadeandalucia.es\/ceipmanuelmedina\/files\/2021\/01\/alumnado-24x10.jpg 24w, https:\/\/blogsaverroes.juntadeandalucia.es\/ceipmanuelmedina\/files\/2021\/01\/alumnado-36x14.jpg 36w, https:\/\/blogsaverroes.juntadeandalucia.es\/ceipmanuelmedina\/files\/2021\/01\/alumnado-48x19.jpg 48w, https:\/\/blogsaverroes.juntadeandalucia.es\/ceipmanuelmedina\/files\/2021\/01\/alumnado.jpg 900w\" sizes=\"(max-width: 300px) 100vw, 300px\" \/><\/a><\/p>\n<h3><span style=\"color: #30a6d9\">INFANTIL<\/span><\/h3>\n<table style=\"width: 100%;border-collapse: collapse;border-color: #329be6\" border=\"2\">\n<tbody>\n<tr>\n<td style=\"width: 50%;background-color: #59d2eb;text-align: center\">CURSO<\/td>\n<td style=\"width: 50%;text-align: center\">N\u00ba ALUMNOS\/AS<\/td>\n<\/tr>\n<tr>\n<td style=\"width: 50%;background-color: #59d2eb;text-align: center\">3 A\u00d1OS A<\/td>\n<td style=\"width: 50%;text-align: center\">25<\/td>\n<\/tr>\n<tr>\n<td style=\"width: 50%;background-color: #59d2eb;text-align: center\">4 A\u00d1OS A<\/td>\n<td style=\"width: 50%;text-align: center\">16<\/td>\n<\/tr>\n<tr>\n<td style=\"width: 50%;background-color: #59d2eb;text-align: center\">5 A\u00d1OS A<\/td>\n<td style=\"width: 50%;text-align: center\">18<\/td>\n<\/tr>\n<\/tbody>\n<\/table>\n<p>Alumnado de la etapa de infantil = 59<\/p>\n<h3><span style=\"color: #ffcc00\">PRIMARIA<\/span><\/h3>\n<table style=\"height: 240px;width: 100%;border-collapse: collapse;border-color: #050505\" border=\"2\">\n<tbody>\n<tr style=\"height: 24px\">\n<td style=\"width: 50%;background-color: #ebd834;height: 24px;text-align: center\">CURSO<\/td>\n<td style=\"width: 50%;height: 24px;text-align: center\">N\u00ba ALUMNOS\/AS<\/td>\n<\/tr>\n<tr style=\"height: 24px\">\n<td style=\"width: 50%;background-color: #f2ace5;height: 24px;text-align: center\">1\u00baA<\/td>\n<td style=\"width: 50%;height: 24px;text-align: center\">17<\/td>\n<\/tr>\n<tr style=\"height: 24px\">\n<td style=\"width: 50%;background-color: #71ccf0;height: 24px;text-align: center\">1\u00baB<\/td>\n<td style=\"width: 50%;height: 24px;text-align: center\">17<\/td>\n<\/tr>\n<tr style=\"height: 24px\">\n<td style=\"width: 50%;background-color: #71ccf0;height: 24px;text-align: center\">2\u00baA<\/td>\n<td style=\"width: 50%;height: 24px;text-align: center\">24<\/td>\n<\/tr>\n<tr style=\"height: 24px\">\n<td style=\"width: 50%;height: 24px;background-color: #51f096;text-align: center\">3\u00baA<\/td>\n<td style=\"width: 50%;height: 24px;text-align: center\">14<\/td>\n<\/tr>\n<tr style=\"height: 24px\">\n<td style=\"width: 50%;height: 24px;background-color: #51f096;text-align: center\">3\u00baB<\/td>\n<td style=\"width: 50%;height: 24px;text-align: center\">14<\/td>\n<\/tr>\n<tr style=\"height: 24px\">\n<td style=\"width: 50%;height: 24px;background-color: #f5b669;text-align: center\">4\u00baA<\/td>\n<td style=\"width: 50%;height: 24px;text-align: center\">26<\/td>\n<\/tr>\n<tr style=\"height: 24px\">\n<td style=\"width: 50%;height: 24px;background-color: #f5b669;text-align: center\">5\u00baA<\/td>\n<td style=\"width: 50%;height: 24px;text-align: center\">24<\/td>\n<\/tr>\n<tr style=\"height: 24px\">\n<td style=\"width: 50%;height: 24px;background-color: #ed4242;text-align: center\">6\u00baA<\/td>\n<td style=\"width: 50%;height: 24px;text-align: center\">20<\/td>\n<\/tr>\n<tr style=\"height: 24px\">\n<td style=\"width: 50%;height: 24px;background-color: #ed4242;text-align: center\">6\u00baB<\/td>\n<td style=\"width: 50%;height: 24px;text-align: center\">21<\/td>\n<\/tr>\n<\/tbody>\n<\/table>\n<p>Alumnado de la etapa de primaria = 177<\/p>\n<p>&nbsp;<\/p>\n<h3 style=\"text-align: center\"><span style=\"color: #0000ff\">ALUMNADO DEL CEIP. MANUEL MEDINA = 236<\/span><\/h3>\n","protected":false},"excerpt":{"rendered":"<p>RATIO Y N\u00daMERO DE ALUMNOS Y ALUMNAS CURSO 2024-2025 INFANTIL CURSO N\u00ba ALUMNOS\/AS 3 A\u00d1OS A 25 4 A\u00d1OS A 16 5 A\u00d1OS A 18 Alumnado de la etapa de infantil = 59 PRIMARIA&#46;&#46;&#46;<\/p>\n","protected":false},"author":11819,"featured_media":0,"parent":0,"menu_order":0,"comment_status":"closed","ping_status":"closed","template":"","meta":{"ngg_post_thumbnail":0,"footnotes":"","_mc_calendar":[]},"aioseo_notices":[],"_links":{"self":[{"href":"https:\/\/blogsaverroes.juntadeandalucia.es\/ceipmanuelmedina\/wp-json\/wp\/v2\/pages\/2374"}],"collection":[{"href":"https:\/\/blogsaverroes.juntadeandalucia.es\/ceipmanuelmedina\/wp-json\/wp\/v2\/pages"}],"about":[{"href":"https:\/\/blogsaverroes.juntadeandalucia.es\/ceipmanuelmedina\/wp-json\/wp\/v2\/types\/page"}],"author":[{"embeddable":true,"href":"https:\/\/blogsaverroes.juntadeandalucia.es\/ceipmanuelmedina\/wp-json\/wp\/v2\/users\/11819"}],"replies":[{"embeddable":true,"href":"https:\/\/blogsaverroes.juntadeandalucia.es\/ceipmanuelmedina\/wp-json\/wp\/v2\/comments?post=2374"}],"version-history":[{"count":7,"href":"https:\/\/blogsaverroes.juntadeandalucia.es\/ceipmanuelmedina\/wp-json\/wp\/v2\/pages\/2374\/revisions"}],"predecessor-version":[{"id":3119,"href":"https:\/\/blogsaverroes.juntadeandalucia.es\/ceipmanuelmedina\/wp-json\/wp\/v2\/pages\/2374\/revisions\/3119"}],"wp:attachment":[{"href":"https:\/\/blogsaverroes.juntadeandalucia.es\/ceipmanuelmedina\/wp-json\/wp\/v2\/media?parent=2374"}],"curies":[{"name":"wp","href":"https:\/\/api.w.org\/{rel}","templated":true}]}}