{"id":2393,"date":"2021-01-25T19:24:54","date_gmt":"2021-01-25T19:24:54","guid":{"rendered":"https:\/\/blogsaverroes.juntadeandalucia.es\/ceipmanuelmedina\/?page_id=2393"},"modified":"2024-11-25T19:59:06","modified_gmt":"2024-11-25T19:59:06","slug":"equipo-directivo","status":"publish","type":"page","link":"https:\/\/blogsaverroes.juntadeandalucia.es\/ceipmanuelmedina\/equipo-directivo\/","title":{"rendered":"Equipo directivo"},"content":{"rendered":"<h3 style=\"text-align: center\"><span style=\"color: #ff6600\"><strong>EQUIPO DIRECTIVO<\/strong><\/span><\/h3>\n<table style=\"width: 100%;border-collapse: collapse;border-color: #f26202\" border=\"2\">\n<tbody>\n<tr>\n<td style=\"width: 50%;background-color: #f7d94f\">\n<h3>DIRECTORA<\/h3>\n<\/td>\n<td style=\"width: 50%\">\n<h3>Ana Ambrosio P\u00e9rez<\/h3>\n<\/td>\n<\/tr>\n<tr>\n<td style=\"width: 50%;background-color: #f7d94f\">\n<h3>JEFA DE ESTUDIOS<\/h3>\n<\/td>\n<td style=\"width: 50%\">\n<h3>Ana Mulero Rom\u00e1n<\/h3>\n<\/td>\n<\/tr>\n<tr>\n<td style=\"width: 50%;background-color: #f7d94f\">\n<h3>SECRETARIA<\/h3>\n<\/td>\n<td style=\"width: 50%\">\n<h3>M\u00f3nica Condi\u00f1o Valerio<\/h3>\n<\/td>\n<\/tr>\n<\/tbody>\n<\/table>\n<p><a href=\"https:\/\/blogsaverroes.juntadeandalucia.es\/ceipmanuelmedina\/files\/2024\/11\/IMG_3740.jpg\"><img loading=\"lazy\" decoding=\"async\" class=\"wp-image-3168 aligncenter\" src=\"https:\/\/blogsaverroes.juntadeandalucia.es\/ceipmanuelmedina\/files\/2024\/11\/IMG_3740.jpg\" alt=\"\" width=\"280\" height=\"388\" srcset=\"https:\/\/blogsaverroes.juntadeandalucia.es\/ceipmanuelmedina\/files\/2024\/11\/IMG_3740.jpg 1163w, https:\/\/blogsaverroes.juntadeandalucia.es\/ceipmanuelmedina\/files\/2024\/11\/IMG_3740-216x300.jpg 216w, https:\/\/blogsaverroes.juntadeandalucia.es\/ceipmanuelmedina\/files\/2024\/11\/IMG_3740-738x1024.jpg 738w, https:\/\/blogsaverroes.juntadeandalucia.es\/ceipmanuelmedina\/files\/2024\/11\/IMG_3740-768x1065.jpg 768w, https:\/\/blogsaverroes.juntadeandalucia.es\/ceipmanuelmedina\/files\/2024\/11\/IMG_3740-1107x1536.jpg 1107w\" sizes=\"(max-width: 280px) 100vw, 280px\" \/><\/a>&nbsp; &nbsp; &nbsp; &nbsp; &nbsp;<\/p>\n","protected":false},"excerpt":{"rendered":"<p>EQUIPO DIRECTIVO DIRECTORA Ana Ambrosio P\u00e9rez JEFA DE ESTUDIOS Ana Mulero Rom\u00e1n SECRETARIA M\u00f3nica Condi\u00f1o Valerio &nbsp; &nbsp; &nbsp; &nbsp; &nbsp;<\/p>\n","protected":false},"author":11819,"featured_media":0,"parent":0,"menu_order":0,"comment_status":"closed","ping_status":"closed","template":"","meta":{"ngg_post_thumbnail":0,"footnotes":"","_mc_calendar":[]},"aioseo_notices":[],"_links":{"self":[{"href":"https:\/\/blogsaverroes.juntadeandalucia.es\/ceipmanuelmedina\/wp-json\/wp\/v2\/pages\/2393"}],"collection":[{"href":"https:\/\/blogsaverroes.juntadeandalucia.es\/ceipmanuelmedina\/wp-json\/wp\/v2\/pages"}],"about":[{"href":"https:\/\/blogsaverroes.juntadeandalucia.es\/ceipmanuelmedina\/wp-json\/wp\/v2\/types\/page"}],"author":[{"embeddable":true,"href":"https:\/\/blogsaverroes.juntadeandalucia.es\/ceipmanuelmedina\/wp-json\/wp\/v2\/users\/11819"}],"replies":[{"embeddable":true,"href":"https:\/\/blogsaverroes.juntadeandalucia.es\/ceipmanuelmedina\/wp-json\/wp\/v2\/comments?post=2393"}],"version-history":[{"count":3,"href":"https:\/\/blogsaverroes.juntadeandalucia.es\/ceipmanuelmedina\/wp-json\/wp\/v2\/pages\/2393\/revisions"}],"predecessor-version":[{"id":3169,"href":"https:\/\/blogsaverroes.juntadeandalucia.es\/ceipmanuelmedina\/wp-json\/wp\/v2\/pages\/2393\/revisions\/3169"}],"wp:attachment":[{"href":"https:\/\/blogsaverroes.juntadeandalucia.es\/ceipmanuelmedina\/wp-json\/wp\/v2\/media?parent=2393"}],"curies":[{"name":"wp","href":"https:\/\/api.w.org\/{rel}","templated":true}]}}