{"id":2922,"date":"2022-02-07T18:04:17","date_gmt":"2022-02-07T18:04:17","guid":{"rendered":"https:\/\/blogsaverroes.juntadeandalucia.es\/ceipmanuelmedina\/?page_id=2922"},"modified":"2022-02-07T20:29:18","modified_gmt":"2022-02-07T20:29:18","slug":"libros-violetas","status":"publish","type":"page","link":"https:\/\/blogsaverroes.juntadeandalucia.es\/ceipmanuelmedina\/libros-violetas\/","title":{"rendered":"Libros Violetas"},"content":{"rendered":"<h3 style=\"text-align: center\"><span style=\"color: #993366\">Libros Violetas<\/span><\/h3>\n<p><a href=\"https:\/\/www.google.com\/url?sa=t&amp;source=web&amp;rct=j&amp;url=https:\/\/books.google.com\/books\/about\/Supermujeres_superinventoras.html%3Fid%3DiJVlDwAAQBAJ%26printsec%3Dfrontcover%26source%3Dkp_read_button%26hl%3Des&amp;ved=2ahUKEwiN9smf4dT1AhUJlBQKHXKeD3IQzo4CKAF6BAgHEAg&amp;usg=AOvVaw2sv8BvGdOO9jJnVvY4DtNV\">https:\/\/www.google.com\/url?sa=t&amp;source=web&amp;rct=j&amp;url=https:\/\/books.google.com\/books\/about\/Supermujeres_superinventoras.html%3Fid%3DiJVlDwAAQBAJ%26printsec%3Dfrontcover%26source%3Dkp_read_button%26hl%3Des&amp;ved=2ahUKEwiN9smf4dT1AhUJlBQKHXKeD3IQzo4CKAF6BAgHEAg&amp;usg=AOvVaw2sv8BvGdOO9jJnVvY4DtNV<\/a><\/p>\n<p><a href=\"https:\/\/blogsaverroes.juntadeandalucia.es\/ceipmanuelmedina\/files\/2022\/02\/Biblioteca-de-la-Igualdad-2.pdf\">Biblioteca de la Igualdad 2<\/a><\/p>\n<p><a href=\"https:\/\/blogsaverroes.juntadeandalucia.es\/ceipmanuelmedina\/files\/2022\/02\/2.-Mi-libreria-de-diversidad.pdf-\u00b7-versio\u0301n-1.pdf\">2. Mi libreria de diversidad.pdf \u00b7 versio\u0301n 1<\/a><\/p>\n<p><a href=\"https:\/\/blogsaverroes.juntadeandalucia.es\/ceipmanuelmedina\/files\/2022\/02\/C\u00f3mic-cient\u00edficas.pdf\">C\u00f3mic cient\u00edficas<\/a><\/p>\n<p><a href=\"https:\/\/blogsaverroes.juntadeandalucia.es\/ceipmanuelmedina\/files\/2022\/02\/Cuentos-de-buenas-noches-para-ni\u00f1as-rebeldes-2-Elena-Favilli.pdf\">Cuentos-de-buenas-noches-para-ni\u00f1as-rebeldes-2-Elena-Favilli<\/a><\/p>\n<p><a href=\"https:\/\/blogsaverroes.juntadeandalucia.es\/ceipmanuelmedina\/files\/2022\/02\/libro-de-ninas-a-leyendas-1-1.pdf\">libro-de-ninas-a-leyendas (1) (1)<\/a><\/p>\n<p><a href=\"https:\/\/blogsaverroes.juntadeandalucia.es\/ceipmanuelmedina\/files\/2022\/02\/Las-chicas-son-de-ciencias.pdf\">Las chicas son de ciencias<\/a><\/p>\n<p><a href=\"https:\/\/blogsaverroes.juntadeandalucia.es\/ceipmanuelmedina\/files\/2022\/02\/Las-chicas-son-guerreras.pdf\">Las chicas son guerreras<\/a><\/p>\n","protected":false},"excerpt":{"rendered":"<p>Libros Violetas https:\/\/www.google.com\/url?sa=t&amp;source=web&amp;rct=j&amp;url=https:\/\/books.google.com\/books\/about\/Supermujeres_superinventoras.html%3Fid%3DiJVlDwAAQBAJ%26printsec%3Dfrontcover%26source%3Dkp_read_button%26hl%3Des&amp;ved=2ahUKEwiN9smf4dT1AhUJlBQKHXKeD3IQzo4CKAF6BAgHEAg&amp;usg=AOvVaw2sv8BvGdOO9jJnVvY4DtNV Biblioteca de la Igualdad 2 2. Mi libreria de diversidad.pdf \u00b7 versio\u0301n 1 C\u00f3mic cient\u00edficas Cuentos-de-buenas-noches-para-ni\u00f1as-rebeldes-2-Elena-Favilli libro-de-ninas-a-leyendas (1) (1) Las chicas son de ciencias Las chicas son guerreras<\/p>\n","protected":false},"author":11819,"featured_media":0,"parent":0,"menu_order":0,"comment_status":"closed","ping_status":"closed","template":"","meta":{"ngg_post_thumbnail":0,"footnotes":"","_mc_calendar":[]},"aioseo_notices":[],"_links":{"self":[{"href":"https:\/\/blogsaverroes.juntadeandalucia.es\/ceipmanuelmedina\/wp-json\/wp\/v2\/pages\/2922"}],"collection":[{"href":"https:\/\/blogsaverroes.juntadeandalucia.es\/ceipmanuelmedina\/wp-json\/wp\/v2\/pages"}],"about":[{"href":"https:\/\/blogsaverroes.juntadeandalucia.es\/ceipmanuelmedina\/wp-json\/wp\/v2\/types\/page"}],"author":[{"embeddable":true,"href":"https:\/\/blogsaverroes.juntadeandalucia.es\/ceipmanuelmedina\/wp-json\/wp\/v2\/users\/11819"}],"replies":[{"embeddable":true,"href":"https:\/\/blogsaverroes.juntadeandalucia.es\/ceipmanuelmedina\/wp-json\/wp\/v2\/comments?post=2922"}],"version-history":[{"count":3,"href":"https:\/\/blogsaverroes.juntadeandalucia.es\/ceipmanuelmedina\/wp-json\/wp\/v2\/pages\/2922\/revisions"}],"predecessor-version":[{"id":2933,"href":"https:\/\/blogsaverroes.juntadeandalucia.es\/ceipmanuelmedina\/wp-json\/wp\/v2\/pages\/2922\/revisions\/2933"}],"wp:attachment":[{"href":"https:\/\/blogsaverroes.juntadeandalucia.es\/ceipmanuelmedina\/wp-json\/wp\/v2\/media?parent=2922"}],"curies":[{"name":"wp","href":"https:\/\/api.w.org\/{rel}","templated":true}]}}