{"id":3087,"date":"2022-04-19T17:17:26","date_gmt":"2022-04-19T17:17:26","guid":{"rendered":"https:\/\/blogsaverroes.juntadeandalucia.es\/ceipmanuelmedina\/?page_id=3087"},"modified":"2024-11-26T20:13:30","modified_gmt":"2024-11-26T20:13:30","slug":"dia-del-libro-23-de-abril","status":"publish","type":"page","link":"https:\/\/blogsaverroes.juntadeandalucia.es\/ceipmanuelmedina\/dia-del-libro-23-de-abril\/","title":{"rendered":"D\u00eda del Libro (23 de abril)"},"content":{"rendered":"<h2 style=\"text-align: center\">COORDINADORA DEL PLAN DE BIBLIOTECA (2024-25):&nbsp;<\/h2>\n<h3 style=\"text-align: center\">EVA DOM\u00cdNGUEZ FALC\u00d3N<\/h3>\n<p>&nbsp;<\/p>\n<p style=\"text-align: center\"><a href=\"https:\/\/blogsaverroes.juntadeandalucia.es\/ceipmanuelmedina\/files\/2022\/04\/d\u00eda-del-libro-web.png\"><img loading=\"lazy\" decoding=\"async\" class=\"alignnone wp-image-3088 size-medium\" src=\"https:\/\/blogsaverroes.juntadeandalucia.es\/ceipmanuelmedina\/files\/2022\/04\/d\u00eda-del-libro-web-300x277.png\" alt=\"\" width=\"300\" height=\"277\" srcset=\"https:\/\/blogsaverroes.juntadeandalucia.es\/ceipmanuelmedina\/files\/2022\/04\/d\u00eda-del-libro-web-300x277.png 300w, https:\/\/blogsaverroes.juntadeandalucia.es\/ceipmanuelmedina\/files\/2022\/04\/d\u00eda-del-libro-web.png 542w\" sizes=\"(max-width: 300px) 100vw, 300px\" \/><\/a><\/p>\n<p>El d\u00eda 23 de abril se celebra el d\u00eda mundial del Libro. Para ello, el profesorado del colegio Manuel Medina ha realizado unas grabaciones leyendo algunas poes\u00edas o cuentos. Tras estas grabaciones, se ha elaborado un v\u00eddeo con todas las poes\u00edas.&nbsp;<\/p>\n<p>La actividad para celebrar dicha efem\u00e9ride consiste en que el alumnado debe escuchar dichas poes\u00edas o cuentos y adivinar el profesor o profesora que est\u00e1 leyendo.&nbsp;<\/p>\n<p>Aqu\u00ed se muestran los dos v\u00eddeo (un v\u00eddeo de una audici\u00f3n de un cuento y otro v\u00eddeo de poes\u00edas):&nbsp;<\/p>\n<p><iframe loading=\"lazy\" title=\"V\u00eddeo del paraguas de M\u00edmulo\" width=\"500\" height=\"281\" src=\"https:\/\/www.youtube.com\/embed\/K4xEdLT8y7s?feature=oembed&#038;wmode=opaque\" frameborder=\"0\" allow=\"accelerometer; autoplay; clipboard-write; encrypted-media; gyroscope; picture-in-picture; web-share\" referrerpolicy=\"strict-origin-when-cross-origin\" allowfullscreen><\/iframe><\/p>\n<p><iframe loading=\"lazy\" title=\"Audio poemas\" width=\"500\" height=\"281\" src=\"https:\/\/www.youtube.com\/embed\/_OoTvUqFJRA?feature=oembed&#038;wmode=opaque\" frameborder=\"0\" allow=\"accelerometer; autoplay; clipboard-write; encrypted-media; gyroscope; picture-in-picture; web-share\" referrerpolicy=\"strict-origin-when-cross-origin\" allowfullscreen><\/iframe><\/p>\n<p><iframe loading=\"lazy\" title=\"Audio poemas 2\" width=\"500\" height=\"281\" src=\"https:\/\/www.youtube.com\/embed\/wmDE8UsFhX0?feature=oembed&#038;wmode=opaque\" frameborder=\"0\" allow=\"accelerometer; autoplay; clipboard-write; encrypted-media; gyroscope; picture-in-picture; web-share\" referrerpolicy=\"strict-origin-when-cross-origin\" allowfullscreen><\/iframe><\/p>\n","protected":false},"excerpt":{"rendered":"<p>COORDINADORA DEL PLAN DE BIBLIOTECA (2024-25):&nbsp; EVA DOM\u00cdNGUEZ FALC\u00d3N &nbsp; El d\u00eda 23 de abril se celebra el d\u00eda mundial del Libro. Para ello, el profesorado del colegio Manuel Medina ha realizado unas grabaciones&#46;&#46;&#46;<\/p>\n","protected":false},"author":11819,"featured_media":0,"parent":0,"menu_order":0,"comment_status":"closed","ping_status":"closed","template":"","meta":{"ngg_post_thumbnail":0,"footnotes":"","_mc_calendar":[]},"aioseo_notices":[],"_links":{"self":[{"href":"https:\/\/blogsaverroes.juntadeandalucia.es\/ceipmanuelmedina\/wp-json\/wp\/v2\/pages\/3087"}],"collection":[{"href":"https:\/\/blogsaverroes.juntadeandalucia.es\/ceipmanuelmedina\/wp-json\/wp\/v2\/pages"}],"about":[{"href":"https:\/\/blogsaverroes.juntadeandalucia.es\/ceipmanuelmedina\/wp-json\/wp\/v2\/types\/page"}],"author":[{"embeddable":true,"href":"https:\/\/blogsaverroes.juntadeandalucia.es\/ceipmanuelmedina\/wp-json\/wp\/v2\/users\/11819"}],"replies":[{"embeddable":true,"href":"https:\/\/blogsaverroes.juntadeandalucia.es\/ceipmanuelmedina\/wp-json\/wp\/v2\/comments?post=3087"}],"version-history":[{"count":4,"href":"https:\/\/blogsaverroes.juntadeandalucia.es\/ceipmanuelmedina\/wp-json\/wp\/v2\/pages\/3087\/revisions"}],"predecessor-version":[{"id":3200,"href":"https:\/\/blogsaverroes.juntadeandalucia.es\/ceipmanuelmedina\/wp-json\/wp\/v2\/pages\/3087\/revisions\/3200"}],"wp:attachment":[{"href":"https:\/\/blogsaverroes.juntadeandalucia.es\/ceipmanuelmedina\/wp-json\/wp\/v2\/media?parent=3087"}],"curies":[{"name":"wp","href":"https:\/\/api.w.org\/{rel}","templated":true}]}}