{"id":2473,"date":"2020-07-20T07:25:16","date_gmt":"2020-07-20T07:25:16","guid":{"rendered":"https:\/\/blogsaverroes.juntadeandalucia.es\/ceipmanuelsiurot\/?page_id=2473"},"modified":"2020-12-14T23:16:46","modified_gmt":"2020-12-14T22:16:46","slug":"programa-de-refuerzo-estival","status":"publish","type":"page","link":"https:\/\/blogsaverroes.juntadeandalucia.es\/ceipmanuelsiurot\/programa-de-refuerzo-estival\/","title":{"rendered":"Programa de Refuerzo Estival"},"content":{"rendered":"<p>Enlace a la web oficial en: <a href=\"https:\/\/www.juntadeandalucia.es\/educacion\/portals\/web\/ced\/programa-de-refuerzo-estival\">https:\/\/www.juntadeandalucia.es\/educacion\/portals\/web\/ced\/programa-de-refuerzo-estival<\/a>.<\/p>\n<p><strong><a href=\"https:\/\/blogsaverroes.juntadeandalucia.es\/ceipmanuelsiurot\/files\/2020\/07\/BOJA-20-528-Programa-Refuerzo-Estival.pdf\">BOJA 20-528 Programa Refuerzo Estival<\/a>.<\/strong><\/p>\n<p>Nuestro programa:<\/p>\n<p><a href=\"https:\/\/blogsaverroes.juntadeandalucia.es\/ceipmanuelsiurot\/files\/2020\/07\/Carta-a-las-familias.pdf\">Carta a las familias<\/a>.<\/p>\n<p><a href=\"https:\/\/blogsaverroes.juntadeandalucia.es\/ceipmanuelsiurot\/files\/2020\/07\/Solicitud-del-Programa-Rerfuerzo-Estival.pdf\">Solicitud del Programa Rerfuerzo Estival<\/a>.<\/p>\n<p><a href=\"https:\/\/blogsaverroes.juntadeandalucia.es\/ceipmanuelsiurot\/files\/2020\/07\/Informaci\u00f3n-del-Programa-CEIP-Manuel-Siurot.pdf\">Informaci\u00f3n del Programa CEIP Manuel Siurot<\/a>.<\/p>\n<p><a href=\"https:\/\/blogsaverroes.juntadeandalucia.es\/ceipmanuelsiurot\/files\/2020\/07\/Horarios-Grupos.pdf\">Horarios grupos<\/a>.<\/p>\n<p><a href=\"https:\/\/blogsaverroes.juntadeandalucia.es\/ceipmanuelsiurot\/files\/2020\/07\/Autorizaci\u00f3n-salida.pdf\">Autorizaci\u00f3n salida<\/a>.<\/p>\n<p><a href=\"https:\/\/blogsaverroes.juntadeandalucia.es\/ceipmanuelsiurot\/files\/2020\/07\/Autorizaci\u00f3n-Cesi\u00f3n-de-Im\u00e1genes.pdf\">Autorizaci\u00f3n cesi\u00f3n de im\u00e1genes<\/a>.<\/p>\n<p><a href=\"https:\/\/blogsaverroes.juntadeandalucia.es\/ceipmanuelsiurot\/files\/2020\/07\/JUSTIFICACION_FALTAS.pdf\">Modelo para justificar faltas de asistencia.<\/a><\/p>\n<p><a href=\"https:\/\/blogsaverroes.juntadeandalucia.es\/ceipmanuelsiurot\/files\/2020\/07\/MODELO_BAJA_ALUMNADO.pdf\">Modelo para dar de baja al alumnado.<\/a><\/p>\n<p><a href=\"https:\/\/blogsaverroes.juntadeandalucia.es\/ceipmanuelsiurot\/files\/2020\/07\/Anexo-III-Carteler\u00eda.pdf\">Anexo III Carteler\u00eda medidas higi\u00e9nicas y sanitarias COVID-19<\/a>.<\/p>\n<p><a href=\"https:\/\/blogsaverroes.juntadeandalucia.es\/ceipmanuelsiurot\/files\/2020\/08\/Memoria-Pedag\u00f3gica-para-el-Programa-de-Refuerzo-Estival-2019_2020..pdf\">Memoria Pedag\u00f3gica para el Programa de Refuerzo Estival 2019-2020.<\/a><\/p>\n<p>&nbsp;<\/p>\n<p>&nbsp;<\/p>\n<p>&nbsp;<\/p>\n<p>&nbsp;<\/p>\n","protected":false},"excerpt":{"rendered":"<p>Enlace a la web oficial en: https:\/\/www.juntadeandalucia.es\/educacion\/portals\/web\/ced\/programa-de-refuerzo-estival. BOJA 20-528 Programa Refuerzo Estival. Nuestro programa: Carta a las familias. Solicitud del Programa Rerfuerzo Estival. Informaci\u00f3n del Programa CEIP Manuel Siurot. Horarios grupos. Autorizaci\u00f3n salida. Autorizaci\u00f3n&#46;&#46;&#46;<\/p>\n","protected":false},"author":5690,"featured_media":0,"parent":0,"menu_order":0,"comment_status":"closed","ping_status":"closed","template":"","meta":{"ngg_post_thumbnail":0,"footnotes":"","_mc_calendar":[]},"aioseo_notices":[],"_links":{"self":[{"href":"https:\/\/blogsaverroes.juntadeandalucia.es\/ceipmanuelsiurot\/wp-json\/wp\/v2\/pages\/2473"}],"collection":[{"href":"https:\/\/blogsaverroes.juntadeandalucia.es\/ceipmanuelsiurot\/wp-json\/wp\/v2\/pages"}],"about":[{"href":"https:\/\/blogsaverroes.juntadeandalucia.es\/ceipmanuelsiurot\/wp-json\/wp\/v2\/types\/page"}],"author":[{"embeddable":true,"href":"https:\/\/blogsaverroes.juntadeandalucia.es\/ceipmanuelsiurot\/wp-json\/wp\/v2\/users\/5690"}],"replies":[{"embeddable":true,"href":"https:\/\/blogsaverroes.juntadeandalucia.es\/ceipmanuelsiurot\/wp-json\/wp\/v2\/comments?post=2473"}],"version-history":[{"count":16,"href":"https:\/\/blogsaverroes.juntadeandalucia.es\/ceipmanuelsiurot\/wp-json\/wp\/v2\/pages\/2473\/revisions"}],"predecessor-version":[{"id":2739,"href":"https:\/\/blogsaverroes.juntadeandalucia.es\/ceipmanuelsiurot\/wp-json\/wp\/v2\/pages\/2473\/revisions\/2739"}],"wp:attachment":[{"href":"https:\/\/blogsaverroes.juntadeandalucia.es\/ceipmanuelsiurot\/wp-json\/wp\/v2\/media?parent=2473"}],"curies":[{"name":"wp","href":"https:\/\/api.w.org\/{rel}","templated":true}]}}