{"id":2623,"date":"2020-08-20T16:00:52","date_gmt":"2020-08-20T16:00:52","guid":{"rendered":"https:\/\/blogsaverroes.juntadeandalucia.es\/ceipmanuelsiurot\/?page_id=2623"},"modified":"2020-08-21T08:19:54","modified_gmt":"2020-08-21T08:19:54","slug":"nuestras-instalaciones","status":"publish","type":"page","link":"https:\/\/blogsaverroes.juntadeandalucia.es\/ceipmanuelsiurot\/nuestras-instalaciones\/","title":{"rendered":"Instalaciones"},"content":{"rendered":"<p style=\"text-align: justify\">El CEIP Manuel Siurot es un edificio muy grande, su fachada desde la calle no representa la majestuosidad interior del mismo, que provoca el asombro de todo visitante.<\/p>\n<p style=\"text-align: justify\">Nuestro centro consta de dos edificios: uno antiguo y otro m\u00e1s nuevo, el edificio principal. Ambos edificios est\u00e1n unidos entre s\u00ed por un pasillo interior en la planta alta, que forma un porche en la zona del recreo.<\/p>\n<p style=\"text-align: justify\">El <strong>edificio principal <\/strong>es una construcci\u00f3n consta de tres plantas y en \u00e9l se desarrolla la mayor\u00eda de la actividad educativa. La planta baja cuenta con nueve aulas de E.Infantil, tres espacios de ciclo, comedor y cocina, servicios del alumnado y profesorado, almac\u00e9n de Secretar\u00eda, Conserjer\u00eda y&nbsp; sala del profesorado y&nbsp; despachos de Secretar\u00eda, Jefatura de Estudios y Direcci\u00f3n. La primera planta cuenta con dieciocho aulas de E.Primaria, aula de apoyo, aula de Audici\u00f3n y Lenguaje, Aula espec\u00edfica, servicios del alumnado y profesorado. La segunda planta cuenta con un gran Sal\u00f3n de Actos y un espacio de ciclo.<\/p>\n<p style=\"text-align: justify\">El <strong>edificio antiguo<\/strong> es una construcci\u00f3n de dos plantas. La planta baja alberga un gimnasio, sala de la AMPA,&nbsp; aula matinal y servicios del alumnado del recreo.&nbsp; En la planta alta se encuentra el aula de Pedagog\u00eda Terap\u00e9utica,&nbsp; aula de M\u00fasica y sala del EOE.<\/p>\n<p style=\"text-align: justify\">Las <strong>instalaciones exteriores <\/strong>la constituyen un porche cubierto y cuatro patios: uno para E.Infantil y tres patios para cada uno de los ciclos de E.Primaria.<\/p>\n<p style=\"text-align: justify\">Al finalizar el curso 2020\/21, se proceder\u00e1 a una <strong>renovaci\u00f3n de las infraestructuras<\/strong> del centro mediante la cual se demoler\u00e1 el edificio antiguo, se crear\u00e1 un gimnasio y servicios en el patio y se proceder\u00e1 a la reparaci\u00f3n de la claraboya y creaci\u00f3n de un espacio SUM (Sal\u00f3n de Usos M\u00faltiples) en la antigua casa del conserje.<\/p>\n<p style=\"text-align: justify\"><a href=\"https:\/\/blogsaverroes.juntadeandalucia.es\/ceipmanuelsiurot\/files\/2020\/08\/plano_Siurot.png\"><img loading=\"lazy\" decoding=\"async\" class=\"alignnone wp-image-2625\" src=\"https:\/\/blogsaverroes.juntadeandalucia.es\/ceipmanuelsiurot\/files\/2020\/08\/plano_Siurot-286x300.png\" alt=\"\" width=\"466\" height=\"490\" srcset=\"https:\/\/blogsaverroes.juntadeandalucia.es\/ceipmanuelsiurot\/files\/2020\/08\/plano_Siurot-286x300.png 286w, https:\/\/blogsaverroes.juntadeandalucia.es\/ceipmanuelsiurot\/files\/2020\/08\/plano_Siurot-24x24.png 24w, https:\/\/blogsaverroes.juntadeandalucia.es\/ceipmanuelsiurot\/files\/2020\/08\/plano_Siurot-34x36.png 34w, https:\/\/blogsaverroes.juntadeandalucia.es\/ceipmanuelsiurot\/files\/2020\/08\/plano_Siurot-46x48.png 46w, https:\/\/blogsaverroes.juntadeandalucia.es\/ceipmanuelsiurot\/files\/2020\/08\/plano_Siurot.png 538w\" sizes=\"(max-width: 466px) 100vw, 466px\" \/><\/a><\/p>\n<p>&nbsp;<\/p>\n","protected":false},"excerpt":{"rendered":"<p>El CEIP Manuel Siurot es un edificio muy grande, su fachada desde la calle no representa la majestuosidad interior del mismo, que provoca el asombro de todo visitante. Nuestro centro consta de dos edificios:&#46;&#46;&#46;<\/p>\n","protected":false},"author":5690,"featured_media":0,"parent":0,"menu_order":0,"comment_status":"closed","ping_status":"closed","template":"","meta":{"ngg_post_thumbnail":0,"footnotes":"","_mc_calendar":[]},"aioseo_notices":[],"_links":{"self":[{"href":"https:\/\/blogsaverroes.juntadeandalucia.es\/ceipmanuelsiurot\/wp-json\/wp\/v2\/pages\/2623"}],"collection":[{"href":"https:\/\/blogsaverroes.juntadeandalucia.es\/ceipmanuelsiurot\/wp-json\/wp\/v2\/pages"}],"about":[{"href":"https:\/\/blogsaverroes.juntadeandalucia.es\/ceipmanuelsiurot\/wp-json\/wp\/v2\/types\/page"}],"author":[{"embeddable":true,"href":"https:\/\/blogsaverroes.juntadeandalucia.es\/ceipmanuelsiurot\/wp-json\/wp\/v2\/users\/5690"}],"replies":[{"embeddable":true,"href":"https:\/\/blogsaverroes.juntadeandalucia.es\/ceipmanuelsiurot\/wp-json\/wp\/v2\/comments?post=2623"}],"version-history":[{"count":6,"href":"https:\/\/blogsaverroes.juntadeandalucia.es\/ceipmanuelsiurot\/wp-json\/wp\/v2\/pages\/2623\/revisions"}],"predecessor-version":[{"id":2641,"href":"https:\/\/blogsaverroes.juntadeandalucia.es\/ceipmanuelsiurot\/wp-json\/wp\/v2\/pages\/2623\/revisions\/2641"}],"wp:attachment":[{"href":"https:\/\/blogsaverroes.juntadeandalucia.es\/ceipmanuelsiurot\/wp-json\/wp\/v2\/media?parent=2623"}],"curies":[{"name":"wp","href":"https:\/\/api.w.org\/{rel}","templated":true}]}}