{"id":2659,"date":"2020-08-27T21:58:42","date_gmt":"2020-08-27T21:58:42","guid":{"rendered":"https:\/\/blogsaverroes.juntadeandalucia.es\/ceipmanuelsiurot\/?page_id=2659"},"modified":"2020-08-28T20:24:10","modified_gmt":"2020-08-28T18:24:10","slug":"libros-alumnado-n-e-e","status":"publish","type":"page","link":"https:\/\/blogsaverroes.juntadeandalucia.es\/ceipmanuelsiurot\/libros-alumnado-n-e-e\/","title":{"rendered":"Libros alumnado N.E.E."},"content":{"rendered":"<p style=\"text-align: justify\">Debido a que el alumnado con necesidades educativas especiales, puede presentar circunstancias muy diversas,&nbsp; se distinguir\u00e1n las posibles situaciones:<strong><em>&nbsp;&nbsp;&nbsp;&nbsp;&nbsp;&nbsp;&nbsp;&nbsp;&nbsp;&nbsp;&nbsp;&nbsp;&nbsp;&nbsp;&nbsp;&nbsp;&nbsp; <\/em><\/strong><\/p>\n<ol>\n<li style=\"text-align: justify\">Alumnado con N.E.E., que utiliza los mismos materiales que el resto del alumnado de su curso: se le entregar\u00e1 el cheque-libro o reposici\u00f3n de los libros recogidos para su reutilizaci\u00f3n, como al resto de su grupo clase.<\/li>\n<li style=\"text-align: justify\">Alumnado con N.E.E. que cursa utiliza materiales curriculares que pertenecen a otros cursos o niveles educativos o material adaptado a las necesidades individuales: se lo comprar\u00e1 o facilitar\u00e1 el centro a propuesta del equipo docente.<\/li>\n<\/ol>\n","protected":false},"excerpt":{"rendered":"<p>Debido a que el alumnado con necesidades educativas especiales, puede presentar circunstancias muy diversas,&nbsp; se distinguir\u00e1n las posibles situaciones:&nbsp;&nbsp;&nbsp;&nbsp;&nbsp;&nbsp;&nbsp;&nbsp;&nbsp;&nbsp;&nbsp;&nbsp;&nbsp;&nbsp;&nbsp;&nbsp;&nbsp; Alumnado con N.E.E., que utiliza los mismos materiales que el resto del alumnado de su&#46;&#46;&#46;<\/p>\n","protected":false},"author":5690,"featured_media":0,"parent":0,"menu_order":0,"comment_status":"closed","ping_status":"closed","template":"","meta":{"ngg_post_thumbnail":0,"footnotes":"","_mc_calendar":[]},"aioseo_notices":[],"_links":{"self":[{"href":"https:\/\/blogsaverroes.juntadeandalucia.es\/ceipmanuelsiurot\/wp-json\/wp\/v2\/pages\/2659"}],"collection":[{"href":"https:\/\/blogsaverroes.juntadeandalucia.es\/ceipmanuelsiurot\/wp-json\/wp\/v2\/pages"}],"about":[{"href":"https:\/\/blogsaverroes.juntadeandalucia.es\/ceipmanuelsiurot\/wp-json\/wp\/v2\/types\/page"}],"author":[{"embeddable":true,"href":"https:\/\/blogsaverroes.juntadeandalucia.es\/ceipmanuelsiurot\/wp-json\/wp\/v2\/users\/5690"}],"replies":[{"embeddable":true,"href":"https:\/\/blogsaverroes.juntadeandalucia.es\/ceipmanuelsiurot\/wp-json\/wp\/v2\/comments?post=2659"}],"version-history":[{"count":3,"href":"https:\/\/blogsaverroes.juntadeandalucia.es\/ceipmanuelsiurot\/wp-json\/wp\/v2\/pages\/2659\/revisions"}],"predecessor-version":[{"id":2672,"href":"https:\/\/blogsaverroes.juntadeandalucia.es\/ceipmanuelsiurot\/wp-json\/wp\/v2\/pages\/2659\/revisions\/2672"}],"wp:attachment":[{"href":"https:\/\/blogsaverroes.juntadeandalucia.es\/ceipmanuelsiurot\/wp-json\/wp\/v2\/media?parent=2659"}],"curies":[{"name":"wp","href":"https:\/\/api.w.org\/{rel}","templated":true}]}}