{"id":2744,"date":"2020-11-09T07:05:54","date_gmt":"2020-11-09T06:05:54","guid":{"rendered":"https:\/\/blogsaverroes.juntadeandalucia.es\/ceipmanuelsiurot\/?page_id=2744"},"modified":"2020-12-21T00:14:49","modified_gmt":"2020-12-20T23:14:49","slug":"impulsa-2","status":"publish","type":"page","link":"https:\/\/blogsaverroes.juntadeandalucia.es\/ceipmanuelsiurot\/impulsa-2\/","title":{"rendered":"Impulsa"},"content":{"rendered":"<p>Estimadas familias.<\/p>\n<p>Les dejamos informaci\u00f3n de inter\u00e9s sobre el Programa Impulsa.<\/p>\n<p><strong>NORMATIVA:<\/strong><\/p>\n<p><a href=\"http:\/\/www.juntadeandalucia.es\/educacion\/portals\/delegate\/content\/71faf8f4-5d7e-459b-90df-437cf1a52f9a\/Resoluci%C3%B3n%20Programa%20IMPULSA\">Resoluci\u00f3n conjunta de 18 de diciembre&nbsp; de 2019 &#8230;www.juntadeandalucia.es \u203a portals \u203a delegate \u203a content<\/a><\/p>\n<p><a href=\"https:\/\/www.juntadeandalucia.es\/educacion\/portals\/delegate\/content\/181335db-ed1f-42eb-8fa9-b3032286e9b9\/Resoluci%C3%B3n%20Impulsa%20Ampliaci%C3%B3n%20Plazos\">Resoluci\u00f3n de 12 de junio 2020<\/a><\/p>\n<p>&nbsp;<\/p>\n<p><strong>DESCARGA DE DOCUMENTOS:<\/strong><\/p>\n<p><a href=\"https:\/\/blogsaverroes.juntadeandalucia.es\/ceipmanuelsiurot\/files\/2020\/11\/Proyecto-Impulsa-CEIP.-Manuel-Siurot-2019-2020.pdf\">Proyecto Impulsa CEIP. Manuel Siurot 2019-2020.<\/a><\/p>\n<p><a href=\"https:\/\/blogsaverroes.juntadeandalucia.es\/ceipmanuelsiurot\/files\/2020\/11\/Redefinici\u00f3n-del-Programa-Impulsa-2019_2020.pdf\">Redefinici\u00f3n del Programa Impulsa 2019_2020.<\/a><\/p>\n<p><a href=\"https:\/\/blogsaverroes.juntadeandalucia.es\/ceipmanuelsiurot\/files\/2020\/11\/Programa-Marcha-N\u00f3rdica-Escuela-Multideporte-Huelva.pdf\">Programa Marcha N\u00f3rdica Escuela Multideporte Huelva.<\/a><\/p>\n<p><a href=\"https:\/\/blogsaverroes.juntadeandalucia.es\/ceipmanuelsiurot\/files\/2020\/11\/Circular-N\u00ba-6.-Programa-Impulsa_-alumnado-de-5\u00ba-E.-Primaria.-Siurot-2020_21..pdf\">Circular N\u00ba 6.- Programa Impulsa_ alumnado de 5\u00ba E. Primaria. Siurot 2020_21.<\/a><\/p>\n<p><a href=\"https:\/\/blogsaverroes.juntadeandalucia.es\/ceipmanuelsiurot\/files\/2020\/11\/Autorizaci\u00f3n-Marcha-N\u00f3rdica-CEIP-Manuel-Siurot.pdf\">Autorizaci\u00f3n Marcha N\u00f3rdica CEIP Manuel Siurot<\/a>.<\/p>\n<p>&nbsp;<\/p>\n<p>Galer\u00eda de fotos Programa Impulsa L\u00ednea III Innovaci\u00f3n \u201cIniciaci\u00f3n a la Marcha N\u00f3rdica<strong>\u201d<\/strong><\/p>\n<p><strong>1 \u00aa sesi\u00f3n: 28&nbsp; y 30 de octubre 2020.<\/strong><\/p>\nngg_shortcode_0_placeholder\n<p>&nbsp;<\/p>\n<p>&nbsp;<\/p>\n<p>&nbsp;<\/p>\n<p>&nbsp;<\/p>\n<p>&nbsp;<\/p>\n<p>&nbsp;<\/p>\n<p>&nbsp;<\/p>\n<p>&nbsp;<\/p>\n<p>&nbsp;<\/p>\n<p>&nbsp;<\/p>\n<p>&nbsp;<\/p>\n<p>&nbsp;<\/p>\n<p>&nbsp;<\/p>\n<p>&nbsp;<\/p>\n<p>&nbsp;<\/p>\n<p>V\u00eddeos de las sesiones del Programa Impulsa<\/p>\n<div style=\"width: 640px;\" class=\"wp-video\"><!--[if lt IE 9]><script>document.createElement('video');<\/script><![endif]-->\n<video class=\"wp-video-shortcode\" id=\"video-2744-1\" width=\"640\" height=\"640\" preload=\"metadata\" controls=\"controls\"><source type=\"video\/mp4\" src=\"https:\/\/blogsaverroes.juntadeandalucia.es\/ceipmanuelsiurot\/files\/2020\/12\/Vi\u0301deo_1.mp4?_=1\" \/><a href=\"https:\/\/blogsaverroes.juntadeandalucia.es\/ceipmanuelsiurot\/files\/2020\/12\/Vi\u0301deo_1.mp4\">https:\/\/blogsaverroes.juntadeandalucia.es\/ceipmanuelsiurot\/files\/2020\/12\/Vi\u0301deo_1.mp4<\/a><\/video><\/div>\n<div style=\"width: 848px;\" class=\"wp-video\"><video class=\"wp-video-shortcode\" id=\"video-2744-2\" width=\"848\" height=\"480\" preload=\"metadata\" controls=\"controls\"><source type=\"video\/mp4\" src=\"https:\/\/blogsaverroes.juntadeandalucia.es\/ceipmanuelsiurot\/files\/2020\/12\/Vi\u0301deo1.mp4?_=2\" \/><a href=\"https:\/\/blogsaverroes.juntadeandalucia.es\/ceipmanuelsiurot\/files\/2020\/12\/Vi\u0301deo1.mp4\">https:\/\/blogsaverroes.juntadeandalucia.es\/ceipmanuelsiurot\/files\/2020\/12\/Vi\u0301deo1.mp4<\/a><\/video><\/div>\n<div style=\"width: 640px;\" class=\"wp-video\"><video class=\"wp-video-shortcode\" id=\"video-2744-3\" width=\"640\" height=\"352\" preload=\"metadata\" controls=\"controls\"><source type=\"video\/mp4\" src=\"https:\/\/blogsaverroes.juntadeandalucia.es\/ceipmanuelsiurot\/files\/2020\/12\/Vi\u0301deo2.mp4?_=3\" \/><a href=\"https:\/\/blogsaverroes.juntadeandalucia.es\/ceipmanuelsiurot\/files\/2020\/12\/Vi\u0301deo2.mp4\">https:\/\/blogsaverroes.juntadeandalucia.es\/ceipmanuelsiurot\/files\/2020\/12\/Vi\u0301deo2.mp4<\/a><\/video><\/div>\n<div style=\"width: 1920px;\" class=\"wp-video\"><video class=\"wp-video-shortcode\" id=\"video-2744-4\" width=\"1920\" height=\"1080\" preload=\"metadata\" controls=\"controls\"><source type=\"video\/mp4\" src=\"https:\/\/blogsaverroes.juntadeandalucia.es\/ceipmanuelsiurot\/files\/2020\/12\/Vi\u0301deo4.mp4?_=4\" \/><a href=\"https:\/\/blogsaverroes.juntadeandalucia.es\/ceipmanuelsiurot\/files\/2020\/12\/Vi\u0301deo4.mp4\">https:\/\/blogsaverroes.juntadeandalucia.es\/ceipmanuelsiurot\/files\/2020\/12\/Vi\u0301deo4.mp4<\/a><\/video><\/div>\n","protected":false},"excerpt":{"rendered":"<p>Estimadas familias. Les dejamos informaci\u00f3n de inter\u00e9s sobre el Programa Impulsa. NORMATIVA: Resoluci\u00f3n conjunta de 18 de diciembre&nbsp; de 2019 &#8230;www.juntadeandalucia.es \u203a portals \u203a delegate \u203a content Resoluci\u00f3n de 12 de junio 2020 &nbsp;&#46;&#46;&#46;<\/p>\n","protected":false},"author":5690,"featured_media":0,"parent":0,"menu_order":0,"comment_status":"closed","ping_status":"closed","template":"","meta":{"ngg_post_thumbnail":0,"footnotes":"","_mc_calendar":[]},"aioseo_notices":[],"_links":{"self":[{"href":"https:\/\/blogsaverroes.juntadeandalucia.es\/ceipmanuelsiurot\/wp-json\/wp\/v2\/pages\/2744"}],"collection":[{"href":"https:\/\/blogsaverroes.juntadeandalucia.es\/ceipmanuelsiurot\/wp-json\/wp\/v2\/pages"}],"about":[{"href":"https:\/\/blogsaverroes.juntadeandalucia.es\/ceipmanuelsiurot\/wp-json\/wp\/v2\/types\/page"}],"author":[{"embeddable":true,"href":"https:\/\/blogsaverroes.juntadeandalucia.es\/ceipmanuelsiurot\/wp-json\/wp\/v2\/users\/5690"}],"replies":[{"embeddable":true,"href":"https:\/\/blogsaverroes.juntadeandalucia.es\/ceipmanuelsiurot\/wp-json\/wp\/v2\/comments?post=2744"}],"version-history":[{"count":13,"href":"https:\/\/blogsaverroes.juntadeandalucia.es\/ceipmanuelsiurot\/wp-json\/wp\/v2\/pages\/2744\/revisions"}],"predecessor-version":[{"id":2784,"href":"https:\/\/blogsaverroes.juntadeandalucia.es\/ceipmanuelsiurot\/wp-json\/wp\/v2\/pages\/2744\/revisions\/2784"}],"wp:attachment":[{"href":"https:\/\/blogsaverroes.juntadeandalucia.es\/ceipmanuelsiurot\/wp-json\/wp\/v2\/media?parent=2744"}],"curies":[{"name":"wp","href":"https:\/\/api.w.org\/{rel}","templated":true}]}}