{"id":35,"date":"2015-03-13T08:21:43","date_gmt":"2015-03-13T08:21:43","guid":{"rendered":"http:\/\/blogsaverroes.juntadeandalucia.es\/pre\/ceip\/?page_id=35"},"modified":"2020-08-21T06:19:13","modified_gmt":"2020-08-21T06:19:13","slug":"el-centro-2","status":"publish","type":"page","link":"https:\/\/blogsaverroes.juntadeandalucia.es\/ceipmanuelsiurot\/el-centro-2\/","title":{"rendered":"Nuestro centro"},"content":{"rendered":"<p style=\"text-align: justify\"><span style=\"font-weight: 400\">El CEIP Manuel Siurot es un Colegio de Educaci\u00f3n Infantil y Primaria <\/span><span style=\"font-weight: 400\">ubicado en el extremo sur de la Barriada de las Colonias, colindando con las Barriadas de la Merced, el Molino de la Vega y la Navidad. La Comandancia de la Guardia Civil de Huelva, la Plaza de Toros de la Merced y el Cabezo de El Conquero flanquean el edificio del centro.<\/span><\/p>\n<p style=\"text-align: justify\"><span style=\"font-weight: 400\">El colegio fue inaugurado en 1957, bajo la denominaci\u00f3n de Grupo Escolar Conmemorativo Manuel Siurot. Acog\u00eda a ni\u00f1os y ni\u00f1as por separado. En un principio cont\u00f3 con un Director y una Directora.&nbsp;<\/span><\/p>\n<p style=\"text-align: justify\"><span style=\"font-weight: 400\">En la d\u00e9cada de los setenta y los ochenta el Manuel Siurot se consolid\u00f3 como un colegio pionero en la ense\u00f1anza de idiomas, en la integraci\u00f3n de alumnado con discapacidad, en la renovaci\u00f3n de m\u00e9todos y pr\u00e1cticas educativas, en la participaci\u00f3n de las familias en la vida del centro y en la promoci\u00f3n de los deportes de equipo, tanto masculinos como femeninos. Ello le convirti\u00f3 en un <\/span><b>referente de la educaci\u00f3n en Huelva.<\/b><\/p>\n<p style=\"text-align: justify\"><a href=\"https:\/\/blogsaverroes.juntadeandalucia.es\/ceipmanuelsiurot\/files\/2020\/08\/imagen_cole_1.png\"><img loading=\"lazy\" decoding=\"async\" class=\" wp-image-2632 aligncenter\" src=\"https:\/\/blogsaverroes.juntadeandalucia.es\/ceipmanuelsiurot\/files\/2020\/08\/imagen_cole_1.png\" alt=\"\" width=\"460\" height=\"292\" srcset=\"https:\/\/blogsaverroes.juntadeandalucia.es\/ceipmanuelsiurot\/files\/2020\/08\/imagen_cole_1.png 274w, https:\/\/blogsaverroes.juntadeandalucia.es\/ceipmanuelsiurot\/files\/2020\/08\/imagen_cole_1-24x15.png 24w, https:\/\/blogsaverroes.juntadeandalucia.es\/ceipmanuelsiurot\/files\/2020\/08\/imagen_cole_1-36x23.png 36w, https:\/\/blogsaverroes.juntadeandalucia.es\/ceipmanuelsiurot\/files\/2020\/08\/imagen_cole_1-48x30.png 48w\" sizes=\"(max-width: 460px) 100vw, 460px\" \/><\/a><\/p>\n<p>&nbsp;<\/p>\n<p style=\"text-align: justify\"><span style=\"font-weight: 400\">En<\/span><span style=\"font-weight: 400\"> la actualidad, el colegio sigue gozando de un prestigio y un reconocimiento social importante, fruto del encomiable trabajo de su equipo docente y de administraci\u00f3n y servicios, y del apoyo que este trabajo encuentra en las familias del alumnado del centro.<\/span><\/p>\n<p style=\"text-align: justify\"><span style=\"font-weight: 400\">El C.E.I.P. Manuel Siurot es un centro de tres l\u00edneas, con 632 alumnos y alumnas, distribuidos en una unidad de Aula espec\u00edfica mixta, ocho unidades de E.Infantil y diecinueve unidades de E. Primaria.&nbsp;<\/span><\/p>\n<p style=\"text-align: justify\"><span style=\"font-weight: 400\">La poblaci\u00f3n que acoge el centro es diversa, ya que su alumnado procede principalmente de la Barriada del Nuevo Molino de la Vega y Las Colonias, a la que se suman cada vez m\u00e1s familias procedentes de la Barriada de la Merced, La Navidad y, en algunos casos, de la zona de Pescader\u00eda del centro de&nbsp; la la ciudad<\/span><span style=\"font-weight: 400\">.<\/span><\/p>\n<p style=\"text-align: justify\"><span style=\"font-weight: 400\">Ni que decir que&nbsp; la integraci\u00f3n de todo el alumnado preside nuestro quehacer diario como elemento enriquecedor.<\/span><\/p>\n<p style=\"text-align: justify\"><span style=\"font-weight: 400\">Para las familias del C.E.I.P Manuel Siurot, la educaci\u00f3n de sus hijos e hijas es un objetivo fundamental en sus vidas, mostrando una&nbsp; gran receptividad,&nbsp; compromiso y participaci\u00f3n ante las demandas que se le plantean desde la escuela.&nbsp;<\/span><\/p>\n<p style=\"text-align: justify\"><span style=\"font-weight: 400\">El C.E.I.P Manuel Siurot&nbsp; pertenece al conjunto de centros de E. Infantil y Primaria de Huelva, de la zona de escolarizaci\u00f3n IV, formada por otro colegio p\u00fablico y centros concertados, con los que mantiene buenas relaciones, coordin\u00e1ndose y participando en Programas intercentros deportivos y de la Red Escuela Espacio de Paz.&nbsp;<\/span><\/p>\n<p style=\"text-align: justify\"><a href=\"https:\/\/blogsaverroes.juntadeandalucia.es\/ceipmanuelsiurot\/files\/2020\/08\/imagen_cole_2-e1597960283802.png\"><img loading=\"lazy\" decoding=\"async\" class=\"aligncenter wp-image-2634 \" src=\"https:\/\/blogsaverroes.juntadeandalucia.es\/ceipmanuelsiurot\/files\/2020\/08\/imagen_cole_2-e1597960283802.png\" alt=\"\" width=\"437\" height=\"314\" srcset=\"https:\/\/blogsaverroes.juntadeandalucia.es\/ceipmanuelsiurot\/files\/2020\/08\/imagen_cole_2-e1597960283802.png 262w, https:\/\/blogsaverroes.juntadeandalucia.es\/ceipmanuelsiurot\/files\/2020\/08\/imagen_cole_2-e1597960283802-24x17.png 24w, https:\/\/blogsaverroes.juntadeandalucia.es\/ceipmanuelsiurot\/files\/2020\/08\/imagen_cole_2-e1597960283802-36x26.png 36w, https:\/\/blogsaverroes.juntadeandalucia.es\/ceipmanuelsiurot\/files\/2020\/08\/imagen_cole_2-e1597960283802-48x34.png 48w\" sizes=\"(max-width: 437px) 100vw, 437px\" \/><\/a><\/p>\n<p style=\"text-align: justify\"><span style=\"font-weight: 400\">Nuestro colegio est\u00e1 adscrito al <a href=\"http:\/\/iesrabida.es\/\">IES La R\u00e1bida de Huelva<\/a><\/span><span style=\"font-weight: 400\">,<\/span><span style=\"font-weight: 400\"> con el se coordina a trav\u00e9s de un Programa de&nbsp; tr\u00e1nsito de E.Primaria a Secundaria y con el que mantiene relaciones fluidas de colaboraci\u00f3n y&nbsp; apoyo en todos aquellos aspectos y acciones que puedan mejorar la calidad de la ense\u00f1anza del alumnado procedente del colegio.<\/span><\/p>\n<p style=\"text-align: justify\"><iframe loading=\"lazy\" src=\"https:\/\/www.google.com\/maps\/embed?pb=!1m18!1m12!1m3!1d3175.1898066242675!2d-6.953364985362602!3d37.26692594898859!2m3!1f0!2f0!3f0!3m2!1i1024!2i768!4f13.1!3m3!1m2!1s0xd11cfd9b218e037%3A0xcb0bb2f7c8ead41a!2sColegio%20P%C3%BAblico%20Manuel%20Siurot!5e0!3m2!1ses!2ses!4v1581599324702!5m2!1ses!2ses\" width=\"600\" height=\"450\" frameborder=\"0\"><\/iframe><\/p>\n<p style=\"text-align: justify\">&nbsp;<\/p>\n<h4 style=\"text-align: justify\"><span style=\"color: #ff00ff\"><strong>Datos de contacto<\/strong><\/span><\/h4>\n<p style=\"text-align: justify\">CEIP MANUEL SIUROT &#8211; HUELVA<\/p>\n<p style=\"text-align: justify\"><strong><span style=\"color: #666699\"><span style=\"color: #808080\">Direcci\u00f3n<\/span>:&nbsp;<\/span><\/strong> C\/ Juan Salvador 8. 21002 Huelva.<\/p>\n<p style=\"text-align: justify\"><span style=\"color: #808080\"><strong>Tel\u00e9fonos: <\/strong><\/span>959 52 48 13 &#8211; 677 90 20 49<\/p>\n<p style=\"text-align: justify\"><strong><span style=\"color: #808080\">Email:<\/span> <a href=\"mailto:21001326.edu@juntadeandalucia.es\">21001326.edu@juntadeandalucia.es<\/a><\/strong><\/p>\n<h4 style=\"text-align: justify\"><span style=\"color: #ff00ff\"><strong>Horarios de Secretar\u00eda<\/strong><\/span><\/h4>\n<p style=\"text-align: justify\"><strong><span style=\"color: #808080\">Lunes a viernes:<\/span> <\/strong>10:00- 10:30 h (Previa cita).<\/p>\n<p style=\"text-align: justify\"><strong><span style=\"color: #808080\">Lunes tarde:<\/span><\/strong> 16:00 -17:00 h (Previa cita).<\/p>\n<h4 style=\"text-align: justify\"><span style=\"color: #ff00ff\"><strong>Oferta educativa<\/strong><\/span><\/h4>\n<p style=\"text-align: justify\">Educaci\u00f3n Infantil y Primaria.<\/p>\n<p style=\"text-align: justify\">Aula Espec\u00edfica mixta.<\/p>\n<p style=\"text-align: justify\">&nbsp;<\/p>\n","protected":false},"excerpt":{"rendered":"<p>El CEIP Manuel Siurot es un Colegio de Educaci\u00f3n Infantil y Primaria ubicado en el extremo sur de la Barriada de las Colonias, colindando con las Barriadas de la Merced, el Molino de la&#46;&#46;&#46;<\/p>\n","protected":false},"author":1,"featured_media":0,"parent":0,"menu_order":0,"comment_status":"closed","ping_status":"open","template":"","meta":{"ngg_post_thumbnail":0,"footnotes":"","_mc_calendar":[]},"aioseo_notices":[],"_links":{"self":[{"href":"https:\/\/blogsaverroes.juntadeandalucia.es\/ceipmanuelsiurot\/wp-json\/wp\/v2\/pages\/35"}],"collection":[{"href":"https:\/\/blogsaverroes.juntadeandalucia.es\/ceipmanuelsiurot\/wp-json\/wp\/v2\/pages"}],"about":[{"href":"https:\/\/blogsaverroes.juntadeandalucia.es\/ceipmanuelsiurot\/wp-json\/wp\/v2\/types\/page"}],"author":[{"embeddable":true,"href":"https:\/\/blogsaverroes.juntadeandalucia.es\/ceipmanuelsiurot\/wp-json\/wp\/v2\/users\/1"}],"replies":[{"embeddable":true,"href":"https:\/\/blogsaverroes.juntadeandalucia.es\/ceipmanuelsiurot\/wp-json\/wp\/v2\/comments?post=35"}],"version-history":[{"count":17,"href":"https:\/\/blogsaverroes.juntadeandalucia.es\/ceipmanuelsiurot\/wp-json\/wp\/v2\/pages\/35\/revisions"}],"predecessor-version":[{"id":2297,"href":"https:\/\/blogsaverroes.juntadeandalucia.es\/ceipmanuelsiurot\/wp-json\/wp\/v2\/pages\/35\/revisions\/2297"}],"wp:attachment":[{"href":"https:\/\/blogsaverroes.juntadeandalucia.es\/ceipmanuelsiurot\/wp-json\/wp\/v2\/media?parent=35"}],"curies":[{"name":"wp","href":"https:\/\/api.w.org\/{rel}","templated":true}]}}