{"id":44,"date":"2015-03-13T08:42:15","date_gmt":"2015-03-13T08:42:15","guid":{"rendered":"http:\/\/blogsaverroes.juntadeandalucia.es\/pre\/ceip\/?page_id=44"},"modified":"2021-03-03T19:26:18","modified_gmt":"2021-03-03T18:26:18","slug":"planes-y-proyectos","status":"publish","type":"page","link":"https:\/\/blogsaverroes.juntadeandalucia.es\/ceipmanuelsiurot\/planes-y-proyectos\/","title":{"rendered":"Planes y Programas"},"content":{"rendered":"<p>Cada centro personaliza y adapta su Proyecto Educativo adhiri\u00e9ndose a diferentes <strong>Planes y Programas<\/strong> promovidos desde la Consejer\u00eda de Educaci\u00f3n, Cultura y Deporte.<\/p>\n<p>Este apartado recoge la descripci\u00f3n, finalidades, actividades, coordinador\/a, etc. de estos Planes y Programas desarrollados por el nuestro. A continuaci\u00f3n se muestran algunos de ellos.<\/p>\n<table style=\"border-collapse: collapse;width: 100%\">\n<tbody>\n<tr>\n<td style=\"width: 50%;text-align: center\">\n<h2><span style=\"color: #003366\"><strong>Permanentes-obligatorios<\/strong><\/span><\/h2>\n<\/td>\n<td style=\"width: 50%\">\n<h2 style=\"text-align: center\"><span style=\"color: #003366\"><strong>Anuales-voluntarios<\/strong><\/span><\/h2>\n<\/td>\n<\/tr>\n<tr>\n<td style=\"width: 50%\">\n<ul>\n<li>Plan de Apoyo a las Familias<\/li>\n<li>Escuela Espacio de Paz<\/li>\n<li>Plan de Igualdad<\/li>\n<li>Proyecto Biling\u00fce<\/li>\n<li>Proyecto Confucio<\/li>\n<li>Biblioteca<\/li>\n<li>Transformaci\u00f3n digital<\/li>\n<li>Plan de Autoprotecci\u00f3n<\/li>\n<li>Programa de Deporte en la Escuela<\/li>\n<\/ul>\n<\/td>\n<td style=\"width: 50%\">\n<ul>\n<li>Escuela Espacio de Paz<\/li>\n<li><a href=\"https:\/\/blogsaverroes.juntadeandalucia.es\/ceipmanuelsiurot\/programa-de-refuerzo-estival\/\"><strong>Plan de Refuerzo Estival<\/strong><\/a><\/li>\n<li><a href=\"https:\/\/blogsaverroes.juntadeandalucia.es\/ceipmanuelsiurot\/impulsa-2\/\"><strong>Programa Impulsa<\/strong><\/a><\/li>\n<li><strong><a href=\"https:\/\/blogsaverroes.juntadeandalucia.es\/ceipmanuelsiurot\/proyecto-profundiza-diversion-verde\/\">Proyecto Profundiza Diversi\u00f3n Verde<\/a><\/strong><\/li>\n<li><strong><a href=\"https:\/\/blogsaverroes.juntadeandalucia.es\/ceipmanuelsiurot\/proyecto-profundiza-teatro-el-corral-del-siurot\/\">Proyecto Profundiza Teatro El Corral del Siurot<\/a><\/strong><\/li>\n<li>Practicum Grado de Maestros<\/li>\n<li>&nbsp;<strong><a href=\"https:\/\/blogsaverroes.juntadeandalucia.es\/ceipmanuelsiurot\/files\/2020\/07\/Pacto-de-Estado-Contra-la-Violencia-de-G\u00e9nero-Educando-en-Igualdad.-CEIP-MANUEL-SIUROT.pdf\">Pacto de Estado Contra la Violencia de G\u00e9nero Educando en Igualdad. CEIP MANUEL SIUROT<\/a><\/strong><\/li>\n<li><strong><a href=\"https:\/\/blogsaverroes.juntadeandalucia.es\/ceipmanuelsiurot\/files\/2020\/02\/PLC1920CEIPMSiurot.pdf\">Proyecto Ling\u00fc\u00edstico de Centro (PLC)<\/a><\/strong><\/li>\n<li><strong><a href=\"https:\/\/blogsaverroes.juntadeandalucia.es\/ceipmanuelsiurot\/files\/2020\/02\/creciendoensaludceipmanuelsiurotmariadelaocarrasco-1.pdf\">Creciendo en Salud<\/a><\/strong><\/li>\n<li><strong><a href=\"https:\/\/blogsaverroes.juntadeandalucia.es\/ceipmanuelsiurot\/files\/2020\/02\/innicia2019-2020.pdf\">Innicia<\/a><\/strong><\/li>\n<li><strong><a href=\"https:\/\/blogsaverroes.juntadeandalucia.es\/ceipmanuelsiurot\/?page_id=2799&amp;preview=true\">Proyecto \u00abLos ni\u00f1os se comen el futuro\u00bb<\/a><\/strong><\/li>\n<\/ul>\n<\/td>\n<\/tr>\n<\/tbody>\n<\/table>\n<p>&nbsp;<\/p>\n<table style=\"width: 100.511%;height: 50px\">\n<tbody>\n<tr>\n<td style=\"width: 41.3445%\" colspan=\"2\"><a href=\"https:\/\/blogsaverroes.juntadeandalucia.es\/ceipmanuelsiurot\/files\/2020\/12\/plan_igualdad1.jpg\"><img loading=\"lazy\" decoding=\"async\" class=\"aligncenter wp-image-2771\" src=\"https:\/\/blogsaverroes.juntadeandalucia.es\/ceipmanuelsiurot\/files\/2020\/12\/plan_igualdad1-300x140.jpg\" alt=\"\" width=\"333\" height=\"155\" srcset=\"https:\/\/blogsaverroes.juntadeandalucia.es\/ceipmanuelsiurot\/files\/2020\/12\/plan_igualdad1-300x140.jpg 300w, https:\/\/blogsaverroes.juntadeandalucia.es\/ceipmanuelsiurot\/files\/2020\/12\/plan_igualdad1-24x11.jpg 24w, https:\/\/blogsaverroes.juntadeandalucia.es\/ceipmanuelsiurot\/files\/2020\/12\/plan_igualdad1-36x17.jpg 36w, https:\/\/blogsaverroes.juntadeandalucia.es\/ceipmanuelsiurot\/files\/2020\/12\/plan_igualdad1-48x22.jpg 48w, https:\/\/blogsaverroes.juntadeandalucia.es\/ceipmanuelsiurot\/files\/2020\/12\/plan_igualdad1.jpg 750w\" sizes=\"(max-width: 333px) 100vw, 333px\" \/><\/a><\/td>\n<\/tr>\n<tr>\n<td style=\"width: 41.3445%\"><a href=\"https:\/\/blogsaverroes.juntadeandalucia.es\/ceipmanuelsiurot\/files\/2020\/07\/Web-banner_logos.jpg\"><img loading=\"lazy\" decoding=\"async\" class=\"size-full wp-image-2471 aligncenter\" src=\"https:\/\/blogsaverroes.juntadeandalucia.es\/ceipmanuelsiurot\/files\/2020\/07\/Web-banner_logos.jpg\" alt=\"\" width=\"170\" height=\"64\" srcset=\"https:\/\/blogsaverroes.juntadeandalucia.es\/ceipmanuelsiurot\/files\/2020\/07\/Web-banner_logos.jpg 170w, https:\/\/blogsaverroes.juntadeandalucia.es\/ceipmanuelsiurot\/files\/2020\/07\/Web-banner_logos-24x9.jpg 24w, https:\/\/blogsaverroes.juntadeandalucia.es\/ceipmanuelsiurot\/files\/2020\/07\/Web-banner_logos-36x14.jpg 36w, https:\/\/blogsaverroes.juntadeandalucia.es\/ceipmanuelsiurot\/files\/2020\/07\/Web-banner_logos-48x18.jpg 48w\" sizes=\"(max-width: 170px) 100vw, 170px\" \/><\/a><\/td>\n<td style=\"width: 109.84%\"><a href=\"https:\/\/www.juntadeandalucia.es\/educacion\/portals\/web\/ced\/programa-de-refuerzo-estival\">Plan de Refuerzo Estival (enlace a la web oficial).<\/a><\/td>\n<\/tr>\n<\/tbody>\n<\/table>\n<p>&nbsp;<\/p>\n","protected":false},"excerpt":{"rendered":"<p>Cada centro personaliza y adapta su Proyecto Educativo adhiri\u00e9ndose a diferentes Planes y Programas promovidos desde la Consejer\u00eda de Educaci\u00f3n, Cultura y Deporte. Este apartado recoge la descripci\u00f3n, finalidades, actividades, coordinador\/a, etc. de estos&#46;&#46;&#46;<\/p>\n","protected":false},"author":1,"featured_media":0,"parent":0,"menu_order":0,"comment_status":"closed","ping_status":"closed","template":"","meta":{"ngg_post_thumbnail":0,"footnotes":"","_mc_calendar":[]},"aioseo_notices":[],"_links":{"self":[{"href":"https:\/\/blogsaverroes.juntadeandalucia.es\/ceipmanuelsiurot\/wp-json\/wp\/v2\/pages\/44"}],"collection":[{"href":"https:\/\/blogsaverroes.juntadeandalucia.es\/ceipmanuelsiurot\/wp-json\/wp\/v2\/pages"}],"about":[{"href":"https:\/\/blogsaverroes.juntadeandalucia.es\/ceipmanuelsiurot\/wp-json\/wp\/v2\/types\/page"}],"author":[{"embeddable":true,"href":"https:\/\/blogsaverroes.juntadeandalucia.es\/ceipmanuelsiurot\/wp-json\/wp\/v2\/users\/1"}],"replies":[{"embeddable":true,"href":"https:\/\/blogsaverroes.juntadeandalucia.es\/ceipmanuelsiurot\/wp-json\/wp\/v2\/comments?post=44"}],"version-history":[{"count":28,"href":"https:\/\/blogsaverroes.juntadeandalucia.es\/ceipmanuelsiurot\/wp-json\/wp\/v2\/pages\/44\/revisions"}],"predecessor-version":[{"id":2801,"href":"https:\/\/blogsaverroes.juntadeandalucia.es\/ceipmanuelsiurot\/wp-json\/wp\/v2\/pages\/44\/revisions\/2801"}],"wp:attachment":[{"href":"https:\/\/blogsaverroes.juntadeandalucia.es\/ceipmanuelsiurot\/wp-json\/wp\/v2\/media?parent=44"}],"curies":[{"name":"wp","href":"https:\/\/api.w.org\/{rel}","templated":true}]}}