{"id":2437,"date":"2022-04-03T10:51:33","date_gmt":"2022-04-03T09:51:33","guid":{"rendered":"https:\/\/blogsaverroes.juntadeandalucia.es\/ceipmariamoreno\/?page_id=2437"},"modified":"2025-05-16T19:22:48","modified_gmt":"2025-05-16T18:22:48","slug":"documentos-del-centro","status":"publish","type":"page","link":"https:\/\/blogsaverroes.juntadeandalucia.es\/ceipmariamoreno\/documentos-del-centro\/","title":{"rendered":"Documentos del centro"},"content":{"rendered":"<p style=\"text-align: left\"><em><strong>&nbsp; &nbsp; &nbsp; &nbsp; A continuaci\u00f3n se ponen a disposici\u00f3n del p\u00fablico los documentos oficiales en los que se detalla y establece el funcionamiento interno de nuestro centro educativo. <\/strong><\/em><\/p>\n<hr \/>\n<h4 style=\"text-align: center\"><span style=\"color: #339966\">PLAN DE <span style=\"color: #00ff00\">REFUERZO<\/span><\/span><\/h4>\n<p><span style=\"font-family: 'comic sans ms', sans-serif\">En este enlace se puede consultar el plan de refuerzo de nuestro centro:&nbsp;<\/span><\/p>\n<p>&nbsp;<\/p>\n<p style=\"text-align: center\"><a title=\"Plan de Recuerzo\" href=\"https:\/\/drive.google.com\/file\/d\/1fNX0eY29PVAsxeXWGCFvxL0kFAvF2H97\/view?usp=sharing\" target=\"_blank\" rel=\"noopener noreferrer\">ENLACE al documento<\/a><\/p>\n<hr \/>\n<h4 style=\"text-align: center\"><span style=\"color: #339966\">PLAN DE <span style=\"color: #00ff00\">DIRECCI\u00d3N<\/span><\/span><\/h4>\n<p><span style=\"font-family: 'comic sans ms', sans-serif\">En este enlace se puede consultar el Plan de Direcci\u00f3n de nuestro centro:&nbsp;<\/span><\/p>\n<p style=\"text-align: center\"><a title=\"Plan de Direcci\u00f3n Mar\u00eda Moreno\" href=\"https:\/\/blogsaverroes.juntadeandalucia.es\/ceipmariamoreno\/ortiz_luque_yolanda_proyecto-de-direccion_ceip-maria-moreno-1\/\">ENLACE al documento<\/a><\/p>\n<hr \/>\n<h4 style=\"text-align: center\"><span style=\"color: #339966\">PROYECTO DE <span style=\"color: #00ff00\">GESTI\u00d3N<\/span><\/span><\/h4>\n<p><span style=\"font-family: 'comic sans ms', sans-serif\">En este enlace se puede consultar el&nbsp; proyecto de gesti\u00f3n de nuestro centro:&nbsp;<\/span><\/p>\n<p style=\"text-align: center\"><a title=\"Proyecto de Gesti\u00f3n\" href=\"https:\/\/drive.google.com\/file\/d\/1rFp28D_REIDooA0D00ZzUTzRC8HsCNqM\/view?usp=sharing\" target=\"_blank\" rel=\"noopener noreferrer\">ENLACE al documento.<\/a><\/p>\n<hr \/>\n<h4 style=\"text-align: center\"><span style=\"color: #339966\">PROYECTO <span style=\"color: #00ff00\">EDUCATIVO<\/span><\/span><\/h4>\n<p><span style=\"font-family: 'comic sans ms', sans-serif\">En este enlace se puede consultar el proyecto educativo de nuestro centro:&nbsp;<\/span><\/p>\n<p style=\"text-align: center\"><a href=\"https:\/\/blogsaverroes.juntadeandalucia.es\/ceipmariamoreno\/files\/2024\/10\/PROYECTO-EDUCATIVO.pdf\" target=\"_blank\" rel=\"noopener\">ENLACE al documento<\/a><\/p>\n<hr \/>\n<h4 style=\"text-align: center\"><span style=\"color: #339966\">PROYECTO DE <span style=\"color: #00ff00\">COMUNIDAD DE APRENDIZAJE<\/span><\/span><\/h4>\n<p>&nbsp;<\/p>\n<p><span style=\"font-family: 'comic sans ms', sans-serif\">&nbsp; &nbsp; &nbsp; &nbsp;En este enlace se puede consultar el Proyecto de Comunidad de Aprendizaje de nuestro centro:&nbsp;<\/span><\/p>\n<p style=\"text-align: center\"><a title=\"Comunidad de Aprendizaje\" href=\"https:\/\/blogsaverroes.juntadeandalucia.es\/ceipmariamoreno\/comunidad-de-aprendizaje-mariposario\/\">ENLACE al documento<\/a><\/p>\n<p style=\"text-align: center\">&nbsp;<\/p>\n<hr \/>\n<h4><em style=\"font-weight: 400\"><strong><img loading=\"lazy\" decoding=\"async\" class=\"alignleft wp-image-2448\" src=\"https:\/\/blogsaverroes.juntadeandalucia.es\/ceipmariamoreno\/files\/2022\/04\/Logo-Patios-300x217.jpg\" alt=\"Patios Din\u00e1micos Los Pedroches\" width=\"180\" height=\"130\"\/><\/strong><\/em><span style=\"color: #339966\"><span style=\"color: #00ff00\"><span style=\"color: #339966\">PROYECTO&nbsp;<\/span>PATIOS DIN\u00c1MICOS<\/span><\/span><\/h4>\n<p>&nbsp; &nbsp; &nbsp;<span style=\"font-family: 'comic sans ms', sans-serif\">Una de las se\u00f1as de identidad de nuestro centro educativo es el proyecto inclusivo de Patios Din\u00e1micos.<\/span><\/p>\n<p><span style=\"font-family: 'comic sans ms', sans-serif\">&nbsp; &nbsp; &nbsp;Somos centro acreditado de Buenas Pr\u00e1cticas en el Programa Patios y Parques din\u00e1micos. La puesta en marcha del recreo inclusivo es fundamental para nosotros cada curso.<\/span><\/p>\n<p><span style=\"font-family: 'comic sans ms', sans-serif\">En este enlace se puede consultar el proyecto de patios din\u00e1micos de nuestro centro:&nbsp;<\/span><\/p>\n<p style=\"text-align: center\"><a title=\"Programa Patios Din\u00e1micos\" href=\"https:\/\/drive.google.com\/file\/d\/1Ej9hCf6y7wxnsQF2udId_LL9NpSBoUeO\/view?usp=sharing\" target=\"_blank\" rel=\"noopener noreferrer\">ENLACE al documento<\/a><\/p>\n<hr \/>\n<h4><em><strong><img loading=\"lazy\" decoding=\"async\" class=\"wp-image-2446 alignleft\" src=\"https:\/\/blogsaverroes.juntadeandalucia.es\/ceipmariamoreno\/files\/2022\/04\/AgenteTutor_Logo-300x295.jpg\" alt=\"\" width=\"167\" height=\"164\" srcset=\"https:\/\/blogsaverroes.juntadeandalucia.es\/ceipmariamoreno\/files\/2022\/04\/AgenteTutor_Logo-300x295.jpg 300w, https:\/\/blogsaverroes.juntadeandalucia.es\/ceipmariamoreno\/files\/2022\/04\/AgenteTutor_Logo.jpg 594w\" sizes=\"(max-width: 167px) 100vw, 167px\" \/><\/strong><\/em><span style=\"color: #339966\"> PROGRAMA <span style=\"color: #00ff00\">AGENTE TUTOR<\/span><\/span><\/h4>\n<p><span style=\"font-family: 'comic sans ms', sans-serif\">&nbsp; &nbsp; &nbsp;El programa Agente-tutor constituye un pilar muy importante dentro de nuestro Plan de Convivencia. Se lleva a cabo en colaboraci\u00f3n con la Polic\u00eda Local de Villanueva de C\u00f3rdoba.<\/span><\/p>\n<p><span style=\"font-family: 'comic sans ms', sans-serif\">En este enlace se puede consultar el programa de agente tutor de nuestro centro:&nbsp;<\/span><\/p>\n<p style=\"text-align: center\"><a title=\"Programa de Agente Tutor\" href=\"https:\/\/drive.google.com\/file\/d\/1Tw86_JN3WZY7err51uIkKeuufLDXVG9J\/view?usp=sharing\" target=\"_blank\" rel=\"noopener noreferrer\">ENLACE al documento<\/a><\/p>\n<hr \/>\n<p><img loading=\"lazy\" decoding=\"async\" class=\"alignleft wp-image-4472\" src=\"https:\/\/blogsaverroes.juntadeandalucia.es\/ceipmariamoreno\/files\/2024\/10\/Captura-de-pantalla-2024-10-11-a-las-19.45.23.png\" alt=\"\" width=\"226\" height=\"130\" srcset=\"https:\/\/blogsaverroes.juntadeandalucia.es\/ceipmariamoreno\/files\/2024\/10\/Captura-de-pantalla-2024-10-11-a-las-19.45.23.png 1018w, https:\/\/blogsaverroes.juntadeandalucia.es\/ceipmariamoreno\/files\/2024\/10\/Captura-de-pantalla-2024-10-11-a-las-19.45.23-300x173.png 300w, https:\/\/blogsaverroes.juntadeandalucia.es\/ceipmariamoreno\/files\/2024\/10\/Captura-de-pantalla-2024-10-11-a-las-19.45.23-768x442.png 768w\" sizes=\"(max-width: 226px) 100vw, 226px\" \/><\/p>\n<p>&nbsp;<\/p>\n<p style=\"text-align: left\"><span style=\"color: #339966\">PLAN DE <span style=\"color: #00ff00\">CONVIVENCIA<\/span><\/span><\/p>\n<p style=\"text-align: left\"><span style=\"font-family: 'comic sans ms', sans-serif\">&nbsp;En este enlace se puede consultar el plan de convivencia de nuestro centro:&nbsp;<\/span><\/p>\n<p style=\"text-align: center\"><a href=\"https:\/\/blogsaverroes.juntadeandalucia.es\/ceipmariamoreno\/files\/2024\/10\/PLAN-DE-CONVIVENCIA-CEIP-MARIA-MORENO.pdf\" target=\"_blank\" rel=\"noopener\">ENLACE al documento<\/a><\/p>\n<p>&nbsp;<\/p>\n<hr \/>\n<h4><img loading=\"lazy\" decoding=\"async\" class=\" wp-image-2450 alignleft\" src=\"https:\/\/blogsaverroes.juntadeandalucia.es\/ceipmariamoreno\/files\/2022\/04\/ROF-300x257.png\" alt=\"\" width=\"197\" height=\"168\" srcset=\"https:\/\/blogsaverroes.juntadeandalucia.es\/ceipmariamoreno\/files\/2022\/04\/ROF-300x257.png 300w, https:\/\/blogsaverroes.juntadeandalucia.es\/ceipmariamoreno\/files\/2022\/04\/ROF.png 320w\" sizes=\"(max-width: 197px) 100vw, 197px\" \/><span style=\"color: #339966\">REGLAMENTO DE ORGANIZACI\u00d3N DEL CENTRO&nbsp; &nbsp; <span style=\"color: #00ff00\">(R.O.F.)<\/span><\/span><\/h4>\n<p><span style=\"font-family: 'comic sans ms', sans-serif\">Informamos a la Comunidad educativa que nuestro centro dispone de un Reglamento de Organizaci\u00f3n y funcionamiento (R.O.F.) actualizado, que ha sido modificado casi en su totalidad y aprobadas sus modificaciones por el CONSEJO ESCOLAR el pasado 26 de octubre de 2020.<\/span><\/p>\n<p><span style=\"font-family: 'comic sans ms', sans-serif\">En este enlace se puede consultar el plan de refuerzo de nuestro centro:&nbsp;<\/span><\/p>\n<p style=\"text-align: center\"><a title=\"Plan de Recuerzo\" href=\"https:\/\/drive.google.com\/file\/d\/192w9aj04lpgZ1I5WpiN74BofRr_y0xIU\/view?usp=sharing\" target=\"_blank\" rel=\"noopener noreferrer\">ENLACE al documento<\/a><\/p>\n<p>&nbsp;<\/p>\n<hr \/>\n<h4 style=\"text-align: center\"><span style=\"color: #339966\">ECOESCUELA. <span style=\"color: #00ff00\">PROYECTO DE TRANSFORMACI\u00d3N MEDIOAMBIENTAL<\/span><\/span><\/h4>\n<p><span style=\"font-family: 'comic sans ms', sans-serif\">En este enlace se puede consultar el Proyecto de Transformaci\u00f3n Medioambiental de nuestro centro:&nbsp;<\/span><\/p>\n<p style=\"text-align: center\"><a href=\"https:\/\/blogsaverroes.juntadeandalucia.es\/ceipmariamoreno\/proyecto-de-transformacion-medioambiental-ceip-maria-moreno\/\">ENLACE al documento<\/a><\/p>\n<hr \/>\n<h4 style=\"text-align: center\"><span style=\"color: #339966\">PROYECTO<span style=\"color: #00ff00\"> AULAS VERDES ABIERTAS<\/span><\/span><\/h4>\n<p><span style=\"font-family: 'comic sans ms', sans-serif\">En este enlace se puede consultar el proyecto Aulas Verdes Abiertas de nuestro centro:&nbsp;<\/span><\/p>\n<p style=\"text-align: center\"><a href=\"https:\/\/blogsaverroes.juntadeandalucia.es\/ceipmariamoreno\/proyecto-aulas-verdes-abiertas-ceip-maria-moreno\/\">ENLACE al documento<\/a><\/p>\n<hr \/>\n<h4><span style=\"color: #339966\"><img loading=\"lazy\" decoding=\"async\" class=\"size-medium wp-image-2451 alignleft\" src=\"https:\/\/blogsaverroes.juntadeandalucia.es\/ceipmariamoreno\/files\/2022\/04\/COVID-217x300.png\" alt=\"\" width=\"217\" height=\"300\" srcset=\"https:\/\/blogsaverroes.juntadeandalucia.es\/ceipmariamoreno\/files\/2022\/04\/COVID-217x300.png 217w, https:\/\/blogsaverroes.juntadeandalucia.es\/ceipmariamoreno\/files\/2022\/04\/COVID.png 231w\" sizes=\"(max-width: 217px) 100vw, 217px\" \/>PROTOCOLO&nbsp; &nbsp; &nbsp;<span style=\"color: #00ff00\">COVID<\/span><\/span><\/h4>\n<p>&nbsp;<\/p>\n<p><span style=\"font-family: 'comic sans ms', sans-serif\">&nbsp; &nbsp; &nbsp;Adem\u00e1s de todas las informaciones que hab\u00e9is recibido en las distintas tutor\u00edas acerca del PROTOCOLO COVID y de las comunicaciones que se han enviado a trav\u00e9s de las distintas plataformas (Pase, WhatsApp y\/o Classroom) a todas las familias del centro ten\u00e9is a continuaci\u00f3n el documento de protocolo detallado.<\/span><\/p>\n<p><span style=\"font-family: 'comic sans ms', sans-serif\">En este enlace se puede consultar el protocolo COVID de nuestro centro:&nbsp;<\/span><\/p>\n<p style=\"text-align: center\"><a title=\"Protocolo COVID\" href=\"Adem\u00e1s de las informaciones que hab\u00e9is recibido de las distintas tutorias realizadas en estos \u00faltimos d\u00edas acerca del PROTOCOLO COVID y de haber visto de forma visual a trav\u00e9s del v\u00eddeo-resumen que se ha enviado a todas las familias del centro y que tambi\u00e9n est\u00e1 disponible en el blog\" target=\"_blank\" rel=\"noopener noreferrer\">ENLACE al documento<\/a><\/p>\n<p>&nbsp;<\/p>\n","protected":false},"excerpt":{"rendered":"<p>&nbsp; &nbsp; &nbsp; &nbsp; A continuaci\u00f3n se ponen a disposici\u00f3n del p\u00fablico los documentos oficiales en los que se detalla y establece el funcionamiento interno de nuestro centro educativo. PLAN DE REFUERZO En este&#46;&#46;&#46;<\/p>\n","protected":false},"author":13322,"featured_media":0,"parent":0,"menu_order":0,"comment_status":"closed","ping_status":"closed","template":"","meta":{"ngg_post_thumbnail":0,"footnotes":""},"aioseo_notices":[],"_links":{"self":[{"href":"https:\/\/blogsaverroes.juntadeandalucia.es\/ceipmariamoreno\/wp-json\/wp\/v2\/pages\/2437"}],"collection":[{"href":"https:\/\/blogsaverroes.juntadeandalucia.es\/ceipmariamoreno\/wp-json\/wp\/v2\/pages"}],"about":[{"href":"https:\/\/blogsaverroes.juntadeandalucia.es\/ceipmariamoreno\/wp-json\/wp\/v2\/types\/page"}],"author":[{"embeddable":true,"href":"https:\/\/blogsaverroes.juntadeandalucia.es\/ceipmariamoreno\/wp-json\/wp\/v2\/users\/13322"}],"replies":[{"embeddable":true,"href":"https:\/\/blogsaverroes.juntadeandalucia.es\/ceipmariamoreno\/wp-json\/wp\/v2\/comments?post=2437"}],"version-history":[{"count":20,"href":"https:\/\/blogsaverroes.juntadeandalucia.es\/ceipmariamoreno\/wp-json\/wp\/v2\/pages\/2437\/revisions"}],"predecessor-version":[{"id":5018,"href":"https:\/\/blogsaverroes.juntadeandalucia.es\/ceipmariamoreno\/wp-json\/wp\/v2\/pages\/2437\/revisions\/5018"}],"wp:attachment":[{"href":"https:\/\/blogsaverroes.juntadeandalucia.es\/ceipmariamoreno\/wp-json\/wp\/v2\/media?parent=2437"}],"curies":[{"name":"wp","href":"https:\/\/api.w.org\/{rel}","templated":true}]}}