{"id":2482,"date":"2022-04-03T17:59:59","date_gmt":"2022-04-03T16:59:59","guid":{"rendered":"https:\/\/blogsaverroes.juntadeandalucia.es\/ceipmariamoreno\/?page_id=2482"},"modified":"2022-04-03T18:03:39","modified_gmt":"2022-04-03T17:03:39","slug":"escuelas-deportivas","status":"publish","type":"page","link":"https:\/\/blogsaverroes.juntadeandalucia.es\/ceipmariamoreno\/escuelas-deportivas\/","title":{"rendered":"Escuelas Deportivas"},"content":{"rendered":"<p><img loading=\"lazy\" decoding=\"async\" class=\"aligncenter size-medium wp-image-2483\" src=\"https:\/\/blogsaverroes.juntadeandalucia.es\/ceipmariamoreno\/files\/2022\/04\/EscuelasDeportivas-300x103.png\" alt=\"\" width=\"300\" height=\"103\" srcset=\"https:\/\/blogsaverroes.juntadeandalucia.es\/ceipmariamoreno\/files\/2022\/04\/EscuelasDeportivas-300x103.png 300w, https:\/\/blogsaverroes.juntadeandalucia.es\/ceipmariamoreno\/files\/2022\/04\/EscuelasDeportivas.png 479w\" sizes=\"(max-width: 300px) 100vw, 300px\" \/><\/p>\n<div class=\"block block-layout-builder block-field-blocknodeplanes-y-programasfield-planes-descripcion\">\n<div class=\"content\">\n<div class=\"clearfix text-formatted field field--name-field-planes-descripcion field--type-text-long field--label-above\">\n<div class=\"field__item\">\n<p>Programa que se proyecta como veh\u00edculo de<span style=\"color: #99ccff\"> <strong><em>iniciaci\u00f3n y promoci\u00f3n deportiva<\/em><\/strong><\/span>. La finalidad principal es realizar una oferta <span style=\"color: #99ccff\"><strong>multideportiva<\/strong><\/span>, en <span style=\"color: #99ccff\"><strong>horario no lectivo<\/strong><\/span>, con la intenci\u00f3n de fomentar el <strong><span style=\"color: #99ccff\">deporte en edad escolar<\/span><\/strong>, promocionando la educaci\u00f3n en valores y el desarrollo pleno e integral de la personalidad del&nbsp;alumnado.<\/p>\n<p>Participa alumnado de Educaci\u00f3n Primaria y Secundaria de los centros p\u00fablicos de Andaluc\u00eda.<\/p>\n<\/div>\n<\/div>\n<\/div>\n<\/div>\n<div class=\"block block-layout-builder block-field-blocknodeplanes-y-programasfield-planes-objetivos\">\n<div class=\"content\">\n<div class=\"clearfix text-formatted field field--name-field-planes-objetivos field--type-text-long field--label-above\">\n<div class=\"field__label\"><span style=\"font-family: 'trebuchet ms', geneva, sans-serif;font-size: 18pt;color: #ff6600\"><strong>Objetivos concretos:<\/strong><\/span><\/div>\n<div class=\"field__item\">\n<p><span style=\"color: #ff6600\"><strong>&nbsp;a)<\/strong><\/span> Propiciar un marco adecuado, integrado y sistem\u00e1tico de salud din\u00e1mica como un indicador de calidad de vida, educando en h\u00e1bitos que contribuyan a paliar las altas tasas de sobrepeso y obesidad de los ni\u00f1os y ni\u00f1as en Andaluc\u00eda. &nbsp;&nbsp;<\/p>\n<p><span style=\"color: #ff6600\"><strong>b)<\/strong><\/span> Reforzar la adquisici\u00f3n, a trav\u00e9s del deporte, de actitudes positivas y valores, tanto individuales como colectivos, permitiendo al alumnado participante estimular y reforzar sus competencias sociales. La pr\u00e1ctica de actividad f\u00edsica impulsar\u00e1 la educaci\u00f3n en la tolerancia y en el respeto a la diversidad, la solidaridad, el compa\u00f1erismo y el juego limpio, la superaci\u00f3n, la cultura del esfuerzo y del compromiso, la cooperaci\u00f3n, el trabajo en equipo, la consideraci\u00f3n de la persona adversaria y del juez-\u00e1rbitro, el respeto al entorno natural y la igualdad de g\u00e9nero.<\/p>\n<p><span style=\"color: #ff6600\"><strong>c)<\/strong><\/span> Contribuir a la buena convivencia escolar a trav\u00e9s del conocimiento y la apreciaci\u00f3n de la multiculturalidad y de las diferencias individuales derivadas de las condiciones ps\u00edquicas, f\u00edsicas y sociales del alumnado, como aspecto fundamental del crecimiento personal y social.<\/p>\n<p><span style=\"color: #ff6600\"><strong>d)<\/strong><\/span> Valorar los diferentes comportamientos que se manifiestan en la pr\u00e1ctica deportiva y tomar una postura cr\u00edtica ante determinados fen\u00f3menos an\u00f3malos ligados a la misma. &nbsp;&nbsp;&nbsp;<\/p>\n<p><span style=\"color: #ff6600\"><strong> e)<\/strong><\/span> Desarrollar la capacidad de movimiento a trav\u00e9s de las habilidades y destrezas que hacen posible la pr\u00e1ctica f\u00edsica, t\u00e9cnica, t\u00e1ctica y ps\u00edquica de cada deporte. &nbsp;&nbsp;&nbsp;<\/p>\n<p><span style=\"color: #ff6600\"><strong>f)<\/strong><\/span> Aprender los fundamentos t\u00e9cnicos, t\u00e1cticos y f\u00edsicos e identificar principios de juego que van aumentando progresivamente su complejidad estructural y funcional. &nbsp;&nbsp;&nbsp;<\/p>\n<p><span style=\"color: #ff6600\"><strong>g)<\/strong><\/span> Conseguir que el alumnado participante desarrolle, en los roles que asume en cada una de las modalidades deportivas, mecanismos de percepci\u00f3n y decisi\u00f3n que fomenten una capacidad de juego aut\u00f3noma e intencional.&nbsp; &nbsp;<\/p>\n<p><span style=\"color: #ff6600\"><strong>h)<\/strong><\/span> Favorecer la cultura deportiva en el centro escolar facilitando el asociacionismo deportivo. &nbsp;&nbsp;&nbsp;<\/p>\n<p><span style=\"color: #ff6600\"><strong>i)<\/strong><\/span> Facilitar la introducci\u00f3n y la pr\u00e1ctica de la actividad l\u00fadica, mediante los juegos recreativos y populares, desarrollando el contacto con el entorno y el grupo de iguales.<\/p>\n<\/div>\n<\/div>\n<\/div>\n<\/div>\n","protected":false},"excerpt":{"rendered":"<p>Programa que se proyecta como veh\u00edculo de iniciaci\u00f3n y promoci\u00f3n deportiva. La finalidad principal es realizar una oferta multideportiva, en horario no lectivo, con la intenci\u00f3n de fomentar el deporte en edad escolar, promocionando&#46;&#46;&#46;<\/p>\n","protected":false},"author":13322,"featured_media":0,"parent":0,"menu_order":0,"comment_status":"closed","ping_status":"closed","template":"","meta":{"ngg_post_thumbnail":0,"footnotes":""},"aioseo_notices":[],"_links":{"self":[{"href":"https:\/\/blogsaverroes.juntadeandalucia.es\/ceipmariamoreno\/wp-json\/wp\/v2\/pages\/2482"}],"collection":[{"href":"https:\/\/blogsaverroes.juntadeandalucia.es\/ceipmariamoreno\/wp-json\/wp\/v2\/pages"}],"about":[{"href":"https:\/\/blogsaverroes.juntadeandalucia.es\/ceipmariamoreno\/wp-json\/wp\/v2\/types\/page"}],"author":[{"embeddable":true,"href":"https:\/\/blogsaverroes.juntadeandalucia.es\/ceipmariamoreno\/wp-json\/wp\/v2\/users\/13322"}],"replies":[{"embeddable":true,"href":"https:\/\/blogsaverroes.juntadeandalucia.es\/ceipmariamoreno\/wp-json\/wp\/v2\/comments?post=2482"}],"version-history":[{"count":3,"href":"https:\/\/blogsaverroes.juntadeandalucia.es\/ceipmariamoreno\/wp-json\/wp\/v2\/pages\/2482\/revisions"}],"predecessor-version":[{"id":2488,"href":"https:\/\/blogsaverroes.juntadeandalucia.es\/ceipmariamoreno\/wp-json\/wp\/v2\/pages\/2482\/revisions\/2488"}],"wp:attachment":[{"href":"https:\/\/blogsaverroes.juntadeandalucia.es\/ceipmariamoreno\/wp-json\/wp\/v2\/media?parent=2482"}],"curies":[{"name":"wp","href":"https:\/\/api.w.org\/{rel}","templated":true}]}}