{"id":2530,"date":"2022-04-04T09:41:04","date_gmt":"2022-04-04T08:41:04","guid":{"rendered":"https:\/\/blogsaverroes.juntadeandalucia.es\/ceipmariamoreno\/?page_id=2530"},"modified":"2025-06-06T11:16:34","modified_gmt":"2025-06-06T10:16:34","slug":"radio-moreno","status":"publish","type":"page","link":"https:\/\/blogsaverroes.juntadeandalucia.es\/ceipmariamoreno\/radio-moreno\/","title":{"rendered":"Radio Moreno"},"content":{"rendered":"<p><img loading=\"lazy\" decoding=\"async\" class=\"aligncenter size-medium wp-image-2696\" src=\"https:\/\/blogsaverroes.juntadeandalucia.es\/ceipmariamoreno\/files\/2022\/04\/RadioMoreno-261x300.jpg\" alt=\"\" width=\"261\" height=\"300\" srcset=\"https:\/\/blogsaverroes.juntadeandalucia.es\/ceipmariamoreno\/files\/2022\/04\/RadioMoreno-261x300.jpg 261w, https:\/\/blogsaverroes.juntadeandalucia.es\/ceipmariamoreno\/files\/2022\/04\/RadioMoreno-890x1024.jpg 890w, https:\/\/blogsaverroes.juntadeandalucia.es\/ceipmariamoreno\/files\/2022\/04\/RadioMoreno-768x884.jpg 768w\" sizes=\"(max-width: 261px) 100vw, 261px\" \/>&nbsp; &nbsp; &nbsp;La<strong> radio escolar<\/strong> es un instrumento que con la facilidad de acceso a recursos t\u00e9cnicos actuales se ha podido crear con relativa facilidad y mucha ilusi\u00f3n .&nbsp; El beneficio aportado es reflejado en toda la comunidad educativa y por ello se pretende organizar como un elemento al alcance de todos y todas.<\/p>\n<p>Nos aporta infinidad de ventajas, tantas como maneras de uso se nos ocurra darle, como::<\/p>\n<ul>\n<li style=\"list-style-type: none\">\n<ul>\n<li style=\"list-style-type: none\">\n<ul>\n<li><em>Contribuir a mejorar el m\u00e9todo de ense\u00f1anza-aprendizaje<\/em><\/li>\n<li><em>Aumentar la motivaci\u00f3n del alumnado<\/em><\/li>\n<li><em>Facilitar el poner en pr\u00e1ctica los conocimientos que se adquieren tanto dentro como fuera del contexto escolar<\/em><\/li>\n<li><em>Mejorar el desarrollo de la capacidad cr\u00edtica ante los medios de comunicaci\u00f3n<\/em><\/li>\n<li><em>Desarrollar un proyecto y llevarlo a cabo con trabajo en grupo.<\/em><\/li>\n<li><em>Auto aprendizaje para llegar a conseguir un objetivo.<\/em><\/li>\n<li><em>y, todo ello, sucede en el marco de la alfabetizaci\u00f3n medi\u00e1tica. <\/em><\/li>\n<\/ul>\n<\/li>\n<\/ul>\n<\/li>\n<\/ul>\n<p>Este proyecto es una herramienta que puede usar todo el profesorado incorpor\u00e1ndolo de muy diversas formas a su pr\u00e1ctica educativa en todas las \u00e1reas.<\/p>\n<p>Programas:<\/p>\n<ul>\n<li><a href=\"https:\/\/blogsaverroes.juntadeandalucia.es\/ceipmariamoreno\/radio-moreno-y-tu-que-opinas\/\" target=\"_blank\" rel=\"noopener\">Y t\u00fa, \u00bfqu\u00e9 opinas?<\/a><\/li>\n<\/ul>\n","protected":false},"excerpt":{"rendered":"<p>&nbsp; &nbsp; &nbsp;La radio escolar es un instrumento que con la facilidad de acceso a recursos t\u00e9cnicos actuales se ha podido crear con relativa facilidad y mucha ilusi\u00f3n .&nbsp; El beneficio aportado es reflejado&#46;&#46;&#46;<\/p>\n","protected":false},"author":13322,"featured_media":0,"parent":0,"menu_order":0,"comment_status":"closed","ping_status":"closed","template":"","meta":{"ngg_post_thumbnail":0,"footnotes":""},"aioseo_notices":[],"_links":{"self":[{"href":"https:\/\/blogsaverroes.juntadeandalucia.es\/ceipmariamoreno\/wp-json\/wp\/v2\/pages\/2530"}],"collection":[{"href":"https:\/\/blogsaverroes.juntadeandalucia.es\/ceipmariamoreno\/wp-json\/wp\/v2\/pages"}],"about":[{"href":"https:\/\/blogsaverroes.juntadeandalucia.es\/ceipmariamoreno\/wp-json\/wp\/v2\/types\/page"}],"author":[{"embeddable":true,"href":"https:\/\/blogsaverroes.juntadeandalucia.es\/ceipmariamoreno\/wp-json\/wp\/v2\/users\/13322"}],"replies":[{"embeddable":true,"href":"https:\/\/blogsaverroes.juntadeandalucia.es\/ceipmariamoreno\/wp-json\/wp\/v2\/comments?post=2530"}],"version-history":[{"count":10,"href":"https:\/\/blogsaverroes.juntadeandalucia.es\/ceipmariamoreno\/wp-json\/wp\/v2\/pages\/2530\/revisions"}],"predecessor-version":[{"id":5082,"href":"https:\/\/blogsaverroes.juntadeandalucia.es\/ceipmariamoreno\/wp-json\/wp\/v2\/pages\/2530\/revisions\/5082"}],"wp:attachment":[{"href":"https:\/\/blogsaverroes.juntadeandalucia.es\/ceipmariamoreno\/wp-json\/wp\/v2\/media?parent=2530"}],"curies":[{"name":"wp","href":"https:\/\/api.w.org\/{rel}","templated":true}]}}