{"id":2578,"date":"2022-04-05T12:30:39","date_gmt":"2022-04-05T11:30:39","guid":{"rendered":"https:\/\/blogsaverroes.juntadeandalucia.es\/ceipmariamoreno\/?page_id=2578"},"modified":"2022-04-05T12:30:39","modified_gmt":"2022-04-05T11:30:39","slug":"conred","status":"publish","type":"page","link":"https:\/\/blogsaverroes.juntadeandalucia.es\/ceipmariamoreno\/conred\/","title":{"rendered":"CONRED"},"content":{"rendered":"<h1 style=\"text-align: center\"><strong><img loading=\"lazy\" decoding=\"async\" class=\" wp-image-2579 alignleft\" src=\"https:\/\/blogsaverroes.juntadeandalucia.es\/ceipmariamoreno\/files\/2022\/04\/logo_CONRED-300x164.png\" alt=\"\" width=\"291\" height=\"159\" srcset=\"https:\/\/blogsaverroes.juntadeandalucia.es\/ceipmariamoreno\/files\/2022\/04\/logo_CONRED-300x164.png 300w, https:\/\/blogsaverroes.juntadeandalucia.es\/ceipmariamoreno\/files\/2022\/04\/logo_CONRED.png 400w\" sizes=\"(max-width: 291px) 100vw, 291px\" \/><span style=\"color: #000080\"><span style=\"text-decoration: underline\">Programa de prevenci\u00f3n del acoso escolar y ciberacoso <\/span><\/span><\/strong><span style=\"color: #000080\"><em>en centros docentes p\u00fablicos de Andaluc\u00eda<\/em><\/span><\/h1>\n<p>&nbsp;<\/p>\n<p>&nbsp; &nbsp; &nbsp;La Consejer\u00eda de Educaci\u00f3n y Deporte, a trav\u00e9s de la Direcci\u00f3n General de Atenci\u00f3n a la Diversidad, Participaci\u00f3n y Convivencia Escolar ha desarrollado un programa espec\u00edfico a implantar en los centros para la prevenci\u00f3n del acoso y ciberacoso escolar.<\/p>\n<p>La finalidad del recursos ConRed Andaluc\u00eda es impulsar y ayudar a los centros educativos a:<\/p>\n<ul>\n<li><strong>Prevenir<\/strong> posibles situaciones de acoso y ciberacoso en el centro educativo.<\/li>\n<li><strong>Detectar<\/strong> de forma temprana casos de acoso en cualquiera de sus manifestaciones. Objetivos:<\/li>\n<li><strong>Sensibilizar<\/strong> a la comunidad escolar de la importancia de prevenir y erradicar el acoso escolar y el ciberacoso.<\/li>\n<li><strong>Dotar<\/strong> de <strong>herramientas<\/strong> al profesorado para poner en pr\u00e1ctica metodolog\u00edas eficaces de prevenci\u00f3n del acoco escolar y el ciberacoso.<\/li>\n<li><strong>Potenciar<\/strong> y <strong>promover<\/strong> un uso seguro y positivo de las TIC.<\/li>\n<li><strong>Facilitar<\/strong> la adecuada presentaci\u00f3n y <strong>aplicaci\u00f3n<\/strong> del recurso ConRed Andaluc\u00eda.<\/li>\n<li><strong>Analizar<\/strong> los aspectos clave y diferentes opciones a tener en cuenta en la aplicaci\u00f3n de las unidades did\u00e1cticas del recurso ConRed Andaluc\u00eda.<\/li>\n<li><strong>Orientar<\/strong> sobre la realizaci\u00f3n de las actividades propuestas en la aplicaci\u00f3n del recurso ConRed Andaluc\u00eda.<\/li>\n<li><strong>Aplicar<\/strong> en el aula el recurso ConRed Andaluc\u00eda de <strong>prevenci\u00f3n<\/strong> del acoco escolar y el ciberacoso.<\/li>\n<\/ul>\n","protected":false},"excerpt":{"rendered":"<p>Programa de prevenci\u00f3n del acoso escolar y ciberacoso en centros docentes p\u00fablicos de Andaluc\u00eda &nbsp; &nbsp; &nbsp; &nbsp;La Consejer\u00eda de Educaci\u00f3n y Deporte, a trav\u00e9s de la Direcci\u00f3n General de Atenci\u00f3n a la Diversidad,&#46;&#46;&#46;<\/p>\n","protected":false},"author":13322,"featured_media":0,"parent":0,"menu_order":0,"comment_status":"closed","ping_status":"closed","template":"","meta":{"ngg_post_thumbnail":0,"footnotes":""},"aioseo_notices":[],"_links":{"self":[{"href":"https:\/\/blogsaverroes.juntadeandalucia.es\/ceipmariamoreno\/wp-json\/wp\/v2\/pages\/2578"}],"collection":[{"href":"https:\/\/blogsaverroes.juntadeandalucia.es\/ceipmariamoreno\/wp-json\/wp\/v2\/pages"}],"about":[{"href":"https:\/\/blogsaverroes.juntadeandalucia.es\/ceipmariamoreno\/wp-json\/wp\/v2\/types\/page"}],"author":[{"embeddable":true,"href":"https:\/\/blogsaverroes.juntadeandalucia.es\/ceipmariamoreno\/wp-json\/wp\/v2\/users\/13322"}],"replies":[{"embeddable":true,"href":"https:\/\/blogsaverroes.juntadeandalucia.es\/ceipmariamoreno\/wp-json\/wp\/v2\/comments?post=2578"}],"version-history":[{"count":1,"href":"https:\/\/blogsaverroes.juntadeandalucia.es\/ceipmariamoreno\/wp-json\/wp\/v2\/pages\/2578\/revisions"}],"predecessor-version":[{"id":2580,"href":"https:\/\/blogsaverroes.juntadeandalucia.es\/ceipmariamoreno\/wp-json\/wp\/v2\/pages\/2578\/revisions\/2580"}],"wp:attachment":[{"href":"https:\/\/blogsaverroes.juntadeandalucia.es\/ceipmariamoreno\/wp-json\/wp\/v2\/media?parent=2578"}],"curies":[{"name":"wp","href":"https:\/\/api.w.org\/{rel}","templated":true}]}}