{"id":2615,"date":"2022-04-05T15:30:31","date_gmt":"2022-04-05T14:30:31","guid":{"rendered":"https:\/\/blogsaverroes.juntadeandalucia.es\/ceipmariamoreno\/?page_id=2615"},"modified":"2022-04-05T19:59:26","modified_gmt":"2022-04-05T18:59:26","slug":"aula-matinal-2","status":"publish","type":"page","link":"https:\/\/blogsaverroes.juntadeandalucia.es\/ceipmariamoreno\/aula-matinal-2\/","title":{"rendered":"AULA MATINAL"},"content":{"rendered":"<header class=\"portlet-topper\">\n<h6 class=\"portlet-title\" style=\"text-align: center\"><span class=\"portlet-title-text\" style=\"font-size: 24pt;color: #ff6600\"><img loading=\"lazy\" decoding=\"async\" class=\"wp-image-2616 aligncenter\" src=\"https:\/\/blogsaverroes.juntadeandalucia.es\/ceipmariamoreno\/files\/2022\/04\/AULAMATINAL-300x157.jpg\" alt=\"\" width=\"260\" height=\"135\" srcset=\"https:\/\/blogsaverroes.juntadeandalucia.es\/ceipmariamoreno\/files\/2022\/04\/AULAMATINAL-300x157.jpg 300w, https:\/\/blogsaverroes.juntadeandalucia.es\/ceipmariamoreno\/files\/2022\/04\/AULAMATINAL.jpg 341w\" sizes=\"(max-width: 260px) 100vw, 260px\" \/><\/span><\/h6>\n<p class=\"portlet-title\" style=\"text-align: left\"><span style=\"font-size: 1rem\">&nbsp; &nbsp; &nbsp;Es una actividad promovida por la Junta de Andaluc\u00eda para dar respuesta a la creciente demanda originada por las <\/span><em style=\"font-size: 1rem\"><strong>exigencias laborales de los padres y madres<\/strong><\/em><span style=\"font-size: 1rem\"> andaluzas, quienes se ven en la necesidad de delegar el cuidado de sus hijos e hijas durante el horario <\/span><strong style=\"font-size: 1rem\">de 7:30 a 9:00<\/strong><span style=\"font-size: 1rem\"> h., momento en el que da comienzo la actividad escolar. Durante este per\u00edodo de tiempo, los ni\u00f1os y ni\u00f1as realizan <\/span><strong style=\"font-size: 1rem\">diversas actividades<\/strong><span style=\"font-size: 1rem\"> de car\u00e1cter l\u00fadico y educativo adecuadas a su edad y desarrollo madurativo. Entre otras muchas, se realizan actividades pl\u00e1sticas, dibujo, lectura, psicomotricidad, juegos populares, etc.<\/span><\/p>\n<\/header>\n<div class=\"portlet-content\">\n<div class=\" portlet-content-container\">\n<div class=\"portlet-body\">\n<div class=\"contenido_portlet \">\n<div class=\"portlet_web\">\n<div class=\"detalle web\">\n<div class=\"contenido_detalle\">\n<section class=\"cuerpo detalle_html\">\n<div class=\"inner_cuerpo\">\n<p>&nbsp; &nbsp; &nbsp;La atenci\u00f3n al alumnado de aula matinal se realiza por <em><strong>personal cualificado<\/strong><\/em>, entre cuyas funciones est\u00e1n las medidas de vigilancia y atenci\u00f3n educativa que precisen los menores en funci\u00f3n de su edad y necesidades.<\/p>\n<\/div>\n<\/section>\n<\/div>\n<\/div>\n<\/div>\n<\/div>\n<\/div>\n<\/div>\n<\/div>\n","protected":false},"excerpt":{"rendered":"<p>&nbsp; &nbsp; &nbsp;Es una actividad promovida por la Junta de Andaluc\u00eda para dar respuesta a la creciente demanda originada por las exigencias laborales de los padres y madres andaluzas, quienes se ven en la&#46;&#46;&#46;<\/p>\n","protected":false},"author":13322,"featured_media":0,"parent":0,"menu_order":0,"comment_status":"closed","ping_status":"closed","template":"","meta":{"ngg_post_thumbnail":0,"footnotes":""},"aioseo_notices":[],"_links":{"self":[{"href":"https:\/\/blogsaverroes.juntadeandalucia.es\/ceipmariamoreno\/wp-json\/wp\/v2\/pages\/2615"}],"collection":[{"href":"https:\/\/blogsaverroes.juntadeandalucia.es\/ceipmariamoreno\/wp-json\/wp\/v2\/pages"}],"about":[{"href":"https:\/\/blogsaverroes.juntadeandalucia.es\/ceipmariamoreno\/wp-json\/wp\/v2\/types\/page"}],"author":[{"embeddable":true,"href":"https:\/\/blogsaverroes.juntadeandalucia.es\/ceipmariamoreno\/wp-json\/wp\/v2\/users\/13322"}],"replies":[{"embeddable":true,"href":"https:\/\/blogsaverroes.juntadeandalucia.es\/ceipmariamoreno\/wp-json\/wp\/v2\/comments?post=2615"}],"version-history":[{"count":2,"href":"https:\/\/blogsaverroes.juntadeandalucia.es\/ceipmariamoreno\/wp-json\/wp\/v2\/pages\/2615\/revisions"}],"predecessor-version":[{"id":2639,"href":"https:\/\/blogsaverroes.juntadeandalucia.es\/ceipmariamoreno\/wp-json\/wp\/v2\/pages\/2615\/revisions\/2639"}],"wp:attachment":[{"href":"https:\/\/blogsaverroes.juntadeandalucia.es\/ceipmariamoreno\/wp-json\/wp\/v2\/media?parent=2615"}],"curies":[{"name":"wp","href":"https:\/\/api.w.org\/{rel}","templated":true}]}}