{"id":2618,"date":"2022-04-05T15:36:37","date_gmt":"2022-04-05T14:36:37","guid":{"rendered":"https:\/\/blogsaverroes.juntadeandalucia.es\/ceipmariamoreno\/?page_id=2618"},"modified":"2022-04-05T19:59:44","modified_gmt":"2022-04-05T18:59:44","slug":"actividades-extraescolares","status":"publish","type":"page","link":"https:\/\/blogsaverroes.juntadeandalucia.es\/ceipmariamoreno\/actividades-extraescolares\/","title":{"rendered":"ACTIVIDADES EXTRAESCOLARES"},"content":{"rendered":"<p style=\"text-align: left\"><img loading=\"lazy\" decoding=\"async\" class=\"alignright\" src=\"https:\/\/www.academia10granada.com\/wp-content\/uploads\/2020\/08\/actividades-extraescolares-001.png\" alt=\"Actividades Extraescolares para Colegios | Academia 10 Granada\" width=\"152\" height=\"107\"\/><span style=\"font-size: 36pt;color: #993300\"><strong><span style=\"font-family: 'andale mono', monospace\">ACTIVIDADES<\/span><\/strong><\/span><\/p>\n<p><img loading=\"lazy\" decoding=\"async\" class=\"alignleft\" src=\"https:\/\/www.juntadeandalucia.es\/export\/drupaljda\/art-2941706_1920.jpg\" alt=\"\" width=\"143\" height=\"95\"\/><\/p>\n<p>&nbsp;<\/p>\n<p><span style=\"font-size: 24pt\"><em><span style=\"text-decoration: underline\"><strong style=\"color: #ff6600;text-align: right\"><span style=\"font-family: 'andale mono', monospace\">EXTRAESCOLARES<\/span><\/strong><\/span><\/em><\/span><\/p>\n<p><span style=\"font-size: 1rem\">&nbsp; &nbsp; &nbsp;Los centros docentes p\u00fablicos que impartan segundo ciclo de educaci\u00f3n infantil, educaci\u00f3n primaria y educaci\u00f3n secundaria podr\u00e1n mantener abiertas sus instalaciones hasta las 18:00 horas con la finalidad de programar actividades de apoyo y refuerzo, dirigidas al alumnado que presente dificultades de aprendizaje, y ofrecer actividades extraescolares que aborden aspectos formativos de inter\u00e9s para el alumnado: idiomas, tecnolog\u00edas de la informaci\u00f3n y comunicaci\u00f3n, talleres de lectura y escritura, actividades de estudio dirigido, actividades formativas y de ocio, deportivas, art\u00edsticas, etc.<\/span><\/p>\n<p>&nbsp; &nbsp; &nbsp;Las actividades extraescolares tienen un car\u00e1cter voluntario para el alumnado y en ning\u00fan caso forman parte del proceso de evaluaci\u00f3n del alumnado. La atenci\u00f3n a este tipo de alumnado se realiza con personal que cuenta con la formaci\u00f3n y cualificaci\u00f3n adecuada a las actividades a desarrollar.<\/p>\n<p>&nbsp;<\/p>\n","protected":false},"excerpt":{"rendered":"<p>ACTIVIDADES &nbsp; EXTRAESCOLARES &nbsp; &nbsp; &nbsp;Los centros docentes p\u00fablicos que impartan segundo ciclo de educaci\u00f3n infantil, educaci\u00f3n primaria y educaci\u00f3n secundaria podr\u00e1n mantener abiertas sus instalaciones hasta las 18:00 horas con la finalidad de&#46;&#46;&#46;<\/p>\n","protected":false},"author":13322,"featured_media":0,"parent":0,"menu_order":0,"comment_status":"closed","ping_status":"closed","template":"","meta":{"ngg_post_thumbnail":0,"footnotes":""},"aioseo_notices":[],"_links":{"self":[{"href":"https:\/\/blogsaverroes.juntadeandalucia.es\/ceipmariamoreno\/wp-json\/wp\/v2\/pages\/2618"}],"collection":[{"href":"https:\/\/blogsaverroes.juntadeandalucia.es\/ceipmariamoreno\/wp-json\/wp\/v2\/pages"}],"about":[{"href":"https:\/\/blogsaverroes.juntadeandalucia.es\/ceipmariamoreno\/wp-json\/wp\/v2\/types\/page"}],"author":[{"embeddable":true,"href":"https:\/\/blogsaverroes.juntadeandalucia.es\/ceipmariamoreno\/wp-json\/wp\/v2\/users\/13322"}],"replies":[{"embeddable":true,"href":"https:\/\/blogsaverroes.juntadeandalucia.es\/ceipmariamoreno\/wp-json\/wp\/v2\/comments?post=2618"}],"version-history":[{"count":4,"href":"https:\/\/blogsaverroes.juntadeandalucia.es\/ceipmariamoreno\/wp-json\/wp\/v2\/pages\/2618\/revisions"}],"predecessor-version":[{"id":2640,"href":"https:\/\/blogsaverroes.juntadeandalucia.es\/ceipmariamoreno\/wp-json\/wp\/v2\/pages\/2618\/revisions\/2640"}],"wp:attachment":[{"href":"https:\/\/blogsaverroes.juntadeandalucia.es\/ceipmariamoreno\/wp-json\/wp\/v2\/media?parent=2618"}],"curies":[{"name":"wp","href":"https:\/\/api.w.org\/{rel}","templated":true}]}}