{"id":2645,"date":"2022-04-06T11:50:19","date_gmt":"2022-04-06T10:50:19","guid":{"rendered":"https:\/\/blogsaverroes.juntadeandalucia.es\/ceipmariamoreno\/?page_id=2645"},"modified":"2022-04-06T11:50:19","modified_gmt":"2022-04-06T10:50:19","slug":"proa-2","status":"publish","type":"page","link":"https:\/\/blogsaverroes.juntadeandalucia.es\/ceipmariamoreno\/proa-2\/","title":{"rendered":"PROA"},"content":{"rendered":"<div id=\"_ABACO_WEB_WAR_abacoportlet_INSTANCE_NOVIhzkjsl3s_AccordionHead1\" class=\"panel-heading\" role=\"tab\">\n<h1 style=\"text-align: center\"><span style=\"text-decoration: underline\"><span style=\"font-family: georgia, palatino, serif;color: #99cc00\"><strong>PROA Andaluc\u00eda<\/strong><\/span><\/span><\/h1>\n<h4 id=\"yui_patched_v3_11_0_1_1649241977626_149\" class=\"panel-title\"><span style=\"color: #008000\"><a class=\"head-collapse\" style=\"color: #008000\" role=\"button\" href=\"https:\/\/www.juntadeandalucia.es\/educacion\/portals\/web\/ced\/planesyprogramas\/proa#_ABACO_WEB_WAR_abacoportlet_INSTANCE_NOVIhzkjsl3s_Accordion1\" data-toggle=\"collapse\" data-parent=\"#_ABACO_WEB_WAR_abacoportlet_INSTANCE_NOVIhzkjsl3s_list-web-accordion\" data-accordion=\"#_ABACO_WEB_WAR_abacoportlet_INSTANCE_NOVIhzkjsl3s_Accordion1\">\u00bfQu\u00e9 es PROA?<\/a><\/span><\/h4>\n<\/div>\n<div id=\"_ABACO_WEB_WAR_abacoportlet_INSTANCE_NOVIhzkjsl3s_Accordion1\" class=\"panel-collapse collapse in\" role=\"tabpanel\" aria-labelledby=\"_ABACO_WEB_WAR_abacoportlet_INSTANCE_NOVIhzkjsl3s_AccordionHead1\">\n<div class=\"panel-body\">\n<div class=\"detalle web\">\n<div class=\"contenido_detalle\">\n<section class=\"cuerpo detalle_html\">\n<div class=\"inner_cuerpo\">\n<p>El PROA Andaluc\u00eda se concibe como un conjunto de actuaciones dirigidas a mejorar el grado de adquisici\u00f3n de las competencias clave y la motivaci\u00f3n del alumnado con necesidades espec\u00edficas de apoyo educativo por precisar acciones de car\u00e1cter compensatorio, que en el caso del alumnado de origen extranjero, adem\u00e1s, pretenden conseguir un nivel adecuado de uso del espa\u00f1ol como lengua vehicular. Dichas acciones est\u00e1n dirigidas a evitar el riesgo de abandono temprano del sistema educativo, y complementar las acciones encaminadas a la mejora del \u00e9xito escolar, que se desarrollan en los centros docentes p\u00fablicos andaluces.<\/p>\n<div id=\"_ABACO_WEB_WAR_abacoportlet_INSTANCE_NOVIhzkjsl3s_AccordionHead3\" class=\"panel-heading\" role=\"tab\">\n<h4 id=\"yui_patched_v3_11_0_1_1649241977626_163\" class=\"panel-title\"><span style=\"color: #008000\"><a class=\"head-collapse\" style=\"color: #008000\" role=\"button\" href=\"https:\/\/www.juntadeandalucia.es\/educacion\/portals\/web\/ced\/planesyprogramas\/proa#_ABACO_WEB_WAR_abacoportlet_INSTANCE_NOVIhzkjsl3s_Accordion3\" data-toggle=\"collapse\" data-parent=\"#_ABACO_WEB_WAR_abacoportlet_INSTANCE_NOVIhzkjsl3s_list-web-accordion\" data-accordion=\"#_ABACO_WEB_WAR_abacoportlet_INSTANCE_NOVIhzkjsl3s_Accordion3\">\u00bfEn qu\u00e9 consiste?<\/a><\/span><\/h4>\n<\/div>\n<div id=\"_ABACO_WEB_WAR_abacoportlet_INSTANCE_NOVIhzkjsl3s_Accordion3\" class=\"panel-collapse collapse in\" role=\"tabpanel\" aria-labelledby=\"_ABACO_WEB_WAR_abacoportlet_INSTANCE_NOVIhzkjsl3s_AccordionHead3\">\n<div class=\"panel-body\">\n<div class=\"detalle web\">\n<div class=\"contenido_detalle\">\n<section class=\"cuerpo detalle_html\">\n<div class=\"inner_cuerpo\">\n<p>El PROA Andaluc\u00eda se compone, a su vez, de cinco actuaciones diferenciadas:<\/p>\n<p><span style=\"color: #00ff00\"><strong>Plan de Apoyo y Refuerzo en Centros de Educaci\u00f3n Primaria.(PARCEP)<\/strong><\/span><\/p>\n<p>El Plan de Apoyo y Refuerzo en Centros de Educaci\u00f3n Primaria (PARCEP) se concibe como un proyecto global que, integrado dentro del Plan de Centro, pone en pr\u00e1ctica un conjunto de actuaciones encaminadas a la mejora de la calidad y cantidad de los aprendizajes, de la relaci\u00f3n del alumnado con el centro, de la participaci\u00f3n de las familias y de las posibilidades educativas del entorno del centro.<\/p>\n<p><span style=\"color: #00ff00\"><strong>Plan de apoyo y Refuerzo en Centros de Educaci\u00f3n Secundaria.(PARCES)<\/strong><\/span><\/p>\n<p>El Plan de Apoyo y Refuerzo en Centros de Educaci\u00f3n Secundaria (PARCES) se concibe como un proyecto global que, integrado dentro del Plan de Centro, pone en pr\u00e1ctica un conjunto de actuaciones encaminadas a la mejora de la calidad y cantidad de los aprendizajes, de la relaci\u00f3n del alumnado con el centro, de la participaci\u00f3n de las familias y de las posibilidades educativas del entorno del centro. De manera espec\u00edfica, el plan de apoyo y refuerzo en centros de educaci\u00f3n secundaria contribuye de manera directa a la reducci\u00f3n del absentismo escolar y del abandono escolar temprano.<\/p>\n<p><span style=\"color: #00ff00\"><strong>Acompa\u00f1amiento Escolar.<\/strong><\/span><\/p>\n<p>El Acompa\u00f1amiento Escolar es una actuaci\u00f3n dirigida a mejorar la adquisici\u00f3n de las competencias clave, especialmente en comunicaci\u00f3n ling\u00fc\u00edstica y razonamiento matem\u00e1tico, del alumnado con necesidades espec\u00edficas de apoyo educativo que precisa acciones de car\u00e1cter compensatorio. Por tanto, se concibe como una medida motivadora, a la vez que favorecedora del \u00e9xito escolar, as\u00ed como una importante v\u00eda para la prevenci\u00f3n del absentismo y abandono escolar temprano.<\/p>\n<p><span style=\"color: #00ff00\"><strong>Acompa\u00f1amiento Escolar Domiciliario.<\/strong><\/span><\/p>\n<p>El Acompa\u00f1amiento Escolar Domiciliario es una actuaci\u00f3n dirigida a posibilitar la continuidad del proceso educativo a aquel alumnado de entre 6 y 16 a\u00f1os que presente necesidades espec\u00edficas de apoyo educativo por raz\u00f3n de enfermedad y que, por prescripci\u00f3n m\u00e9dica no pueda asistir a su centro educativo durante un per\u00edodo prolongado de tiempo. Esta actuaci\u00f3n permite complementar otras formas de atenci\u00f3n domiciliaria puestas en funcionamiento por la Consejer\u00eda de Educaci\u00f3n y Deporte, as\u00ed como atender a un mayor n\u00famero de alumnas y alumnos que lo requieren. La actuaci\u00f3n de Acompa\u00f1amiento Escolar Domiciliario se podr\u00e1 desarrollar, \u00fanicamente, cuando en el domicilio se encuentre una persona responsable legal de la alumna o del alumno, que permanecer\u00e1 en el domicilio hasta la finalizaci\u00f3n de cada sesi\u00f3n.<\/p>\n<p><span style=\"color: #00ff00\"><strong>Acompa\u00f1amiento Ling\u00fc\u00edstico para Alumnado Inmigrante.<\/strong><\/span><\/p>\n<p>El Acompa\u00f1amiento Ling\u00fc\u00edstico para Alumnado Inmigrante es una actuaci\u00f3n dirigida al alumnado de origen extranjero que presenta dificultades para la comprensi\u00f3n y uso del espa\u00f1ol como lengua vehicular. Se desarrolla en los centros educativos de Educaci\u00f3n Primaria o Educaci\u00f3n Secundaria obligatoria durante dos o cuatro horas semanales en horario extraescolar de tarde. En este espacio, pueden desarrollar tanto actividades espec\u00edficas para el aprendizaje de la lengua, como para el desarrollo de h\u00e1bitos de organizaci\u00f3n del tiempo y planificaci\u00f3n del trabajo, que les permitan mejorar sus rendimientos acad\u00e9micos.<\/p>\n<\/div>\n<\/section>\n<\/div>\n<\/div>\n<\/div>\n<\/div>\n<\/div>\n<\/section>\n<\/div>\n<\/div>\n<\/div>\n<\/div>\n","protected":false},"excerpt":{"rendered":"<p>PROA Andaluc\u00eda \u00bfQu\u00e9 es PROA? El PROA Andaluc\u00eda se concibe como un conjunto de actuaciones dirigidas a mejorar el grado de adquisici\u00f3n de las competencias clave y la motivaci\u00f3n del alumnado con necesidades espec\u00edficas&#46;&#46;&#46;<\/p>\n","protected":false},"author":13322,"featured_media":0,"parent":0,"menu_order":0,"comment_status":"closed","ping_status":"closed","template":"","meta":{"ngg_post_thumbnail":0,"footnotes":""},"aioseo_notices":[],"_links":{"self":[{"href":"https:\/\/blogsaverroes.juntadeandalucia.es\/ceipmariamoreno\/wp-json\/wp\/v2\/pages\/2645"}],"collection":[{"href":"https:\/\/blogsaverroes.juntadeandalucia.es\/ceipmariamoreno\/wp-json\/wp\/v2\/pages"}],"about":[{"href":"https:\/\/blogsaverroes.juntadeandalucia.es\/ceipmariamoreno\/wp-json\/wp\/v2\/types\/page"}],"author":[{"embeddable":true,"href":"https:\/\/blogsaverroes.juntadeandalucia.es\/ceipmariamoreno\/wp-json\/wp\/v2\/users\/13322"}],"replies":[{"embeddable":true,"href":"https:\/\/blogsaverroes.juntadeandalucia.es\/ceipmariamoreno\/wp-json\/wp\/v2\/comments?post=2645"}],"version-history":[{"count":1,"href":"https:\/\/blogsaverroes.juntadeandalucia.es\/ceipmariamoreno\/wp-json\/wp\/v2\/pages\/2645\/revisions"}],"predecessor-version":[{"id":2646,"href":"https:\/\/blogsaverroes.juntadeandalucia.es\/ceipmariamoreno\/wp-json\/wp\/v2\/pages\/2645\/revisions\/2646"}],"wp:attachment":[{"href":"https:\/\/blogsaverroes.juntadeandalucia.es\/ceipmariamoreno\/wp-json\/wp\/v2\/media?parent=2645"}],"curies":[{"name":"wp","href":"https:\/\/api.w.org\/{rel}","templated":true}]}}