{"id":2658,"date":"2022-04-06T12:16:23","date_gmt":"2022-04-06T11:16:23","guid":{"rendered":"https:\/\/blogsaverroes.juntadeandalucia.es\/ceipmariamoreno\/?page_id=2658"},"modified":"2022-04-06T12:16:23","modified_gmt":"2022-04-06T11:16:23","slug":"igualdad","status":"publish","type":"page","link":"https:\/\/blogsaverroes.juntadeandalucia.es\/ceipmariamoreno\/igualdad\/","title":{"rendered":"IGUALDAD"},"content":{"rendered":"<div class=\"tituloCaja\"><strong><img loading=\"lazy\" decoding=\"async\" class=\"aligncenter\" src=\"https:\/\/www.juntadeandalucia.es\/educacion\/portals\/ishare-servlet\/content\/f740e8a0-7014-4001-822a-f8cfaf1804bd\" alt=\"IGUALDAD PRESENTACION (IGUALDADPRESENTACION.bmp)\" width=\"257\" height=\"146\"\/><\/strong><\/div>\n<div>&nbsp;<\/div>\n<div class=\"tituloCaja\" style=\"text-align: center\"><span style=\"text-decoration: underline\"><span style=\"color: #339966;font-size: 18pt\"><strong>El Plan de igualdad en el Proyecto Educativo.<\/strong><\/span><\/span><\/div>\n<p>El desarrollo del Plan de Igualdad en el centro es responsabilidad de toda la comunidad educativa y deber\u00e1n incluirse en el Proyecto Educativo las actuaciones que se llevar\u00e1n a cabo en cada uno de sus elementos, especialmente en el tratamiento transversal de la perspectiva de g\u00e9nero en el curr\u00edculum, la formaci\u00f3n igualitaria y coeducativa en el plan de convivencia y el plan de orientaci\u00f3n y acci\u00f3n tutorial, pudiendo incluir propuestas dirigidas al alumnado, el profesorado y las familias. Es un trabajo en equipo.<\/p>\n<p>Todo el Claustro ha de participar en su dise\u00f1o y realizaci\u00f3n. Es importante la coordinaci\u00f3n con el Equipo Directivo y con el Consejo Escolar. Tambi\u00e9n la colaboraci\u00f3n con el Equipo de orientaci\u00f3n en los Centros de Infantil y Primaria o el Departamento de Orientaci\u00f3n de los IES. En este \u00faltimo caso, con el objeto de asegurar una orientaci\u00f3n acad\u00e9mica y profesional que tenga en cuenta la perspectiva de g\u00e9nero, as\u00ed como una formaci\u00f3n igualitaria en temas como la autonom\u00eda personal, la educaci\u00f3n emocional, la educaci\u00f3n afectivo-sexual o la resoluci\u00f3n pac\u00edfica de conflictos.<br \/>\nPor otra parte, la colaboraci\u00f3n con todos los Departamentos, Ciclos y ETCP, permite profundizar en el desarrollo de un curr\u00edculum no sexista, as\u00ed como la visibilizaci\u00f3n de las aportaciones de las mujeres en \u00e9l.<\/p>\n<p>La aprobaci\u00f3n de las medidas y actuaciones propuestas para el desarrollo del Plan de Igualdad en el centro corresponde al Claustro y al Consejo Escolar, as\u00ed como su revisi\u00f3n y evaluaci\u00f3n<\/p>\n","protected":false},"excerpt":{"rendered":"<p>&nbsp; El Plan de igualdad en el Proyecto Educativo. El desarrollo del Plan de Igualdad en el centro es responsabilidad de toda la comunidad educativa y deber\u00e1n incluirse en el Proyecto Educativo las actuaciones&#46;&#46;&#46;<\/p>\n","protected":false},"author":13322,"featured_media":0,"parent":0,"menu_order":0,"comment_status":"closed","ping_status":"closed","template":"","meta":{"ngg_post_thumbnail":0,"footnotes":""},"aioseo_notices":[],"_links":{"self":[{"href":"https:\/\/blogsaverroes.juntadeandalucia.es\/ceipmariamoreno\/wp-json\/wp\/v2\/pages\/2658"}],"collection":[{"href":"https:\/\/blogsaverroes.juntadeandalucia.es\/ceipmariamoreno\/wp-json\/wp\/v2\/pages"}],"about":[{"href":"https:\/\/blogsaverroes.juntadeandalucia.es\/ceipmariamoreno\/wp-json\/wp\/v2\/types\/page"}],"author":[{"embeddable":true,"href":"https:\/\/blogsaverroes.juntadeandalucia.es\/ceipmariamoreno\/wp-json\/wp\/v2\/users\/13322"}],"replies":[{"embeddable":true,"href":"https:\/\/blogsaverroes.juntadeandalucia.es\/ceipmariamoreno\/wp-json\/wp\/v2\/comments?post=2658"}],"version-history":[{"count":1,"href":"https:\/\/blogsaverroes.juntadeandalucia.es\/ceipmariamoreno\/wp-json\/wp\/v2\/pages\/2658\/revisions"}],"predecessor-version":[{"id":2659,"href":"https:\/\/blogsaverroes.juntadeandalucia.es\/ceipmariamoreno\/wp-json\/wp\/v2\/pages\/2658\/revisions\/2659"}],"wp:attachment":[{"href":"https:\/\/blogsaverroes.juntadeandalucia.es\/ceipmariamoreno\/wp-json\/wp\/v2\/media?parent=2658"}],"curies":[{"name":"wp","href":"https:\/\/api.w.org\/{rel}","templated":true}]}}