{"id":2662,"date":"2022-04-06T12:24:41","date_gmt":"2022-04-06T11:24:41","guid":{"rendered":"https:\/\/blogsaverroes.juntadeandalucia.es\/ceipmariamoreno\/?page_id=2662"},"modified":"2022-04-06T12:24:57","modified_gmt":"2022-04-06T11:24:57","slug":"practicum","status":"publish","type":"page","link":"https:\/\/blogsaverroes.juntadeandalucia.es\/ceipmariamoreno\/practicum\/","title":{"rendered":"PRACTICUM"},"content":{"rendered":"<h1 style=\"text-align: center\"><img loading=\"lazy\" decoding=\"async\" class=\"aligncenter size-medium wp-image-2663\" src=\"https:\/\/blogsaverroes.juntadeandalucia.es\/ceipmariamoreno\/files\/2022\/04\/practicum-300x196.png\" alt=\"\" width=\"300\" height=\"196\" srcset=\"https:\/\/blogsaverroes.juntadeandalucia.es\/ceipmariamoreno\/files\/2022\/04\/practicum-300x196.png 300w, https:\/\/blogsaverroes.juntadeandalucia.es\/ceipmariamoreno\/files\/2022\/04\/practicum.png 482w\" sizes=\"(max-width: 300px) 100vw, 300px\" \/><span style=\"text-decoration: underline\"><span style=\"color: #008080\"><em><strong>PLAN DE FORMACI\u00d3N DEL PROFESORADO<\/strong> <\/em><\/span><\/span><\/h1>\n<p><strong>INTRODUCCI\u00d3N<\/strong> La normativa de referencia para el desarrollo de este apartado ser\u00e1 el Decreto 93\/2013, de 27 de agosto, por el que se regula la Formaci\u00f3n Inicial y Permanente del Profesorado en la Comunidad Aut\u00f3noma de Andaluc\u00eda, as\u00ed como el Sistema Andaluz de Formaci\u00f3n Permanente del Profesorado y la Orden de 31 de julio de 2014 por la que se aprueba el III Plan Andaluz de Formaci\u00f3n Permanente del Profesorado. Para la realizaci\u00f3n de este plan, es necesario establecer unos indicadores o evidencias que nos permitan realizar un an\u00e1lisis de la realidad del centro.<\/p>\n<p>Entre otros:<\/p>\n<p>\u25cf Informe de resultados sobre Indicadores homologados que facilita la AGAEVE y otros informes de evaluaciones externas en las que haya participado el centro.<\/p>\n<p>\u25cf Resultados de la evaluaci\u00f3n interna que realiza el centro y los resultados obtenidos en las evaluaciones externas para establecer el grado de coherencia que hay entre los mismos.<\/p>\n<p>\u25cf Las propuestas de mejora establecidas en la \u00faltima memoria de autoevaluaci\u00f3n del centro, el seguimiento de su implementaci\u00f3n y la evaluaci\u00f3n del grado de eficacia de las medidas planteadas.<\/p>\n<p>\u25cf Plan espec\u00edfico de formaci\u00f3n establecido para la implementaci\u00f3n de los programas P1 que se desarrollen en el centro.<\/p>\n<p>\u25cf Historial de formaci\u00f3n del centro A partir del an\u00e1lisis de los datos que aportan estas fuentes de informaci\u00f3n, se puede llegar a establecer un diagn\u00f3stico claro de la realidad del centro del que se pueden derivar las necesidades de formaci\u00f3n del profesorado. Pero adem\u00e1s de estas necesidades que surgen de la pr\u00e1ctica educativa, tambi\u00e9n podemos considerar otros aspectos relevantes como: \u2022 Las innovaciones tecnol\u00f3gicas o psicopedag\u00f3gicas que se van produciendo. C.E.P \u201cVirgen de la Villa\u201d. Martos \u2022 Las novedades legislativas y curriculares. \u2022 Las necesidades derivadas del contexto o de las caracter\u00edsticas propias del centro. \u2022 El propio perfil o desarrollo profesional del profesorado.<\/p>\n","protected":false},"excerpt":{"rendered":"<p>PLAN DE FORMACI\u00d3N DEL PROFESORADO INTRODUCCI\u00d3N La normativa de referencia para el desarrollo de este apartado ser\u00e1 el Decreto 93\/2013, de 27 de agosto, por el que se regula la Formaci\u00f3n Inicial y Permanente&#46;&#46;&#46;<\/p>\n","protected":false},"author":13322,"featured_media":0,"parent":0,"menu_order":0,"comment_status":"closed","ping_status":"closed","template":"","meta":{"ngg_post_thumbnail":0,"footnotes":""},"aioseo_notices":[],"_links":{"self":[{"href":"https:\/\/blogsaverroes.juntadeandalucia.es\/ceipmariamoreno\/wp-json\/wp\/v2\/pages\/2662"}],"collection":[{"href":"https:\/\/blogsaverroes.juntadeandalucia.es\/ceipmariamoreno\/wp-json\/wp\/v2\/pages"}],"about":[{"href":"https:\/\/blogsaverroes.juntadeandalucia.es\/ceipmariamoreno\/wp-json\/wp\/v2\/types\/page"}],"author":[{"embeddable":true,"href":"https:\/\/blogsaverroes.juntadeandalucia.es\/ceipmariamoreno\/wp-json\/wp\/v2\/users\/13322"}],"replies":[{"embeddable":true,"href":"https:\/\/blogsaverroes.juntadeandalucia.es\/ceipmariamoreno\/wp-json\/wp\/v2\/comments?post=2662"}],"version-history":[{"count":2,"href":"https:\/\/blogsaverroes.juntadeandalucia.es\/ceipmariamoreno\/wp-json\/wp\/v2\/pages\/2662\/revisions"}],"predecessor-version":[{"id":2665,"href":"https:\/\/blogsaverroes.juntadeandalucia.es\/ceipmariamoreno\/wp-json\/wp\/v2\/pages\/2662\/revisions\/2665"}],"wp:attachment":[{"href":"https:\/\/blogsaverroes.juntadeandalucia.es\/ceipmariamoreno\/wp-json\/wp\/v2\/media?parent=2662"}],"curies":[{"name":"wp","href":"https:\/\/api.w.org\/{rel}","templated":true}]}}