{"id":3774,"date":"2023-07-25T14:53:45","date_gmt":"2023-07-25T13:53:45","guid":{"rendered":"https:\/\/blogsaverroes.juntadeandalucia.es\/ceipmariamoreno\/?page_id=3774"},"modified":"2023-08-22T11:02:57","modified_gmt":"2023-08-22T10:02:57","slug":"menu-comedor","status":"publish","type":"page","link":"https:\/\/blogsaverroes.juntadeandalucia.es\/ceipmariamoreno\/menu-comedor\/","title":{"rendered":"Men\u00fa Comedor"},"content":{"rendered":"<h1>Men\u00fa del Comedor Escolar durante el curso 2022\/2023<\/h1>\n<ul>\n<li><a title=\"Men\u00fa Comedor - Junio 2023 (PDF)\" href=\"https:\/\/drive.google.com\/file\/d\/1vc0W7wEncQovCSMBCsQLpfNC88UOaLkY\/view\">Men\u00fa de Junio 2023 (PDF)<\/a><\/li>\n<li><a href=\"https:\/\/drive.google.com\/file\/d\/1XBL2CT_FkkZMCkuqYtXt_DByV3fb4mZ8\/view?usp=share_link\">Men\u00fa de Mayo 2023 (PDF)<\/a><\/li>\n<li><a href=\"https:\/\/drive.google.com\/file\/d\/1rLkIuLbbg6Z5kYe7Q_GjU5X9Tu_5WnuG\/view?usp=share_link\">Men\u00fa de Abril 2023 (PDF)<\/a><\/li>\n<li><a href=\"https:\/\/drive.google.com\/file\/d\/1F0NE3fnQ1HFX8Q1TOt5n4lqacBr0AvBG\/view?usp=share_link\">Men\u00fa de Marzo 2023 (PDF)<\/a><\/li>\n<li><a href=\"https:\/\/drive.google.com\/file\/d\/12dbuewhR0auQAX_kxey5bWBeh_DFUSbB\/view?usp=share_link\">Men\u00fa de Febrero 2023 (PDF)<\/a><\/li>\n<li><a href=\"https:\/\/drive.google.com\/file\/d\/1QnYZ8qAoA5cMU3SKucgPe_HmMcu1AY1s\/view?usp=share_link\">Men\u00fa de Enero 2023 (PDF)<\/a><\/li>\n<li><a href=\"https:\/\/drive.google.com\/file\/d\/1qxS0IEPRVRtRDQG_eIEMfurRJanw-A9Z\/view?usp=share_link\">Men\u00fa de Diciembre 2022 (PDF)<\/a><\/li>\n<li>Men\u00fa de Noviembre 2022 (PDF)<\/li>\n<li>Men\u00fa de Octubre 2022 (PDF)<\/li>\n<li><a href=\"https:\/\/drive.google.com\/file\/d\/12RGVbLYfS23LZS-CMhoHoLiB3IXwY0rX\/view?usp=drivesdk\">Men\u00fa de Septiembre 2022 (PDF)<\/a><\/li>\n<\/ul>\n","protected":false},"excerpt":{"rendered":"<p>Men\u00fa del Comedor Escolar durante el curso 2022\/2023 Men\u00fa de Junio 2023 (PDF) Men\u00fa de Mayo 2023 (PDF) Men\u00fa de Abril 2023 (PDF) Men\u00fa de Marzo 2023 (PDF) Men\u00fa de Febrero 2023 (PDF) Men\u00fa&#46;&#46;&#46;<\/p>\n","protected":false},"author":13322,"featured_media":0,"parent":0,"menu_order":0,"comment_status":"closed","ping_status":"closed","template":"","meta":{"ngg_post_thumbnail":0,"footnotes":""},"aioseo_notices":[],"_links":{"self":[{"href":"https:\/\/blogsaverroes.juntadeandalucia.es\/ceipmariamoreno\/wp-json\/wp\/v2\/pages\/3774"}],"collection":[{"href":"https:\/\/blogsaverroes.juntadeandalucia.es\/ceipmariamoreno\/wp-json\/wp\/v2\/pages"}],"about":[{"href":"https:\/\/blogsaverroes.juntadeandalucia.es\/ceipmariamoreno\/wp-json\/wp\/v2\/types\/page"}],"author":[{"embeddable":true,"href":"https:\/\/blogsaverroes.juntadeandalucia.es\/ceipmariamoreno\/wp-json\/wp\/v2\/users\/13322"}],"replies":[{"embeddable":true,"href":"https:\/\/blogsaverroes.juntadeandalucia.es\/ceipmariamoreno\/wp-json\/wp\/v2\/comments?post=3774"}],"version-history":[{"count":4,"href":"https:\/\/blogsaverroes.juntadeandalucia.es\/ceipmariamoreno\/wp-json\/wp\/v2\/pages\/3774\/revisions"}],"predecessor-version":[{"id":3853,"href":"https:\/\/blogsaverroes.juntadeandalucia.es\/ceipmariamoreno\/wp-json\/wp\/v2\/pages\/3774\/revisions\/3853"}],"wp:attachment":[{"href":"https:\/\/blogsaverroes.juntadeandalucia.es\/ceipmariamoreno\/wp-json\/wp\/v2\/media?parent=3774"}],"curies":[{"name":"wp","href":"https:\/\/api.w.org\/{rel}","templated":true}]}}