{"id":3821,"date":"2023-08-01T16:11:48","date_gmt":"2023-08-01T15:11:48","guid":{"rendered":"https:\/\/blogsaverroes.juntadeandalucia.es\/ceipmariamoreno\/?page_id=3821"},"modified":"2025-05-15T17:36:11","modified_gmt":"2025-05-15T16:36:11","slug":"comunidad-de-aprendizaje","status":"publish","type":"page","link":"https:\/\/blogsaverroes.juntadeandalucia.es\/ceipmariamoreno\/comunidad-de-aprendizaje\/","title":{"rendered":"Comunidad de Aprendizaje"},"content":{"rendered":"<p><span style=\"color: #0000ff\"><em><img loading=\"lazy\" decoding=\"async\" class=\" wp-image-3845 alignleft\" src=\"https:\/\/blogsaverroes.juntadeandalucia.es\/ceipmariamoreno\/files\/2023\/08\/dedo.png\" alt=\"\" width=\"105\" height=\"54\"\/>Las Comunidades de Aprendizaje son una propuesta de transformaci\u00f3n del centro escolar que tienen el objetivo de mejorar el aprendizaje y la convivencia. Se fundamentan en Actuaciones Educativas de \u00c9xito, entre ellas, el Modelo Dial\u00f3gico de Resoluci\u00f3n de Conflictos, basado en el di\u00e1logo igualitario, e involucra a toda la comunidad educativa participando en los procesos del centro. Este modelo promueve asambleas y espacios de di\u00e1logo en los que todos pueden participar, puesto que todas las aportaciones son valiosas y escuchadas por todos y todas. <a href=\"https:\/\/comunidadesdeaprendizaje.net\/\">[ + Info]<\/a>.<\/em><\/span><\/p>\n<p>Durante el<strong> curso 2022-2023<\/strong> iniciamos el proceso de cambio de nuestro modelo de centro para convertirnos en Comunidad de Aprendizaje, activando una fase formativa del equipo docente y trabajando duro en la presentaci\u00f3n de una propuesta capaz de explicar nuestra visi\u00f3n del proceso educativo y nuestras expectativas. Esta primera fase concluy\u00f3 de forma satisfactoria: logramos la aprobaci\u00f3n &nbsp;del Ministerio de Educaci\u00f3n para avanzar en este ilusionante cambio, un cambio que para nosotros resulta un paso natural, pues la presencia de familia y agentes sociales siempre ha estado presente en la realidad del centro.<\/p>\n<p>El <strong>curso 2023-2024<\/strong> fue el momento de pasar a la ACCI\u00d3N. Era hora de so\u00f1ar con un colegio ideal e invitar a toda la comunidad educativa a compartir sus sue\u00f1os para, a trav\u00e9s del di\u00e1logo y la ciencia, hacer realidad esas enso\u00f1aciones. Llegaba, pues, el momento de hacer realidad este proyecto transformador. Y para representar todo este proceso de cambio se eligi\u00f3 la mariposa como emblema de nuestra Comunidad de Aprendizaje.<\/p>\n<p>La mariposa es el s\u00edmbolo del cambio por excelencia. Por un lado, la metamorfosis de la mariposa representa un profundo cambio, uno que se inicia desde el interior, al igual que nuestra transformaci\u00f3n, protagonizada por la comunidad educativa del CEIP Mar\u00eda Moreno: alumnado, equipo docente, familiares y amigos del cole. Por otro lado, el esplendor de la mariposa refleja el resultado final de un complejo proceso, representa la meta a alcanzar, la clara imagen del final del proceso. Por ello, nuestro cole se llena de mariposas de distintos colores y formas, y los diferentes matices de sus alas nos ayudan a recordar y celebrar cada peque\u00f1o logro de este prometedor cambio.<\/p>\n<p><strong>Desde el curso 2024 en adelante&#8230;<\/strong>nuestro claustro sigue implicado en su formaci\u00f3n continua y pone en pr\u00e1ctica actuaciones educativas de \u00e9xito dentro del aula, como tertulias dial\u00f3gicas, grupos interactivos o el m\u00e9todo de resoluci\u00f3n dial\u00f3gica de conflictos.<\/p>\n<p>&nbsp;<\/p>\n<p>&nbsp;<\/p>\n","protected":false},"excerpt":{"rendered":"<p>Las Comunidades de Aprendizaje son una propuesta de transformaci\u00f3n del centro escolar que tienen el objetivo de mejorar el aprendizaje y la convivencia. Se fundamentan en Actuaciones Educativas de \u00c9xito, entre ellas, el Modelo&#46;&#46;&#46;<\/p>\n","protected":false},"author":13322,"featured_media":0,"parent":0,"menu_order":0,"comment_status":"closed","ping_status":"closed","template":"","meta":{"ngg_post_thumbnail":0,"footnotes":""},"aioseo_notices":[],"_links":{"self":[{"href":"https:\/\/blogsaverroes.juntadeandalucia.es\/ceipmariamoreno\/wp-json\/wp\/v2\/pages\/3821"}],"collection":[{"href":"https:\/\/blogsaverroes.juntadeandalucia.es\/ceipmariamoreno\/wp-json\/wp\/v2\/pages"}],"about":[{"href":"https:\/\/blogsaverroes.juntadeandalucia.es\/ceipmariamoreno\/wp-json\/wp\/v2\/types\/page"}],"author":[{"embeddable":true,"href":"https:\/\/blogsaverroes.juntadeandalucia.es\/ceipmariamoreno\/wp-json\/wp\/v2\/users\/13322"}],"replies":[{"embeddable":true,"href":"https:\/\/blogsaverroes.juntadeandalucia.es\/ceipmariamoreno\/wp-json\/wp\/v2\/comments?post=3821"}],"version-history":[{"count":17,"href":"https:\/\/blogsaverroes.juntadeandalucia.es\/ceipmariamoreno\/wp-json\/wp\/v2\/pages\/3821\/revisions"}],"predecessor-version":[{"id":4961,"href":"https:\/\/blogsaverroes.juntadeandalucia.es\/ceipmariamoreno\/wp-json\/wp\/v2\/pages\/3821\/revisions\/4961"}],"wp:attachment":[{"href":"https:\/\/blogsaverroes.juntadeandalucia.es\/ceipmariamoreno\/wp-json\/wp\/v2\/media?parent=3821"}],"curies":[{"name":"wp","href":"https:\/\/api.w.org\/{rel}","templated":true}]}}