{"id":3856,"date":"2023-08-25T20:26:54","date_gmt":"2023-08-25T19:26:54","guid":{"rendered":"https:\/\/blogsaverroes.juntadeandalucia.es\/ceipmariamoreno\/?page_id=3856"},"modified":"2024-10-11T18:37:40","modified_gmt":"2024-10-11T17:37:40","slug":"libros","status":"publish","type":"page","link":"https:\/\/blogsaverroes.juntadeandalucia.es\/ceipmariamoreno\/libros\/","title":{"rendered":"LIBROS"},"content":{"rendered":"<h1>Educaci\u00f3n Infantil<\/h1>\n<p>Durante la etapa de Educaci\u00f3n Infantil, utilizaremos libros de la editorial Santillana.<strong> Santillana Proyectos<\/strong>.<\/p>\n<h3>Infantil 3 A\u00f1os<\/h3>\n<p>ISBN de los libros a utilizar durante el curso 2024\/25:<\/p>\n<ul>\n<li style=\"list-style-type: none\">\n<ul>\n<li>Cuerpo nivel 1: 9788468066806<\/li>\n<li>Agua nivel 1: 9788468049076<\/li>\n<li>Circo nivel 1: 9788468049175<\/li>\n<li>Religi\u00f3n Cat\u00f3lica,\u00a1S\u00cdGUEME!. 3 a\u00f1os: 9788414338223<\/li>\n<\/ul>\n<\/li>\n<\/ul>\n<h3>Infantil 4 A\u00f1os<\/h3>\n<p>ISBN de los libros a utilizar durante el curso 2024\/25:<\/p>\n<ul>\n<li>Dinosaurios nivel 2: 9788468049786<\/li>\n<li>Castillos nivel 2: 9788468049113<\/li>\n<li>Egipto nivel 2: 9788468058030<\/li>\n<li>Religi\u00f3n Cat\u00f3lica. \u00a1S\u00cdGUEME! 4 a\u00f1os: 9788414338247<\/li>\n<\/ul>\n<h3>Infantil 5 A\u00f1os<\/h3>\n<p>ISBN de los libros a utilizar durante el curso 2024\/25:<\/p>\n<ul>\n<li>Dinosaurios nivel 3: 9788468049731<\/li>\n<li>Castillos nivel 3: 9788468049144<\/li>\n<li>Egipto nivel 3: 9788468058054<\/li>\n<li>Religi\u00f3n Cat\u00f3lica. \u00a1S\u00cdGUEME! 5 a\u00f1os: 9788414338261<\/li>\n<\/ul>\n<h1>Educaci\u00f3n Primaria<\/h1>\n<p>A lo largo de la etapa de Educaci\u00f3n Primaria trabajaremos con la editorial SM.<\/p>\n<p>En Matem\u00e1ticas, sin embargo, usamos el libro de texto de la editorial ANAYA y en Ingl\u00e9s utilizamos los recursos de Oxford.&nbsp;<\/p>\n","protected":false},"excerpt":{"rendered":"<p>Educaci\u00f3n Infantil Durante la etapa de Educaci\u00f3n Infantil, utilizaremos libros de la editorial Santillana. Santillana Proyectos. Infantil 3 A\u00f1os ISBN de los libros a utilizar durante el curso 2024\/25: Cuerpo nivel 1: 9788468066806 Agua&#46;&#46;&#46;<\/p>\n","protected":false},"author":13322,"featured_media":0,"parent":0,"menu_order":0,"comment_status":"closed","ping_status":"closed","template":"","meta":{"ngg_post_thumbnail":0,"footnotes":""},"aioseo_notices":[],"_links":{"self":[{"href":"https:\/\/blogsaverroes.juntadeandalucia.es\/ceipmariamoreno\/wp-json\/wp\/v2\/pages\/3856"}],"collection":[{"href":"https:\/\/blogsaverroes.juntadeandalucia.es\/ceipmariamoreno\/wp-json\/wp\/v2\/pages"}],"about":[{"href":"https:\/\/blogsaverroes.juntadeandalucia.es\/ceipmariamoreno\/wp-json\/wp\/v2\/types\/page"}],"author":[{"embeddable":true,"href":"https:\/\/blogsaverroes.juntadeandalucia.es\/ceipmariamoreno\/wp-json\/wp\/v2\/users\/13322"}],"replies":[{"embeddable":true,"href":"https:\/\/blogsaverroes.juntadeandalucia.es\/ceipmariamoreno\/wp-json\/wp\/v2\/comments?post=3856"}],"version-history":[{"count":12,"href":"https:\/\/blogsaverroes.juntadeandalucia.es\/ceipmariamoreno\/wp-json\/wp\/v2\/pages\/3856\/revisions"}],"predecessor-version":[{"id":4470,"href":"https:\/\/blogsaverroes.juntadeandalucia.es\/ceipmariamoreno\/wp-json\/wp\/v2\/pages\/3856\/revisions\/4470"}],"wp:attachment":[{"href":"https:\/\/blogsaverroes.juntadeandalucia.es\/ceipmariamoreno\/wp-json\/wp\/v2\/media?parent=3856"}],"curies":[{"name":"wp","href":"https:\/\/api.w.org\/{rel}","templated":true}]}}