{"id":5128,"date":"2025-09-08T12:45:11","date_gmt":"2025-09-08T11:45:11","guid":{"rendered":"https:\/\/blogsaverroes.juntadeandalucia.es\/ceipmariamoreno\/?page_id=5128"},"modified":"2025-09-13T12:43:35","modified_gmt":"2025-09-13T11:43:35","slug":"equipo-docente","status":"publish","type":"page","link":"https:\/\/blogsaverroes.juntadeandalucia.es\/ceipmariamoreno\/equipo-docente\/","title":{"rendered":"Equipo Docente"},"content":{"rendered":"<h1>Equipo Docente 2025\/2026<\/h1>\n<p>Este es nuestro equipo para el curso 2025\/26.<\/p>\n<p><img loading=\"lazy\" decoding=\"async\" class=\"aligncenter size-full wp-image-5129\" src=\"https:\/\/blogsaverroes.juntadeandalucia.es\/ceipmariamoreno\/files\/2025\/09\/IMG_4875-scaled.jpg\" alt=\"\" width=\"2560\" height=\"1920\" srcset=\"https:\/\/blogsaverroes.juntadeandalucia.es\/ceipmariamoreno\/files\/2025\/09\/IMG_4875-scaled.jpg 2560w, https:\/\/blogsaverroes.juntadeandalucia.es\/ceipmariamoreno\/files\/2025\/09\/IMG_4875-300x225.jpg 300w, https:\/\/blogsaverroes.juntadeandalucia.es\/ceipmariamoreno\/files\/2025\/09\/IMG_4875-1024x768.jpg 1024w, https:\/\/blogsaverroes.juntadeandalucia.es\/ceipmariamoreno\/files\/2025\/09\/IMG_4875-768x576.jpg 768w, https:\/\/blogsaverroes.juntadeandalucia.es\/ceipmariamoreno\/files\/2025\/09\/IMG_4875-1536x1152.jpg 1536w, https:\/\/blogsaverroes.juntadeandalucia.es\/ceipmariamoreno\/files\/2025\/09\/IMG_4875-2048x1536.jpg 2048w\" sizes=\"(max-width: 2560px) 100vw, 2560px\" \/><\/p>\n<h3>&nbsp;<\/h3>\n<h3>Tutor\u00edas de Educaci\u00f3n Infantil:<\/h3>\n<ul>\n<li>Ana Bel\u00e9n Mellado Segura. Tutora Ed. Infantil 3 A\u00f1os<\/li>\n<li>Loreto Fern\u00e1ndez Romero. Tutora Ed. Infantil 4 A\u00f1os<\/li>\n<li>Elena G\u00f3mez Montoro. Tutora Ed. Infantil 5 A\u00f1os<\/li>\n<\/ul>\n<p><img loading=\"lazy\" decoding=\"async\" class=\"aligncenter size-full wp-image-5134\" src=\"https:\/\/blogsaverroes.juntadeandalucia.es\/ceipmariamoreno\/files\/2025\/09\/IMG_5091-scaled.jpg\" alt=\"\" width=\"2560\" height=\"1920\" srcset=\"https:\/\/blogsaverroes.juntadeandalucia.es\/ceipmariamoreno\/files\/2025\/09\/IMG_5091-scaled.jpg 2560w, https:\/\/blogsaverroes.juntadeandalucia.es\/ceipmariamoreno\/files\/2025\/09\/IMG_5091-300x225.jpg 300w, https:\/\/blogsaverroes.juntadeandalucia.es\/ceipmariamoreno\/files\/2025\/09\/IMG_5091-1024x768.jpg 1024w, https:\/\/blogsaverroes.juntadeandalucia.es\/ceipmariamoreno\/files\/2025\/09\/IMG_5091-768x576.jpg 768w, https:\/\/blogsaverroes.juntadeandalucia.es\/ceipmariamoreno\/files\/2025\/09\/IMG_5091-1536x1152.jpg 1536w, https:\/\/blogsaverroes.juntadeandalucia.es\/ceipmariamoreno\/files\/2025\/09\/IMG_5091-2048x1536.jpg 2048w\" sizes=\"(max-width: 2560px) 100vw, 2560px\" \/><\/p>\n<h3>&nbsp;<\/h3>\n<h3>Tutor\u00edas de Aulas Arco Iris:<\/h3>\n<ul>\n<li>Magdalena Garc\u00eda Capit\u00e1n. Tutora&nbsp;<\/li>\n<li>Mar\u00eda Vera Bustos. Tutora&nbsp;<\/li>\n<\/ul>\n<p><img loading=\"lazy\" decoding=\"async\" class=\"aligncenter size-full wp-image-5135\" src=\"https:\/\/blogsaverroes.juntadeandalucia.es\/ceipmariamoreno\/files\/2025\/09\/IMG_5101-scaled.jpg\" alt=\"\" width=\"2560\" height=\"1920\" srcset=\"https:\/\/blogsaverroes.juntadeandalucia.es\/ceipmariamoreno\/files\/2025\/09\/IMG_5101-scaled.jpg 2560w, https:\/\/blogsaverroes.juntadeandalucia.es\/ceipmariamoreno\/files\/2025\/09\/IMG_5101-300x225.jpg 300w, https:\/\/blogsaverroes.juntadeandalucia.es\/ceipmariamoreno\/files\/2025\/09\/IMG_5101-1024x768.jpg 1024w, https:\/\/blogsaverroes.juntadeandalucia.es\/ceipmariamoreno\/files\/2025\/09\/IMG_5101-768x576.jpg 768w, https:\/\/blogsaverroes.juntadeandalucia.es\/ceipmariamoreno\/files\/2025\/09\/IMG_5101-1536x1152.jpg 1536w, https:\/\/blogsaverroes.juntadeandalucia.es\/ceipmariamoreno\/files\/2025\/09\/IMG_5101-2048x1536.jpg 2048w\" sizes=\"(max-width: 2560px) 100vw, 2560px\" \/><\/p>\n<h3>&nbsp;<\/h3>\n<h3>Tutor\u00edas de Primer Ciclo de Educaci\u00f3n Primaria:<\/h3>\n<ul>\n<li>Mar\u00eda Paz Ortega Mu\u00f1oz. Tutora 1\u00ba A EP<\/li>\n<li>Esther Murillo Amado. Tutora 1\u00ba B EP<\/li>\n<li>Carmen Mar\u00eda Luque Fern\u00e1ndez. Tutora 2\u00ba A<\/li>\n<li>Isabel Garc\u00eda Silva. Tutora 2\u00ba B<\/li>\n<\/ul>\n<p><img loading=\"lazy\" decoding=\"async\" class=\"aligncenter size-full wp-image-5140\" src=\"https:\/\/blogsaverroes.juntadeandalucia.es\/ceipmariamoreno\/files\/2025\/09\/IMG_5153-scaled.jpg\" alt=\"\" width=\"2560\" height=\"1920\" srcset=\"https:\/\/blogsaverroes.juntadeandalucia.es\/ceipmariamoreno\/files\/2025\/09\/IMG_5153-scaled.jpg 2560w, https:\/\/blogsaverroes.juntadeandalucia.es\/ceipmariamoreno\/files\/2025\/09\/IMG_5153-300x225.jpg 300w, https:\/\/blogsaverroes.juntadeandalucia.es\/ceipmariamoreno\/files\/2025\/09\/IMG_5153-1024x768.jpg 1024w, https:\/\/blogsaverroes.juntadeandalucia.es\/ceipmariamoreno\/files\/2025\/09\/IMG_5153-768x576.jpg 768w, https:\/\/blogsaverroes.juntadeandalucia.es\/ceipmariamoreno\/files\/2025\/09\/IMG_5153-1536x1152.jpg 1536w, https:\/\/blogsaverroes.juntadeandalucia.es\/ceipmariamoreno\/files\/2025\/09\/IMG_5153-2048x1536.jpg 2048w\" sizes=\"(max-width: 2560px) 100vw, 2560px\" \/><\/p>\n<h3>&nbsp;<\/h3>\n<h3>Tutor\u00edas de Segundo Ciclo de Educaci\u00f3n Primaria:<\/h3>\n<ul>\n<li>Mar\u00eda Eugenia Lara Guti\u00e9rrez. Tutora 3\u00ba EP<\/li>\n<li>Luc\u00eda Gonz\u00e1lez de la Plata. Tutora 4\u00ba EP<\/li>\n<\/ul>\n<p><img loading=\"lazy\" decoding=\"async\" class=\"aligncenter size-full wp-image-5136\" src=\"https:\/\/blogsaverroes.juntadeandalucia.es\/ceipmariamoreno\/files\/2025\/09\/IMG_5108-scaled.jpg\" alt=\"\" width=\"2560\" height=\"1920\" srcset=\"https:\/\/blogsaverroes.juntadeandalucia.es\/ceipmariamoreno\/files\/2025\/09\/IMG_5108-scaled.jpg 2560w, https:\/\/blogsaverroes.juntadeandalucia.es\/ceipmariamoreno\/files\/2025\/09\/IMG_5108-300x225.jpg 300w, https:\/\/blogsaverroes.juntadeandalucia.es\/ceipmariamoreno\/files\/2025\/09\/IMG_5108-1024x768.jpg 1024w, https:\/\/blogsaverroes.juntadeandalucia.es\/ceipmariamoreno\/files\/2025\/09\/IMG_5108-768x576.jpg 768w, https:\/\/blogsaverroes.juntadeandalucia.es\/ceipmariamoreno\/files\/2025\/09\/IMG_5108-1536x1152.jpg 1536w, https:\/\/blogsaverroes.juntadeandalucia.es\/ceipmariamoreno\/files\/2025\/09\/IMG_5108-2048x1536.jpg 2048w\" sizes=\"(max-width: 2560px) 100vw, 2560px\" \/><\/p>\n<h3>&nbsp;<\/h3>\n<h3>Tutor\u00edas de Tercer Ciclo de Educaci\u00f3n Primaria:<\/h3>\n<ul>\n<li>Mar\u00eda Jes\u00fas Vidal Castro. Tutora 5\u00ba EP<\/li>\n<li>Fernando Gabriel de Rus Guti\u00e9rrez. Tutor 6\u00ba EP<\/li>\n<\/ul>\n<p><img loading=\"lazy\" decoding=\"async\" class=\"aligncenter size-full wp-image-5139\" src=\"https:\/\/blogsaverroes.juntadeandalucia.es\/ceipmariamoreno\/files\/2025\/09\/IMG_5124-scaled.jpg\" alt=\"\" width=\"2560\" height=\"1920\" srcset=\"https:\/\/blogsaverroes.juntadeandalucia.es\/ceipmariamoreno\/files\/2025\/09\/IMG_5124-scaled.jpg 2560w, https:\/\/blogsaverroes.juntadeandalucia.es\/ceipmariamoreno\/files\/2025\/09\/IMG_5124-300x225.jpg 300w, https:\/\/blogsaverroes.juntadeandalucia.es\/ceipmariamoreno\/files\/2025\/09\/IMG_5124-1024x768.jpg 1024w, https:\/\/blogsaverroes.juntadeandalucia.es\/ceipmariamoreno\/files\/2025\/09\/IMG_5124-768x576.jpg 768w, https:\/\/blogsaverroes.juntadeandalucia.es\/ceipmariamoreno\/files\/2025\/09\/IMG_5124-1536x1152.jpg 1536w, https:\/\/blogsaverroes.juntadeandalucia.es\/ceipmariamoreno\/files\/2025\/09\/IMG_5124-2048x1536.jpg 2048w\" sizes=\"(max-width: 2560px) 100vw, 2560px\" \/><\/p>\n<p>&nbsp;<\/p>\n<h3>Especialistas:<\/h3>\n<ul>\n<li>Yolanda Ortiz Luque. Educaci\u00f3n F\u00edsica [<a href=\"https:\/\/view.genially.com\/61b4c15baf65320ded94e1e9\" target=\"_blank\" rel=\"noopener\">Ver BIO<\/a>]<\/li>\n<li>Mar\u00eda del Carmen Redondo. Ingl\u00e9s<\/li>\n<li>Isabel Cepas Cabrera. Primaria Biling\u00fce Ingl\u00e9s<\/li>\n<li>Isabel Gil Casado. Ingl\u00e9s&nbsp;<\/li>\n<li>Mar\u00eda Dolores Revuelto Hidalgo. PTIS<\/li>\n<li>Mar\u00eda Jos\u00e9 Cepas G\u00f3mez. PTIS<\/li>\n<li>Felisa Bermejo Mascaraque. Orientadora<\/li>\n<li>Isabel Escamilla Garc\u00eda. Audici\u00f3n y Lenguaje<\/li>\n<li>Carmen Laura Acosta Fraga. Pedagog\u00eda Terap\u00e9utica<\/li>\n<li>Bel\u00e9n Garc\u00eda Conde. Pedagog\u00eda Terap\u00e9utica<\/li>\n<li>Mar\u00eda Dolores Cantador. Religi\u00f3n<span class=\"Apple-converted-space\">&nbsp;<\/span><\/li>\n<\/ul>\n<p><img loading=\"lazy\" decoding=\"async\" class=\"aligncenter size-full wp-image-5152\" src=\"https:\/\/blogsaverroes.juntadeandalucia.es\/ceipmariamoreno\/files\/2025\/09\/IMG_5164-scaled.jpg\" alt=\"\" width=\"2560\" height=\"1920\" srcset=\"https:\/\/blogsaverroes.juntadeandalucia.es\/ceipmariamoreno\/files\/2025\/09\/IMG_5164-scaled.jpg 2560w, https:\/\/blogsaverroes.juntadeandalucia.es\/ceipmariamoreno\/files\/2025\/09\/IMG_5164-300x225.jpg 300w, https:\/\/blogsaverroes.juntadeandalucia.es\/ceipmariamoreno\/files\/2025\/09\/IMG_5164-1024x768.jpg 1024w, https:\/\/blogsaverroes.juntadeandalucia.es\/ceipmariamoreno\/files\/2025\/09\/IMG_5164-768x576.jpg 768w, https:\/\/blogsaverroes.juntadeandalucia.es\/ceipmariamoreno\/files\/2025\/09\/IMG_5164-1536x1152.jpg 1536w, https:\/\/blogsaverroes.juntadeandalucia.es\/ceipmariamoreno\/files\/2025\/09\/IMG_5164-2048x1536.jpg 2048w\" sizes=\"(max-width: 2560px) 100vw, 2560px\" \/><\/p>\n<p>&nbsp;<\/p>\n","protected":false},"excerpt":{"rendered":"<p>Equipo Docente 2025\/2026 Este es nuestro equipo para el curso 2025\/26. &nbsp; Tutor\u00edas de Educaci\u00f3n Infantil: Ana Bel\u00e9n Mellado Segura. Tutora Ed. Infantil 3 A\u00f1os Loreto Fern\u00e1ndez Romero. Tutora Ed. Infantil 4 A\u00f1os Elena&#46;&#46;&#46;<\/p>\n","protected":false},"author":13322,"featured_media":0,"parent":0,"menu_order":0,"comment_status":"closed","ping_status":"closed","template":"","meta":{"ngg_post_thumbnail":0,"footnotes":""},"aioseo_notices":[],"_links":{"self":[{"href":"https:\/\/blogsaverroes.juntadeandalucia.es\/ceipmariamoreno\/wp-json\/wp\/v2\/pages\/5128"}],"collection":[{"href":"https:\/\/blogsaverroes.juntadeandalucia.es\/ceipmariamoreno\/wp-json\/wp\/v2\/pages"}],"about":[{"href":"https:\/\/blogsaverroes.juntadeandalucia.es\/ceipmariamoreno\/wp-json\/wp\/v2\/types\/page"}],"author":[{"embeddable":true,"href":"https:\/\/blogsaverroes.juntadeandalucia.es\/ceipmariamoreno\/wp-json\/wp\/v2\/users\/13322"}],"replies":[{"embeddable":true,"href":"https:\/\/blogsaverroes.juntadeandalucia.es\/ceipmariamoreno\/wp-json\/wp\/v2\/comments?post=5128"}],"version-history":[{"count":16,"href":"https:\/\/blogsaverroes.juntadeandalucia.es\/ceipmariamoreno\/wp-json\/wp\/v2\/pages\/5128\/revisions"}],"predecessor-version":[{"id":5167,"href":"https:\/\/blogsaverroes.juntadeandalucia.es\/ceipmariamoreno\/wp-json\/wp\/v2\/pages\/5128\/revisions\/5167"}],"wp:attachment":[{"href":"https:\/\/blogsaverroes.juntadeandalucia.es\/ceipmariamoreno\/wp-json\/wp\/v2\/media?parent=5128"}],"curies":[{"name":"wp","href":"https:\/\/api.w.org\/{rel}","templated":true}]}}