{"id":5413,"date":"2026-04-30T11:10:59","date_gmt":"2026-04-30T10:10:59","guid":{"rendered":"https:\/\/blogsaverroes.juntadeandalucia.es\/ceipmariamoreno\/?page_id=5413"},"modified":"2026-04-30T11:29:58","modified_gmt":"2026-04-30T10:29:58","slug":"reconocimientos","status":"publish","type":"page","link":"https:\/\/blogsaverroes.juntadeandalucia.es\/ceipmariamoreno\/reconocimientos\/","title":{"rendered":"Premios y reconocimientos"},"content":{"rendered":"<h2>2026 -Tercer Premio en el XI\u202fCongreso Internacional sobre Educaci\u00f3n Biling\u00fce<\/h2>\n<p>Recibimos el tercer Premio de Buenas Pr\u00e1cticas en el Congreso Internacional de Educaci\u00f3n Biling\u00fce, celebrado en C\u00f3rdoba entre el 21 y 23 de abril de 2026. Accede a la noticia completa <a href=\"https:\/\/blogsaverroes.juntadeandalucia.es\/ceipmariamoreno\/recibimos-el-tercer-premio-en-el-xi-congreso-internacional-sobre-educacion-bilingue\/\" target=\"_blank\" rel=\"noopener\">[Ir]<\/a><\/p>\n<p><img loading=\"lazy\" decoding=\"async\" class=\"aligncenter size-full wp-image-5400\" src=\"https:\/\/blogsaverroes.juntadeandalucia.es\/ceipmariamoreno\/files\/2026\/04\/IMG_9337-scaled.jpg\" alt=\"\" width=\"2560\" height=\"1920\" srcset=\"https:\/\/blogsaverroes.juntadeandalucia.es\/ceipmariamoreno\/files\/2026\/04\/IMG_9337-scaled.jpg 2560w, https:\/\/blogsaverroes.juntadeandalucia.es\/ceipmariamoreno\/files\/2026\/04\/IMG_9337-300x225.jpg 300w, https:\/\/blogsaverroes.juntadeandalucia.es\/ceipmariamoreno\/files\/2026\/04\/IMG_9337-1024x768.jpg 1024w, https:\/\/blogsaverroes.juntadeandalucia.es\/ceipmariamoreno\/files\/2026\/04\/IMG_9337-768x576.jpg 768w, https:\/\/blogsaverroes.juntadeandalucia.es\/ceipmariamoreno\/files\/2026\/04\/IMG_9337-1536x1152.jpg 1536w, https:\/\/blogsaverroes.juntadeandalucia.es\/ceipmariamoreno\/files\/2026\/04\/IMG_9337-2048x1536.jpg 2048w\" sizes=\"(max-width: 2560px) 100vw, 2560px\" \/><\/p>\n<p>&nbsp;<\/p>\n<h2 class=\"post-title entry-title\">2024 &#8211; Menci\u00f3n Honor\u00edfica en los premios \u201cPromoci\u00f3n de Cultura de Paz y Convivencia Escolar en Andaluc\u00eda\u201d<\/h2>\n<p>Obtenemos Menci\u00f3n Honor\u00edfica en los Premios Promoci\u00f3n de Cultura de paz y convivencia escolar en Andaluc\u00eda. Accede a la noticia completa<a href=\"https:\/\/blogsaverroes.juntadeandalucia.es\/ceipmariamoreno\/obtenemos-mencion-honorifica-en-los-premios-promocion-de-cultura-de-paz-y-convivencia-escolar-en-andalucia\/\" target=\"_blank\" rel=\"noopener\"> [Ir]<\/a><\/p>\n<p><img loading=\"lazy\" decoding=\"async\" class=\"aligncenter size-full wp-image-5417\" src=\"https:\/\/blogsaverroes.juntadeandalucia.es\/ceipmariamoreno\/files\/2026\/04\/Imagen-larga-30-4-26-12.18.261.jpg\" alt=\"\" width=\"988\" height=\"715\" srcset=\"https:\/\/blogsaverroes.juntadeandalucia.es\/ceipmariamoreno\/files\/2026\/04\/Imagen-larga-30-4-26-12.18.261.jpg 988w, https:\/\/blogsaverroes.juntadeandalucia.es\/ceipmariamoreno\/files\/2026\/04\/Imagen-larga-30-4-26-12.18.261-300x217.jpg 300w, https:\/\/blogsaverroes.juntadeandalucia.es\/ceipmariamoreno\/files\/2026\/04\/Imagen-larga-30-4-26-12.18.261-768x556.jpg 768w\" sizes=\"(max-width: 988px) 100vw, 988px\" \/><\/p>\n<h2>&nbsp;<\/h2>\n<h2>2023 &#8211; Primer Premio en la XXVII Convocatoria de Peri\u00f3dicos Escolares<\/h2>\n<p>\u201cMoreno News\u201d obtiene el primer premio en la categor\u00eda Infantil-Primaria del concurso de Peri\u00f3dicos Escolares convocado por la Delegaci\u00f3n Territorial de Desarrollo Educativo y Formaci\u00f3n Profesional junto a Cajasur. Nuestra revista escolar ha merecido el premio en la <b>XXVII Convocatoria de Peri\u00f3dicos Escolares<\/b>, correspondiente al curso 2022-23. Accede a la noticia completa <a href=\"https:\/\/blogsaverroes.juntadeandalucia.es\/ceipmariamoreno\/obtenemos-el-primer-premio-en-la-xxvii-convocatoria-de-periodicos-escolares\/\" target=\"_blank\" rel=\"noopener\">[Ir]<\/a><\/p>\n<p><img loading=\"lazy\" decoding=\"async\" class=\"aligncenter wp-image-5416 size-large\" src=\"https:\/\/blogsaverroes.juntadeandalucia.es\/ceipmariamoreno\/files\/2026\/04\/Imagen-larga-30-4-26-12.16.491-678x1024.jpg\" alt=\"\" width=\"678\" height=\"1024\" srcset=\"https:\/\/blogsaverroes.juntadeandalucia.es\/ceipmariamoreno\/files\/2026\/04\/Imagen-larga-30-4-26-12.16.491-678x1024.jpg 678w, https:\/\/blogsaverroes.juntadeandalucia.es\/ceipmariamoreno\/files\/2026\/04\/Imagen-larga-30-4-26-12.16.491-199x300.jpg 199w, https:\/\/blogsaverroes.juntadeandalucia.es\/ceipmariamoreno\/files\/2026\/04\/Imagen-larga-30-4-26-12.16.491-768x1159.jpg 768w, https:\/\/blogsaverroes.juntadeandalucia.es\/ceipmariamoreno\/files\/2026\/04\/Imagen-larga-30-4-26-12.16.491.jpg 976w\" sizes=\"(max-width: 678px) 100vw, 678px\" \/><\/p>\n<h2>2017- Menci\u00f3n Honor\u00edfica en los Premios &#8220;Vida Sana&#8221;<\/h2>\n<p><img loading=\"lazy\" decoding=\"async\" class=\"aligncenter size-full wp-image-5418\" src=\"https:\/\/blogsaverroes.juntadeandalucia.es\/ceipmariamoreno\/files\/2026\/04\/Imagen-larga-30-4-26-12.20.111.jpg\" alt=\"\" width=\"999\" height=\"1244\" srcset=\"https:\/\/blogsaverroes.juntadeandalucia.es\/ceipmariamoreno\/files\/2026\/04\/Imagen-larga-30-4-26-12.20.111.jpg 999w, https:\/\/blogsaverroes.juntadeandalucia.es\/ceipmariamoreno\/files\/2026\/04\/Imagen-larga-30-4-26-12.20.111-241x300.jpg 241w, https:\/\/blogsaverroes.juntadeandalucia.es\/ceipmariamoreno\/files\/2026\/04\/Imagen-larga-30-4-26-12.20.111-822x1024.jpg 822w, https:\/\/blogsaverroes.juntadeandalucia.es\/ceipmariamoreno\/files\/2026\/04\/Imagen-larga-30-4-26-12.20.111-768x956.jpg 768w\" sizes=\"(max-width: 999px) 100vw, 999px\" \/><\/p>\n<p>&nbsp;<\/p>\n<p>&nbsp;<\/p>\n<p>&nbsp;<\/p>\n<p>&nbsp;<\/p>\n<p>&nbsp;<\/p>\n<p>&nbsp;<\/p>\n<p>&nbsp;<\/p>\n<p>&nbsp;<\/p>\n<p>&nbsp;<\/p>\n<p>&nbsp;<\/p>\n","protected":false},"excerpt":{"rendered":"<p>2026 -Tercer Premio en el XI\u202fCongreso Internacional sobre Educaci\u00f3n Biling\u00fce Recibimos el tercer Premio de Buenas Pr\u00e1cticas en el Congreso Internacional de Educaci\u00f3n Biling\u00fce, celebrado en C\u00f3rdoba entre el 21 y 23 de abril&#46;&#46;&#46;<\/p>\n","protected":false},"author":13322,"featured_media":0,"parent":0,"menu_order":0,"comment_status":"closed","ping_status":"closed","template":"","meta":{"ngg_post_thumbnail":0,"footnotes":""},"aioseo_notices":[],"_links":{"self":[{"href":"https:\/\/blogsaverroes.juntadeandalucia.es\/ceipmariamoreno\/wp-json\/wp\/v2\/pages\/5413"}],"collection":[{"href":"https:\/\/blogsaverroes.juntadeandalucia.es\/ceipmariamoreno\/wp-json\/wp\/v2\/pages"}],"about":[{"href":"https:\/\/blogsaverroes.juntadeandalucia.es\/ceipmariamoreno\/wp-json\/wp\/v2\/types\/page"}],"author":[{"embeddable":true,"href":"https:\/\/blogsaverroes.juntadeandalucia.es\/ceipmariamoreno\/wp-json\/wp\/v2\/users\/13322"}],"replies":[{"embeddable":true,"href":"https:\/\/blogsaverroes.juntadeandalucia.es\/ceipmariamoreno\/wp-json\/wp\/v2\/comments?post=5413"}],"version-history":[{"count":5,"href":"https:\/\/blogsaverroes.juntadeandalucia.es\/ceipmariamoreno\/wp-json\/wp\/v2\/pages\/5413\/revisions"}],"predecessor-version":[{"id":5422,"href":"https:\/\/blogsaverroes.juntadeandalucia.es\/ceipmariamoreno\/wp-json\/wp\/v2\/pages\/5413\/revisions\/5422"}],"wp:attachment":[{"href":"https:\/\/blogsaverroes.juntadeandalucia.es\/ceipmariamoreno\/wp-json\/wp\/v2\/media?parent=5413"}],"curies":[{"name":"wp","href":"https:\/\/api.w.org\/{rel}","templated":true}]}}