{"id":4067,"date":"2022-08-15T18:26:56","date_gmt":"2022-08-15T18:26:56","guid":{"rendered":"https:\/\/blogsaverroes.juntadeandalucia.es\/unidadesdidacticasdeptval\/?page_id=4067"},"modified":"2022-09-04T19:27:06","modified_gmt":"2022-09-04T18:27:06","slug":"inicio","status":"publish","type":"page","link":"https:\/\/blogsaverroes.juntadeandalucia.es\/ceipmariazambrano\/inicio\/","title":{"rendered":"Inicio"},"content":{"rendered":"<h2><strong>Bienvenidos al C.E.I.P. Mar\u00eda Zambrano de M\u00e1laga.<\/strong><\/h2>\n<div class=\"entry-article-part entry-article-header\">\n<p class=\"entry-title entry--item\" style=\"text-align: justify\"><img loading=\"lazy\" decoding=\"async\" class=\"alignright wp-image-4369\" style=\"margin-left: 40px;margin-right: 40px\" src=\"https:\/\/blogsaverroes.juntadeandalucia.es\/ceipmariazambrano\/files\/2022\/08\/27955223-300x200.jpg\" alt=\"\" width=\"500\" height=\"333\" srcset=\"https:\/\/blogsaverroes.juntadeandalucia.es\/ceipmariazambrano\/files\/2022\/08\/27955223-300x200.jpg 300w, https:\/\/blogsaverroes.juntadeandalucia.es\/ceipmariazambrano\/files\/2022\/08\/27955223-768x511.jpg 768w, https:\/\/blogsaverroes.juntadeandalucia.es\/ceipmariazambrano\/files\/2022\/08\/27955223.jpg 1024w\" sizes=\"(max-width: 500px) 100vw, 500px\" \/><span style=\"font-size: 12pt\">El colegio Mar\u00eda Zambrano de M\u00e1laga est\u00e1 situado en la zona oeste de la capital malague\u00f1a. Escolariza en torno a 400 alumnos y alumnas de entre 3 y 15 a\u00f1os. En \u00e9l se imparten las siguientes ense\u00f1anzas:<strong><br \/>\n<\/strong><\/span><\/p>\n<\/div>\n<div class=\"entry-content-data\">\n<div class=\"entry-article-part entry-article-body\">\n<div class=\"entry-excerpt entry--item\">\n<p style=\"padding-left: 40px\"><span style=\"font-size: 12pt\">Educaci\u00f3n Infantil:<\/span><\/p>\n<ul>\n<li style=\"list-style-type: none\">\n<ul>\n<li style=\"list-style-type: none\">\n<ul>\n<li><span style=\"font-size: 12pt\">Tres A\u00f1os<\/span><\/li>\n<li><span style=\"font-size: 12pt\">Cuatro A\u00f1os<\/span><\/li>\n<li><span style=\"font-size: 12pt\">Cinco A\u00f1os<\/span><\/li>\n<\/ul>\n<\/li>\n<\/ul>\n<\/li>\n<\/ul>\n<p style=\"padding-left: 40px\"><span style=\"font-size: 12pt\">Educaci\u00f3n Primaria:<\/span><\/p>\n<ul>\n<li style=\"list-style-type: none\">\n<ul>\n<li style=\"list-style-type: none\">\n<ul>\n<li><span style=\"font-size: 12pt\">1\u00ba de Educaci\u00f3n Primaria.<\/span><\/li>\n<li><span style=\"font-size: 12pt\">2\u00ba de Educaci\u00f3n Primaria.<\/span><\/li>\n<li><span style=\"font-size: 12pt\">3\u00ba de Educaci\u00f3n Primaria.<\/span><\/li>\n<li><span style=\"font-size: 12pt\">4\u00ba de Educaci\u00f3n Primaria.<\/span><\/li>\n<li><span style=\"font-size: 12pt\">5\u00ba de Educaci\u00f3n Primaria.<\/span><\/li>\n<li><span style=\"font-size: 12pt\">6\u00ba de Educaci\u00f3n Primaria.<\/span><\/li>\n<\/ul>\n<\/li>\n<\/ul>\n<\/li>\n<\/ul>\n<p style=\"padding-left: 40px\"><span style=\"font-size: 12pt\">Formaci\u00f3n B\u00e1sica Obligatoria<\/span><\/p>\n<ul>\n<li style=\"list-style-type: none\">\n<ul>\n<li style=\"list-style-type: none\">\n<ul>\n<li><span style=\"font-size: 12pt\">F.B.O. 6 A\u00f1os (Autistas)<\/span><\/li>\n<li><span style=\"font-size: 12pt\">F.B.O. 7 A\u00f1os (Autistas)<\/span><\/li>\n<li><span style=\"font-size: 12pt\">F.B.O. 8 A\u00f1os (Autistas)<\/span><\/li>\n<li><span style=\"font-size: 12pt\">F.B.O. 9 A\u00f1os (Autistas)<\/span><\/li>\n<li><span style=\"font-size: 12pt\">F.B.O. 10 A\u00f1os (Autistas)<\/span><\/li>\n<li><span style=\"font-size: 12pt\">F.B.O. 11 A\u00f1os (Autistas)<\/span><\/li>\n<li><span style=\"font-size: 12pt\">F.B.O. 12 A\u00f1os (Autistas)<\/span><\/li>\n<li><span style=\"font-size: 12pt\">F.B.O. 13 A\u00f1os (Autistas)<\/span><\/li>\n<li><span style=\"font-size: 12pt\">F.B.O. 14 A\u00f1os (Autistas)<\/span><\/li>\n<li><span style=\"font-size: 12pt\">F.B.O. 15 A\u00f1os (Autistas)<\/span><\/li>\n<li><span style=\"font-size: 12pt\">3 A\u00f1os en Aula Espec\u00edfica (Autistas)<\/span><\/li>\n<li><span style=\"font-size: 12pt\">4 A\u00f1os en Aula Espec\u00edfica (Autistas)<\/span><\/li>\n<li><span style=\"font-size: 12pt\">5 A\u00f1os en Aula Espec\u00edfica (Autistas)<\/span>&nbsp;<\/li>\n<\/ul>\n<\/li>\n<\/ul>\n<\/li>\n<\/ul>\n<\/div>\n<p>&nbsp;<\/p>\n<\/div>\n<\/div>\n","protected":false},"excerpt":{"rendered":"<p>Bienvenidos al C.E.I.P. Mar\u00eda Zambrano de M\u00e1laga. El colegio Mar\u00eda Zambrano de M\u00e1laga est\u00e1 situado en la zona oeste de&#46;&#46;&#46;<\/p>\n","protected":false},"author":15544,"featured_media":0,"parent":0,"menu_order":0,"comment_status":"closed","ping_status":"closed","template":"","meta":{"ngg_post_thumbnail":0,"footnotes":""},"aioseo_notices":[],"_links":{"self":[{"href":"https:\/\/blogsaverroes.juntadeandalucia.es\/ceipmariazambrano\/wp-json\/wp\/v2\/pages\/4067"}],"collection":[{"href":"https:\/\/blogsaverroes.juntadeandalucia.es\/ceipmariazambrano\/wp-json\/wp\/v2\/pages"}],"about":[{"href":"https:\/\/blogsaverroes.juntadeandalucia.es\/ceipmariazambrano\/wp-json\/wp\/v2\/types\/page"}],"author":[{"embeddable":true,"href":"https:\/\/blogsaverroes.juntadeandalucia.es\/ceipmariazambrano\/wp-json\/wp\/v2\/users\/15544"}],"replies":[{"embeddable":true,"href":"https:\/\/blogsaverroes.juntadeandalucia.es\/ceipmariazambrano\/wp-json\/wp\/v2\/comments?post=4067"}],"version-history":[{"count":7,"href":"https:\/\/blogsaverroes.juntadeandalucia.es\/ceipmariazambrano\/wp-json\/wp\/v2\/pages\/4067\/revisions"}],"predecessor-version":[{"id":4724,"href":"https:\/\/blogsaverroes.juntadeandalucia.es\/ceipmariazambrano\/wp-json\/wp\/v2\/pages\/4067\/revisions\/4724"}],"wp:attachment":[{"href":"https:\/\/blogsaverroes.juntadeandalucia.es\/ceipmariazambrano\/wp-json\/wp\/v2\/media?parent=4067"}],"curies":[{"name":"wp","href":"https:\/\/api.w.org\/{rel}","templated":true}]}}