{"id":4075,"date":"2022-08-15T18:37:18","date_gmt":"2022-08-15T18:37:18","guid":{"rendered":"https:\/\/blogsaverroes.juntadeandalucia.es\/unidadesdidacticasdeptval\/?page_id=4075"},"modified":"2022-08-15T18:37:18","modified_gmt":"2022-08-15T18:37:18","slug":"datos-del-centro","status":"publish","type":"page","link":"https:\/\/blogsaverroes.juntadeandalucia.es\/ceipmariazambrano\/datos-del-centro\/","title":{"rendered":"Datos del centro"},"content":{"rendered":"<p style=\"text-align: justify\" data-wp-editing=\"1\"><img loading=\"lazy\" decoding=\"async\" class=\"alignright wp-image-4369\" src=\"https:\/\/blogsaverroes.juntadeandalucia.es\/ceipmariazambrano\/files\/2022\/08\/27955223-300x200.jpg\" alt=\"\" width=\"400\" height=\"266\" srcset=\"https:\/\/blogsaverroes.juntadeandalucia.es\/ceipmariazambrano\/files\/2022\/08\/27955223-300x200.jpg 300w, https:\/\/blogsaverroes.juntadeandalucia.es\/ceipmariazambrano\/files\/2022\/08\/27955223-768x511.jpg 768w, https:\/\/blogsaverroes.juntadeandalucia.es\/ceipmariazambrano\/files\/2022\/08\/27955223.jpg 1024w\" sizes=\"(max-width: 400px) 100vw, 400px\" \/><span style=\"font-size: 12pt\">El Colegio P\u00fablico &#8220;Mar\u00eda Zambrano&#8221; de M\u00e1laga (antes Cortijo Alto) se encuentra situado en la zona que recibe el mismo nombre (Cortijo Alto), cerca del nuevo Hipercor y frente a las oficinas de Fremap. De los dos edificios que componen el centro, el edificio de Educaci\u00f3n Primaria ,data del 2007 y responde a un estilo arquitect\u00f3nico&nbsp; moderno con claraboyas de luz y techos asim\u00e9tricos en su hall recubiertos de madera. Lo forman un total de&nbsp; 18 aulas (12 en la planta superior y 6 en la inferior)., despachos de Direcci\u00f3n, Jefatura de Estudios, Secretar\u00eda, Administraci\u00f3n, sala del profesorado, aula de inform\u00e1tica y m\u00fasica, sala del AMPA, comedor, biblioteca, sal\u00f3n de actos, aula de Audici\u00f3n y Lenguaje y Psicolog\u00eda Terap\u00e9utica, sala de Orientaci\u00f3n Educativa, gimnasio, vestuarios y almacenes. Adem\u00e1s posee dos amplias pistas polideportivas y jardineras en todo su per\u00edmetro.<\/span><\/p>\n<p style=\"text-align: justify\"><span style=\"font-size: 12pt\">El edificio de Educaci\u00f3n Infantil de planta baja&nbsp; data por su parte del a\u00f1o 2008 y est\u00e1 compuesto por 9 aulas, comedor, aula matinal, sala del profesorado y almac\u00e9n.<\/span><\/p>\n<p><span style=\"font-size: 12pt\">Muy pr\u00f3xima tambi\u00e9n se encuentra la Asociaci\u00f3n de Vecinos perteneciente al barrio y el edificio nuevo de Tr\u00e1fico.&nbsp;<\/span><\/p>\n","protected":false},"excerpt":{"rendered":"<p>El Colegio P\u00fablico &#8220;Mar\u00eda Zambrano&#8221; de M\u00e1laga (antes Cortijo Alto) se encuentra situado en la zona que recibe el mismo&#46;&#46;&#46;<\/p>\n","protected":false},"author":15544,"featured_media":0,"parent":0,"menu_order":0,"comment_status":"closed","ping_status":"closed","template":"","meta":{"ngg_post_thumbnail":0,"footnotes":""},"aioseo_notices":[],"_links":{"self":[{"href":"https:\/\/blogsaverroes.juntadeandalucia.es\/ceipmariazambrano\/wp-json\/wp\/v2\/pages\/4075"}],"collection":[{"href":"https:\/\/blogsaverroes.juntadeandalucia.es\/ceipmariazambrano\/wp-json\/wp\/v2\/pages"}],"about":[{"href":"https:\/\/blogsaverroes.juntadeandalucia.es\/ceipmariazambrano\/wp-json\/wp\/v2\/types\/page"}],"author":[{"embeddable":true,"href":"https:\/\/blogsaverroes.juntadeandalucia.es\/ceipmariazambrano\/wp-json\/wp\/v2\/users\/15544"}],"replies":[{"embeddable":true,"href":"https:\/\/blogsaverroes.juntadeandalucia.es\/ceipmariazambrano\/wp-json\/wp\/v2\/comments?post=4075"}],"version-history":[{"count":0,"href":"https:\/\/blogsaverroes.juntadeandalucia.es\/ceipmariazambrano\/wp-json\/wp\/v2\/pages\/4075\/revisions"}],"wp:attachment":[{"href":"https:\/\/blogsaverroes.juntadeandalucia.es\/ceipmariazambrano\/wp-json\/wp\/v2\/media?parent=4075"}],"curies":[{"name":"wp","href":"https:\/\/api.w.org\/{rel}","templated":true}]}}