{"id":4081,"date":"2022-08-15T18:38:57","date_gmt":"2022-08-15T18:38:57","guid":{"rendered":"https:\/\/blogsaverroes.juntadeandalucia.es\/unidadesdidacticasdeptval\/?page_id=4081"},"modified":"2022-11-22T16:37:30","modified_gmt":"2022-11-22T15:37:30","slug":"consejo-escolar","status":"publish","type":"page","link":"https:\/\/blogsaverroes.juntadeandalucia.es\/ceipmariazambrano\/nuestro-centro\/consejo-escolar\/","title":{"rendered":"Consejo Escolar"},"content":{"rendered":"<h2><strong><span style=\"font-size: 14pt\">INFORMACI\u00d3N RENOVACI\u00d3N CONSEJO ESCOLAR CURSO 2022-2023<\/span><\/strong><\/h2>\n<p style=\"text-align: justify\"><img loading=\"lazy\" decoding=\"async\" class=\"alignleft wp-image-4386 size-medium\" style=\"margin-left: 40px;margin-right: 40px\" src=\"https:\/\/blogsaverroes.juntadeandalucia.es\/ceipmariazambrano\/files\/2022\/08\/elecciones-260x300.jpg\" alt=\"\" width=\"260\" height=\"300\" srcset=\"https:\/\/blogsaverroes.juntadeandalucia.es\/ceipmariazambrano\/files\/2022\/08\/elecciones-260x300.jpg 260w, https:\/\/blogsaverroes.juntadeandalucia.es\/ceipmariazambrano\/files\/2022\/08\/elecciones.jpg 647w\" sizes=\"(max-width: 260px) 100vw, 260px\" \/><\/p>\n<p style=\"text-align: justify\">Se ha publicado la convocatoria de celebraci\u00f3n de elecciones extraordinarias de representantes en el Consejo Escolar, seg\u00fan&nbsp; la Orden de 7 de octubre de 2010 por la que se desarrolla el proceso para la renovaci\u00f3n de los Consejos Escolares y la Resoluci\u00f3n de 12 de Septiembre de 2022 por la que se acuerda la convocatoria de la celebraci\u00f3n de elecciones extraordinarias.&nbsp; Se establece el siguiente calendario para el desarrollo del proceso electoral:<\/p>\n<ul>\n<li style=\"text-align: justify\">El plazo de admisi\u00f3n de candidaturas ser\u00e1 el comprendido entre los d\u00edas 20 de octubre y el 3 de noviembre 2022 (ambos inclusive). Las candidaturas se podr\u00e1n presentar en el centro docente correspondiente coincidiendo con el horario escolar.<\/li>\n<li style=\"text-align: justify\">El listado provisional de candidatos y candidatas ser\u00e1 publicado el 4 de noviembre y la lista definitiva el 9 de noviembre de 2021.<\/li>\n<li style=\"text-align: justify\">La campa\u00f1a electoral se llevar\u00e1 a cabo del 10 de noviembre al 18 de noviembre (ambos inclusive).<\/li>\n<li style=\"text-align: justify\">La celebraci\u00f3n de las elecciones tendr\u00e1 lugar durante los siguientes d\u00edas:A) 22 de noviembre: elecciones del sector de padres, madres y personas que ejerzan la tutela legal.B) 23 de noviembre: elecciones del sector del alumnado.C) 24 de noviembre: elecciones del sector del profesorado, del personal de administraci\u00f3n y servicios y, en su caso, del personal de atenci\u00f3n educativa complementaria.<\/li>\n<li style=\"text-align: justify\">La proclamaci\u00f3n de representantes electos ser\u00e1 el 9 de diciembre de 2022.<\/li>\n<li style=\"text-align: justify\">La constituci\u00f3n del nuevo Consejo Escolar deber\u00e1 realizarse antes del 22 de diciembre de 2022.<\/li>\n<\/ul>\n<p><a href=\"https:\/\/www.adideandalucia.es\/normas\/resoluc\/Resolucion12septiembre2022ConsejosEscolares.pdf\" target=\"_blank\" rel=\"noopener noreferrer\">Enlace a la Resoluci\u00f3n.<\/a><\/p>\n<p>&nbsp;<\/p>\n","protected":false},"excerpt":{"rendered":"<p>INFORMACI\u00d3N RENOVACI\u00d3N CONSEJO ESCOLAR CURSO 2022-2023 Se ha publicado la convocatoria de celebraci\u00f3n de elecciones extraordinarias de representantes en el&#46;&#46;&#46;<\/p>\n","protected":false},"author":15544,"featured_media":0,"parent":4053,"menu_order":0,"comment_status":"closed","ping_status":"closed","template":"","meta":{"ngg_post_thumbnail":0,"footnotes":""},"aioseo_notices":[],"_links":{"self":[{"href":"https:\/\/blogsaverroes.juntadeandalucia.es\/ceipmariazambrano\/wp-json\/wp\/v2\/pages\/4081"}],"collection":[{"href":"https:\/\/blogsaverroes.juntadeandalucia.es\/ceipmariazambrano\/wp-json\/wp\/v2\/pages"}],"about":[{"href":"https:\/\/blogsaverroes.juntadeandalucia.es\/ceipmariazambrano\/wp-json\/wp\/v2\/types\/page"}],"author":[{"embeddable":true,"href":"https:\/\/blogsaverroes.juntadeandalucia.es\/ceipmariazambrano\/wp-json\/wp\/v2\/users\/15544"}],"replies":[{"embeddable":true,"href":"https:\/\/blogsaverroes.juntadeandalucia.es\/ceipmariazambrano\/wp-json\/wp\/v2\/comments?post=4081"}],"version-history":[{"count":4,"href":"https:\/\/blogsaverroes.juntadeandalucia.es\/ceipmariazambrano\/wp-json\/wp\/v2\/pages\/4081\/revisions"}],"predecessor-version":[{"id":4742,"href":"https:\/\/blogsaverroes.juntadeandalucia.es\/ceipmariazambrano\/wp-json\/wp\/v2\/pages\/4081\/revisions\/4742"}],"up":[{"embeddable":true,"href":"https:\/\/blogsaverroes.juntadeandalucia.es\/ceipmariazambrano\/wp-json\/wp\/v2\/pages\/4053"}],"wp:attachment":[{"href":"https:\/\/blogsaverroes.juntadeandalucia.es\/ceipmariazambrano\/wp-json\/wp\/v2\/media?parent=4081"}],"curies":[{"name":"wp","href":"https:\/\/api.w.org\/{rel}","templated":true}]}}