{"id":4205,"date":"2022-08-16T11:43:52","date_gmt":"2022-08-16T11:43:52","guid":{"rendered":"https:\/\/blogsaverroes.juntadeandalucia.es\/unidadesdidacticasdeptval\/?page_id=4205"},"modified":"2022-08-16T11:43:52","modified_gmt":"2022-08-16T11:43:52","slug":"r-a-e-e-p","status":"publish","type":"page","link":"https:\/\/blogsaverroes.juntadeandalucia.es\/ceipmariazambrano\/planes-y-programas-de-innovacion\/r-a-e-e-p\/","title":{"rendered":"R.A.E.E.P."},"content":{"rendered":"<h2><sup><strong>PROYECTO ESCUELA ESPACIO DE PAZ 2020-2021<\/strong><\/sup><\/h2>\n<p><span style=\"font-size: 12pt\"><strong>&#8220;CONT\u00c1GIAME TU PAZ&#8221;<\/strong><\/span><\/p>\n<p><span style=\"font-size: 12pt\">Ante tanto miedo y sufrimiento que nos ha dejado esta pandemia, \u00bfpor qu\u00e9 no contagiarnos de amor, alegr\u00eda y solidaridad? Hemos elegido esta canci\u00f3n porque&nbsp; supone una aportaci\u00f3n de esperanza y canto a la vida. Tambi\u00e9n hemos trabajado el material did\u00e1ctico correspondiente.<strong><br \/>\n<\/strong><\/span><\/p>\n<p><span style=\"font-size: 12pt\"><strong><img decoding=\"async\" src=\"http:\/\/www.juntadeandalucia.es\/averroes\/centros-tic\/29006155a\/helvia\/sitio\/upload\/img\/descarga.jpg\" border=\"0\" \/><br \/>\n<\/strong><\/span><\/p>\n<p><span style=\"font-size: 12pt\"><a title=\"cont\u00e1giame tu paz\" href=\"http:\/\/www.juntadeandalucia.es\/averroes\/centros-tic\/29006155a\/helvia\/sitio\/upload\/Contagiame_tu_Paz_1.mp4\" target=\"_blank\" rel=\"noopener noreferrer\">Enlace al v\u00eddeo de la actividad realizada durante el curso 2020-2021<\/a><br \/>\n<\/span><span style=\"font-size: 12pt\"><a title=\"cont\u00e1giame tu paz material did\u00e1ctico\" href=\"http:\/\/www.juntadeandalucia.es\/averroes\/centros-tic\/29006155a\/helvia\/sitio\/upload\/ContagiametuPaz_MaterialDidactico1.pdf\" target=\"_blank\" rel=\"noopener noreferrer\">Material did\u00e1ctico<\/a><br \/>\n<a title=\"V\u00cdDEO DIA DEN LA PAZ 2020\" href=\"http:\/\/www.juntadeandalucia.es\/averroes\/centros-tic\/29006155a\/helvia\/sitio\/upload\/proyecto_paz_20_.mp4\" target=\"_blank\" rel=\"noopener noreferrer\">Enlace al v\u00eddeo de la actividad realizada en 2020.<\/a><br \/>\n<a title=\"D\u00eda de la Paz 2019\" href=\"http:\/\/www.juntadeandalucia.es\/averroes\/centros-tic\/29006155a\/helvia\/sitio\/upload\/PAZ2019.mp4\" target=\"_blank\" rel=\"noopener noreferrer\">Enlace al v\u00eddeo de la actividad realizada en 2019<\/a>.<br \/>\n<\/span><span style=\"font-size: 12pt\"><a title=\"D\u00eda de la Paz 2018 Lipdub\" href=\"http:\/\/www.juntadeandalucia.es\/averroes\/centros-tic\/29006155a\/helvia\/sitio\/upload\/lip_dub_2_.mp4\" target=\"_blank\" rel=\"noopener noreferrer\">Enlace al v\u00eddeo del lipdub del D\u00eda de la Paz realizado en 2018.<\/a><br \/>\n<\/span><span style=\"font-size: 12pt\"><a title=\"Ponte en sus zapatos\" href=\"http:\/\/www.juntadeandalucia.es\/averroes\/centros-tic\/29006155a\/helvia\/sitio\/upload\/PONTE_EN_SUS_ZAPATOS2.mp4\" target=\"_blank\" rel=\"noopener noreferrer\">Enlace al video de la actividad realizada en 2017: Ponte en sus zapatos.<\/a><br \/>\n<a title=\"PLANTAMOS LA PAZ\" href=\"http:\/\/www.juntadeandalucia.es\/averroes\/centros-tic\/29006155a\/helvia\/sitio\/upload\/PLANTAMOS_LA_PAZ.mp4\" target=\"_blank\" rel=\"noopener noreferrer\">Enlace al video de la actividad realizada en 2016: Plantamos la Paz.<\/a><br \/>\n<a href=\"http:\/\/www.juntadeandalucia.es\/averroes\/centros-tic\/29006155a\/helvia\/sitio\/upload\/ESCUELA_ESPACIO_DE_PAZ.mp4\" target=\"_blank\" rel=\"noopener noreferrer\">Enlace al video realizado en 2014.<\/a><\/span><\/p>\n<p>&nbsp;<\/p>\n<h2><sup><strong>PROYECTO ESCUELA ESPACIO DE PAZ 20190-2020<br \/>\n<\/strong><\/sup><\/h2>\n<p style=\"text-align: justify\"><span style=\"font-size: 12pt\">La educaci\u00f3n para la paz no debe convertirse en conocimientos te\u00f3ricos que se aprenden de forma memor\u00edstica y despu\u00e9s se olvidan, sin incorporarse a la formaci\u00f3n \u00e9tica que nos lleva al compromiso con nosotros mismos y con los dem\u00e1s.<\/span><\/p>\n<p style=\"text-align: justify\"><span style=\"font-size: 12pt\">Cuando un centro escolar decide, en su claustro, participar en la Red Andaluza de Escuelas Espacio de Paz, observamos un cambio a mejor a la hora de afrontar los conflictos, porque lo importante e innovador es el cambio de mentalidad y actitud del profesorado, esa es la aut\u00e9ntica innovaci\u00f3n educativa que esto supone.<\/span><\/p>\n<p style=\"text-align: justify\"><span style=\"font-size: 12pt\">Por ello es imprescindible que la Educaci\u00f3n para la Cultura de Paz se sostenga no tanto por los contenidos cognitivos, sino fundamentalmente por aquellos \u00e1mbitos de relaci\u00f3n verdaderamente humana. Exige pues esta educaci\u00f3n, el desarrollo de un conjunto de objetivos en los siguientes \u00e1mbitos o esferas:<\/span><\/p>\n<ul>\n<li style=\"text-align: justify\"><span style=\"font-size: 12pt\">De la afectividad.<\/span><\/li>\n<li style=\"text-align: justify\"><span style=\"font-size: 12pt\">Del sentido \u00e9tico de la vida.<\/span><\/li>\n<li style=\"text-align: justify\"><span style=\"font-size: 12pt\">De la responsabilidad c\u00edvica.<\/span><\/li>\n<li style=\"text-align: justify\"><span style=\"font-size: 12pt\">De la construcci\u00f3n de la convivencia.<\/span><\/li>\n<\/ul>\n<p><span style=\"font-size: 12pt\"><strong>Objetivo general, que implica a&nbsp; dos \u00e1mbitos de actuaci\u00f3n<\/strong><\/span><\/p>\n<ul>\n<li style=\"text-align: justify\"><span style=\"font-size: 12pt\"><span style=\"font-size: 12pt\">Promover programas de educaci\u00f3n&nbsp; emocional y de resoluci\u00f3n pac\u00edfica de conflictos que permita el establecimiento de relaciones de equidad que protegen de cualquier situaci\u00f3n de violencia.<\/span><strong><br \/>\n<\/strong><\/span><\/li>\n<li style=\"text-align: justify\"><span style=\"font-size: 12pt\">Favorecer un clima agradable en el centro y de respeto y colaboraci\u00f3n en la relaci\u00f3n familia-escuela. Proporcionando a las familias estrategias para la mejora de la asertividad y la sensibilidad social de sus hijos e hijas.<\/span><\/li>\n<\/ul>\n<h2 style=\"text-align: justify\"><sup><strong><img loading=\"lazy\" decoding=\"async\" class=\"aligncenter wp-image-4482\" src=\"https:\/\/blogsaverroes.juntadeandalucia.es\/ceipmariazambrano\/files\/2022\/08\/MODIF1.jpg\" alt=\"\" width=\"700\" height=\"525\" srcset=\"https:\/\/blogsaverroes.juntadeandalucia.es\/ceipmariazambrano\/files\/2022\/08\/MODIF1.jpg 500w, https:\/\/blogsaverroes.juntadeandalucia.es\/ceipmariazambrano\/files\/2022\/08\/MODIF1-300x225.jpg 300w\" sizes=\"(max-width: 700px) 100vw, 700px\" \/><\/strong><\/sup><\/h2>\n","protected":false},"excerpt":{"rendered":"<p>PROYECTO ESCUELA ESPACIO DE PAZ 2020-2021 &#8220;CONT\u00c1GIAME TU PAZ&#8221; Ante tanto miedo y sufrimiento que nos ha dejado esta pandemia,&#46;&#46;&#46;<\/p>\n","protected":false},"author":15544,"featured_media":0,"parent":4118,"menu_order":0,"comment_status":"closed","ping_status":"closed","template":"","meta":{"ngg_post_thumbnail":0,"footnotes":""},"aioseo_notices":[],"_links":{"self":[{"href":"https:\/\/blogsaverroes.juntadeandalucia.es\/ceipmariazambrano\/wp-json\/wp\/v2\/pages\/4205"}],"collection":[{"href":"https:\/\/blogsaverroes.juntadeandalucia.es\/ceipmariazambrano\/wp-json\/wp\/v2\/pages"}],"about":[{"href":"https:\/\/blogsaverroes.juntadeandalucia.es\/ceipmariazambrano\/wp-json\/wp\/v2\/types\/page"}],"author":[{"embeddable":true,"href":"https:\/\/blogsaverroes.juntadeandalucia.es\/ceipmariazambrano\/wp-json\/wp\/v2\/users\/15544"}],"replies":[{"embeddable":true,"href":"https:\/\/blogsaverroes.juntadeandalucia.es\/ceipmariazambrano\/wp-json\/wp\/v2\/comments?post=4205"}],"version-history":[{"count":0,"href":"https:\/\/blogsaverroes.juntadeandalucia.es\/ceipmariazambrano\/wp-json\/wp\/v2\/pages\/4205\/revisions"}],"up":[{"embeddable":true,"href":"https:\/\/blogsaverroes.juntadeandalucia.es\/ceipmariazambrano\/wp-json\/wp\/v2\/pages\/4118"}],"wp:attachment":[{"href":"https:\/\/blogsaverroes.juntadeandalucia.es\/ceipmariazambrano\/wp-json\/wp\/v2\/media?parent=4205"}],"curies":[{"name":"wp","href":"https:\/\/api.w.org\/{rel}","templated":true}]}}