{"id":4209,"date":"2022-08-16T11:44:51","date_gmt":"2022-08-16T11:44:51","guid":{"rendered":"https:\/\/blogsaverroes.juntadeandalucia.es\/unidadesdidacticasdeptval\/?page_id=4209"},"modified":"2022-09-01T23:14:01","modified_gmt":"2022-09-01T22:14:01","slug":"programa-aldea","status":"publish","type":"page","link":"https:\/\/blogsaverroes.juntadeandalucia.es\/ceipmariazambrano\/planes-y-programas-de-innovacion\/programa-aldea\/","title":{"rendered":"Programa Aldea"},"content":{"rendered":"<div>\n<p><span style=\"font-size: 12pt\"><strong>HUERTO ESCOLAR 2020\/2021<\/strong><\/span><\/p>\n<p><span style=\"font-size: 12pt\">Durante este curso escolar, a pesar de las medidas de seguridad, hemos seguido con este proyecto. El alumnado ha participado con mucha motivaci\u00f3n. Se han cultivado y recolectado distintos tipos de verduras y hortalizas.<\/span><\/p>\n<p>ngg_shortcode_0_placeholder<span style=\"font-size: 12pt\"><strong>HUERTO ESCOLAR 2019\/2020<\/strong><\/span><\/p>\n<div><span style=\"font-size: 12pt\">Es el segundo a\u00f1o que participamos en el huerto escolar a trav\u00e9s del proyecto Aldea.&nbsp; Tenemos dos zonas, una de ellas es de cultivo intensivo, donde aprovechamos al m\u00e1ximo la tierra de nuestro huerto urbano y donde delimitados cada espacio para cada clase. En dichos espacios, los ni\u00f1os sembraron, regaron y empezaron a recolectar distintas verduras y hortalizas : lechugas, acelgas, remolachas y zanahorias.&nbsp;<\/span><\/div>\n<div>&nbsp;<\/div>\n<div><span style=\"font-size: 12pt\">Este a\u00f1o hemos ampliado otra zona de cultivo con un huerto con riego por goteo, para el estudio del aprovechamiento del agua con productos que requieren m\u00e1s sol: tomates, pepinos, pimientos, melones, sand\u00edas, calabacines&#8230;<\/span><\/div>\n<div>&nbsp;<\/div>\n<div><span style=\"font-size: 12pt\">Debemos dar las gracias tanto por sus consejos como por su enorme trabajo y dedicaci\u00f3n a Antonio, abuelo de Nadia, alumna de tercero y padre de Laura, monitora del comedor.<\/span><\/div>\n<div>&nbsp;<\/div>\n<\/div>\n<p>&nbsp;<\/p>\n","protected":false},"excerpt":{"rendered":"<p>HUERTO ESCOLAR 2020\/2021 Durante este curso escolar, a pesar de las medidas de seguridad, hemos seguido con este proyecto. El&#46;&#46;&#46;<\/p>\n","protected":false},"author":15544,"featured_media":0,"parent":4118,"menu_order":0,"comment_status":"closed","ping_status":"closed","template":"","meta":{"ngg_post_thumbnail":0,"footnotes":""},"aioseo_notices":[],"_links":{"self":[{"href":"https:\/\/blogsaverroes.juntadeandalucia.es\/ceipmariazambrano\/wp-json\/wp\/v2\/pages\/4209"}],"collection":[{"href":"https:\/\/blogsaverroes.juntadeandalucia.es\/ceipmariazambrano\/wp-json\/wp\/v2\/pages"}],"about":[{"href":"https:\/\/blogsaverroes.juntadeandalucia.es\/ceipmariazambrano\/wp-json\/wp\/v2\/types\/page"}],"author":[{"embeddable":true,"href":"https:\/\/blogsaverroes.juntadeandalucia.es\/ceipmariazambrano\/wp-json\/wp\/v2\/users\/15544"}],"replies":[{"embeddable":true,"href":"https:\/\/blogsaverroes.juntadeandalucia.es\/ceipmariazambrano\/wp-json\/wp\/v2\/comments?post=4209"}],"version-history":[{"count":2,"href":"https:\/\/blogsaverroes.juntadeandalucia.es\/ceipmariazambrano\/wp-json\/wp\/v2\/pages\/4209\/revisions"}],"predecessor-version":[{"id":4694,"href":"https:\/\/blogsaverroes.juntadeandalucia.es\/ceipmariazambrano\/wp-json\/wp\/v2\/pages\/4209\/revisions\/4694"}],"up":[{"embeddable":true,"href":"https:\/\/blogsaverroes.juntadeandalucia.es\/ceipmariazambrano\/wp-json\/wp\/v2\/pages\/4118"}],"wp:attachment":[{"href":"https:\/\/blogsaverroes.juntadeandalucia.es\/ceipmariazambrano\/wp-json\/wp\/v2\/media?parent=4209"}],"curies":[{"name":"wp","href":"https:\/\/api.w.org\/{rel}","templated":true}]}}