{"id":4215,"date":"2022-08-16T11:45:43","date_gmt":"2022-08-16T11:45:43","guid":{"rendered":"https:\/\/blogsaverroes.juntadeandalucia.es\/unidadesdidacticasdeptval\/?page_id=4215"},"modified":"2022-08-16T11:45:43","modified_gmt":"2022-08-16T11:45:43","slug":"t-d-e","status":"publish","type":"page","link":"https:\/\/blogsaverroes.juntadeandalucia.es\/ceipmariazambrano\/planes-y-programas-de-innovacion\/t-d-e\/","title":{"rendered":"T.D.E."},"content":{"rendered":"<p style=\"text-align: justify\"><span style=\"font-size: 12pt\">Nuestro centro comenz\u00f3 su andadura con las nueva tecnolog\u00edas de informaci\u00f3n y la comunicaci\u00f3n en el a\u00f1o 2008 siendo centro piloto para la implantaci\u00f3n de la Escuela T.I.C. 2.0.&nbsp; &nbsp;Actualmente participamos en el programa &#8220;Transformaci\u00f3n Digital Educativa&#8221; implantado por las Consejer\u00eda de Educaci\u00f3n de la Junta de Andaluc\u00eda y que persigue los siguientes objetivos:<\/span><\/p>\n<ul>\n<li style=\"list-style-type: none\">\n<ul>\n<li>Mejorar el uso de la tecnolog\u00eda digital en los procesos de ense\u00f1anza aprendizaje.<\/li>\n<li>Reducir la brecha digital desarrollando competencias y habilidades digitales de relevancia para la comunidad&nbsp; &nbsp; &nbsp;educativa.<\/li>\n<li>Impulsar la investigaci\u00f3n e innovaci\u00f3n educativa.<\/li>\n<\/ul>\n<\/li>\n<\/ul>\n<p><iframe loading=\"lazy\" src=\"https:\/\/www.youtube.com\/embed\/7BonSzQjMzc\" width=\"560\" height=\"315\" frameborder=\"0\"><\/iframe>&nbsp;<\/p>\n","protected":false},"excerpt":{"rendered":"<p>Nuestro centro comenz\u00f3 su andadura con las nueva tecnolog\u00edas de informaci\u00f3n y la comunicaci\u00f3n en el a\u00f1o 2008 siendo centro&#46;&#46;&#46;<\/p>\n","protected":false},"author":15544,"featured_media":0,"parent":4118,"menu_order":0,"comment_status":"closed","ping_status":"closed","template":"","meta":{"ngg_post_thumbnail":0,"footnotes":""},"aioseo_notices":[],"_links":{"self":[{"href":"https:\/\/blogsaverroes.juntadeandalucia.es\/ceipmariazambrano\/wp-json\/wp\/v2\/pages\/4215"}],"collection":[{"href":"https:\/\/blogsaverroes.juntadeandalucia.es\/ceipmariazambrano\/wp-json\/wp\/v2\/pages"}],"about":[{"href":"https:\/\/blogsaverroes.juntadeandalucia.es\/ceipmariazambrano\/wp-json\/wp\/v2\/types\/page"}],"author":[{"embeddable":true,"href":"https:\/\/blogsaverroes.juntadeandalucia.es\/ceipmariazambrano\/wp-json\/wp\/v2\/users\/15544"}],"replies":[{"embeddable":true,"href":"https:\/\/blogsaverroes.juntadeandalucia.es\/ceipmariazambrano\/wp-json\/wp\/v2\/comments?post=4215"}],"version-history":[{"count":0,"href":"https:\/\/blogsaverroes.juntadeandalucia.es\/ceipmariazambrano\/wp-json\/wp\/v2\/pages\/4215\/revisions"}],"up":[{"embeddable":true,"href":"https:\/\/blogsaverroes.juntadeandalucia.es\/ceipmariazambrano\/wp-json\/wp\/v2\/pages\/4118"}],"wp:attachment":[{"href":"https:\/\/blogsaverroes.juntadeandalucia.es\/ceipmariazambrano\/wp-json\/wp\/v2\/media?parent=4215"}],"curies":[{"name":"wp","href":"https:\/\/api.w.org\/{rel}","templated":true}]}}