{"id":4460,"date":"2022-08-21T11:08:49","date_gmt":"2022-08-21T11:08:49","guid":{"rendered":"https:\/\/blogsaverroes.juntadeandalucia.es\/unidadesdidacticasdeptval\/?page_id=4460"},"modified":"2025-05-29T17:16:45","modified_gmt":"2025-05-29T16:16:45","slug":"normas-de-funcionamiento","status":"publish","type":"page","link":"https:\/\/blogsaverroes.juntadeandalucia.es\/ceipmariazambrano\/normas-de-funcionamiento\/","title":{"rendered":"Normas de funcionamiento"},"content":{"rendered":"<div id=\"contenido_sitio\">\n<h2><strong>CURSO 2024\/2025<\/strong><\/h2>\n<p style=\"text-align: center\">&nbsp; &nbsp; &nbsp; &nbsp; &nbsp; &nbsp; &nbsp; &nbsp; &nbsp; &nbsp; &nbsp;<strong>&nbsp;NORMAS DE FUNCIONAMIENTO DEL PLAN DE FAMILIA.<\/strong><\/p>\n<ul>\n<li style=\"text-align: justify\"><span style=\"font-size: 12pt\">Al haber plazas limitadas en el servicio de comedor y aula matinal se har\u00e1&nbsp; un proceso de selecci\u00f3n si las solicitudes superan la oferta. Por ello es necesario que los padres y madres presenten un certificado de su empresa donde conste el horario del trabajo y vida laboral (ver en&nbsp; la&nbsp; documentaci\u00f3n a adjuntar para acreditar las situaciones familiares).Cada solicitud tiene que traer la correspondiente documentaci\u00f3n (fotocopia a una cara y la vida laboral s\u00f3lo la hoja donde conste el alta ).<\/span><\/li>\n<li style=\"text-align: justify\"><span style=\"font-size: 12pt\">El alumnado seleccionado que al inicio de curso (septiembre) no haga uso de los servicios solicitados ser\u00e1 dado de baja de los mismos, tanto a mes completo como a d\u00edas sueltos.&nbsp;<strong>Hay que empezar en septiembre, no se puede solicitar para octubre.<\/strong><\/span><\/li>\n<li style=\"text-align: justify\"><span style=\"font-size: 12pt\">El horario de comedor es desde las 14:00&nbsp; hasta las 16:00 horas.<\/span><\/li>\n<li style=\"text-align: justify\"><span style=\"font-size: 12pt\">El alumnado que se quede al comedor ser\u00e1 recogido en sus respectivas aulas&nbsp; por los monitores del servicio&nbsp; a las 14:00 horas.<\/span><\/li>\n<li style=\"text-align: justify\"><span style=\"font-size: 12pt\">Los alumnos y alumnas de comedor que tengan alguna actividad extraescolar a las 16:00 horas pasan directamente a ella, los que no tengan actividad ser\u00e1n recogidos por sus padres. A partir de las 16:00 horas el centro no dispone de personal que se responsabilice de esos alumnos y alumnas.<\/span><\/li>\n<li style=\"text-align: justify\"><span style=\"font-size: 12pt\">Los alumnos y alumnas que tengan alergia a alg\u00fan tipo de alimento deber\u00e1n comunicarlo por escrito, con la firma de sus padres,&nbsp; a la&nbsp; Direcci\u00f3n del Centro.<\/span><\/li>\n<li style=\"text-align: justify\"><span style=\"font-size: 12pt\">El alumnado que no cumpla las normas establecidas en el comedor deber\u00e1 permanecer en el mismo hasta las 16:00 horas aunque su turno haya terminado de comer, si as\u00ed lo determina el monitor o monitora responsable.<\/span><\/li>\n<li style=\"text-align: justify\"><span style=\"font-size: 12pt\">El alumno o alumna que no respete las normas de convivencia o no haga efectivo el pago de las cuotas ser\u00e1 dado de baja&nbsp; del servicio correspondiente.<\/span><\/li>\n<li style=\"text-align: justify\"><span style=\"font-size: 12pt\">La forma de cobro de los servicios del plan de familia&nbsp; ser\u00e1 mediante domiciliaci\u00f3n bancaria.<\/span><\/li>\n<li style=\"text-align: justify\"><span style=\"font-size: 12pt\">El pago de comedor,&nbsp; aula matinal y actividades extraescolares se har\u00e1&nbsp; mensualmente (del 1 al 5 de cada mes). El pago de comedor, aula matinal y actividades extraescolares ser\u00e1 tramitado por la empresa adjudicataria, respectivamente.<\/span><\/li>\n<li style=\"text-align: justify\"><span style=\"font-size: 12pt\">La baja de cualquier servicio se har\u00e1 al t\u00e9rmino de la mensualidad concluida. Los padres lo comunicar\u00e1n en administraci\u00f3n con&nbsp; una antelaci\u00f3n m\u00ednima de una semana del inicio del mes en que se pretende hacer efectiva la baja&nbsp; y quedar\u00e1 constancia de ello por escrito.<\/span><\/li>\n<li style=\"text-align: justify\"><span style=\"font-size: 12pt\">El recibo que se emita para cada alumno llevar\u00e1 ya efectuada la subvenci\u00f3n que le corresponde en funci\u00f3n de la renta familiar.<\/span><\/li>\n<li style=\"text-align: justify\"><span style=\"font-size: 12pt\">Cada alumno\/a podr\u00e1 tener seg\u00fan le corresponda 1 actividad extraescolar subvencionada&nbsp; &nbsp;independientemente del aula matinal y el comedor, la 2\u00aa&nbsp; actividad en la que participe no tendr\u00e1 descuento y por ello se pagar\u00e1 \u00edntegramente.<\/span><\/li>\n<li style=\"text-align: justify\"><span style=\"font-size: 12pt\"><strong>S\u00f3lo se puede solicitar una actividad en el mismo tramo horario<\/strong>. Si se produce esta circunstancia no se&nbsp;&nbsp; inscribir\u00e1&nbsp;&nbsp; al alumno o alumna en ninguna de ellas. Atenci\u00f3n al horario ofertado para cada actividad.<\/span><\/li>\n<li style=\"text-align: justify\"><span style=\"font-size: 12pt\">Las actividades extraescolares dar\u00e1n comienzo en el mes de octubre.<\/span><\/li>\n<li style=\"text-align: justify\"><span style=\"font-size: 12pt\">Los dem\u00e1s servicios se iniciar\u00e1n en septiembre, con el comienzo de curso.<\/span><\/li>\n<li style=\"text-align: justify\"><span style=\"font-size: 12pt\">Las actividades que van dirigidas exclusivamente al alumnado de E. Infantil son: Multideporte Infantil,&nbsp; Ingl\u00e9s Infantil, Baile Moderno Infantil, k\u00e1rate Infantil y&nbsp; Baile I.&nbsp; El resto de actividades van dirigidas al alumnado de E. Primaria.<\/span><\/li>\n<li style=\"text-align: justify\"><span style=\"font-size: 12pt\">El horario del aula matinal es de 7:30 a 9:00 horas de lunes a viernes.<\/span><\/li>\n<li style=\"text-align: justify\"><span style=\"font-size: 12pt\">La entrada de los alumnos y alumnas al aula matinal se har\u00e1 en el tramo horario de 7:30&nbsp; a 8:40 horas.<\/span><\/li>\n<li style=\"text-align: justify\"><span style=\"font-size: 12pt\">Los ni\u00f1os y las ni\u00f1as son llevados por sus padres hasta la misma puerta del aula matinal.<\/span><\/li>\n<li style=\"text-align: justify\"><span style=\"font-size: 12pt\">El tr\u00e1nsito del alumnado de aula matinal a sus aulas lo realizar\u00e1n acompa\u00f1ados por sus monitores\/as.<\/span><\/li>\n<li style=\"text-align: justify\"><span style=\"font-size: 12pt\">Al alumnado del centro se le entregar\u00e1 una hoja informativa en la cual los padres comunicar\u00e1n qu\u00e9 persona es la responsable de su recogida en el centro.<\/span><\/li>\n<li style=\"text-align: justify\"><span style=\"font-size: 12pt\"><strong>La renovaci\u00f3n de matriculaci\u00f3n &nbsp;se deber\u00e1 cumplimentar y presentar entre el&nbsp;1 de junio al 8 de junio&nbsp;, ambos inclusive. &nbsp;<\/strong>Se podr\u00e1 hacer v\u00eda telem\u00e1tica<strong>&nbsp;<\/strong>(sobre de matr\u00edcula<strong>)&nbsp;<\/strong>o de forma presencial donde el &nbsp;tutor\/a entregar\u00e1 a los ni\u00f1os 2 copias. Rellenar y devolver las 2 al tutor, se sellan y se le devuelve 1 copia. &nbsp;Las &nbsp;familias que quieran solicitar comedor, aula matinal y actividades extraescolares lo podr\u00e1n hacer por ventanilla esos mismos d\u00edas ( del 1 al 8 de junio) previa cita telef\u00f3nica. (951293522). Esto mismo est\u00e1 disponible en el sobre de matr\u00edcula..<\/span><\/li>\n<li style=\"text-align: justify\"><span style=\"font-size: 12pt\"><strong>Del 1 al 7 de septiembre<\/strong><strong>&nbsp;<\/strong>recoger y presentar la solicitud de bonificaci\u00f3n.<\/span><\/li>\n<\/ul>\n<p style=\"text-align: justify\"><span style=\"font-size: 12pt\"><strong>&nbsp;<\/strong><\/span><\/p>\n<p style=\"text-align: justify\">&nbsp;<\/p>\n<p style=\"text-align: justify\">&nbsp;<\/p>\n<\/div>\n<div>&nbsp;<\/div>\n<h1 style=\"text-align: justify\"><span style=\"font-size: 12pt\"> &nbsp; <\/span><span style=\"font-size: 16px\">&nbsp; &nbsp; &nbsp; &nbsp; &nbsp; &nbsp; &nbsp; &nbsp; &nbsp; &nbsp; &nbsp; &nbsp; &nbsp; &nbsp; &nbsp; &nbsp;<\/span><\/h1>\n","protected":false},"excerpt":{"rendered":"<p>CURSO 2024\/2025 &nbsp; &nbsp; &nbsp; &nbsp; &nbsp; &nbsp; &nbsp; &nbsp; &nbsp; &nbsp; &nbsp;&nbsp;NORMAS DE FUNCIONAMIENTO DEL PLAN DE FAMILIA. Al&#46;&#46;&#46;<\/p>\n","protected":false},"author":15544,"featured_media":0,"parent":0,"menu_order":0,"comment_status":"closed","ping_status":"closed","template":"","meta":{"ngg_post_thumbnail":0,"footnotes":""},"aioseo_notices":[],"_links":{"self":[{"href":"https:\/\/blogsaverroes.juntadeandalucia.es\/ceipmariazambrano\/wp-json\/wp\/v2\/pages\/4460"}],"collection":[{"href":"https:\/\/blogsaverroes.juntadeandalucia.es\/ceipmariazambrano\/wp-json\/wp\/v2\/pages"}],"about":[{"href":"https:\/\/blogsaverroes.juntadeandalucia.es\/ceipmariazambrano\/wp-json\/wp\/v2\/types\/page"}],"author":[{"embeddable":true,"href":"https:\/\/blogsaverroes.juntadeandalucia.es\/ceipmariazambrano\/wp-json\/wp\/v2\/users\/15544"}],"replies":[{"embeddable":true,"href":"https:\/\/blogsaverroes.juntadeandalucia.es\/ceipmariazambrano\/wp-json\/wp\/v2\/comments?post=4460"}],"version-history":[{"count":3,"href":"https:\/\/blogsaverroes.juntadeandalucia.es\/ceipmariazambrano\/wp-json\/wp\/v2\/pages\/4460\/revisions"}],"predecessor-version":[{"id":5492,"href":"https:\/\/blogsaverroes.juntadeandalucia.es\/ceipmariazambrano\/wp-json\/wp\/v2\/pages\/4460\/revisions\/5492"}],"wp:attachment":[{"href":"https:\/\/blogsaverroes.juntadeandalucia.es\/ceipmariazambrano\/wp-json\/wp\/v2\/media?parent=4460"}],"curies":[{"name":"wp","href":"https:\/\/api.w.org\/{rel}","templated":true}]}}