{"id":45,"date":"2020-01-09T12:46:56","date_gmt":"2020-01-09T11:46:56","guid":{"rendered":"http:\/\/blogsaverroes.juntadeandalucia.es\/pre\/nuevoceip2v2\/?page_id=45"},"modified":"2025-05-13T09:58:00","modified_gmt":"2025-05-13T08:58:00","slug":"inicio","status":"publish","type":"page","link":"https:\/\/blogsaverroes.juntadeandalucia.es\/ceipmariazambranogranada\/","title":{"rendered":"Inicio"},"content":{"rendered":"<p>[et_pb_section fb_built=&#8221;1&#8243; _builder_version=&#8221;4.24.2&#8243; _module_preset=&#8221;default&#8221; global_colors_info=&#8221;{}&#8221;][et_pb_row _builder_version=&#8221;4.24.2&#8243; _module_preset=&#8221;default&#8221; global_colors_info=&#8221;{}&#8221;][et_pb_column type=&#8221;4_4&#8243; _builder_version=&#8221;4.24.2&#8243; _module_preset=&#8221;default&#8221; global_colors_info=&#8221;{}&#8221;][\/et_pb_column][\/et_pb_row][et_pb_row column_structure=&#8221;1_2,1_2&#8243; _builder_version=&#8221;4.24.2&#8243; _module_preset=&#8221;default&#8221; global_colors_info=&#8221;{}&#8221;][et_pb_column type=&#8221;1_2&#8243; _builder_version=&#8221;4.24.2&#8243; _module_preset=&#8221;default&#8221; global_colors_info=&#8221;{}&#8221;][et_pb_image src=&#8221;https:\/\/blogsaverroes.juntadeandalucia.es\/ceipmariazambranogranada\/files\/2025\/05\/creativo.png&#8221; title_text=&#8221;creativo&#8221; _builder_version=&#8221;4.24.2&#8243; _module_preset=&#8221;default&#8221; global_colors_info=&#8221;{}&#8221;][\/et_pb_image][\/et_pb_column][et_pb_column type=&#8221;1_2&#8243; _builder_version=&#8221;4.24.2&#8243; _module_preset=&#8221;default&#8221; global_colors_info=&#8221;{}&#8221;][et_pb_text _builder_version=&#8221;4.24.2&#8243; _module_preset=&#8221;default&#8221; global_colors_info=&#8221;{}&#8221;]<\/p>\n<p><strong data-start=\"176\" data-end=\"217\">Bienvenidos al Colegio Mar\u00eda Zambrano<\/strong><br data-start=\"217\" data-end=\"220\">En el Colegio Mar\u00eda Zambrano ofrecemos una educaci\u00f3n integral y de calidad, comprometida con el desarrollo acad\u00e9mico, personal y social de nuestro alumnado. Con un equipo docente implicado y cercano, fomentamos valores como el respeto, la inclusi\u00f3n, la creatividad y el pensamiento cr\u00edtico. Nuestro centro es un espacio seguro y motivador donde cada estudiante encuentra las herramientas necesarias para construir su futuro.<\/p>\n<p class=\"\" data-start=\"0\" data-end=\"112\"><span class=\"relative -mx-px my-[-0.2rem] rounded px-px py-[0.2rem] transition-colors duration-100 ease-in-out\">El Colegio Mar\u00eda Zambrano de Granada es un centro p\u00fablico de Educaci\u00f3n Infantil y Primaria, ubicado en la zona norte de la ciudad.<\/span> <span class=\"relative -mx-px my-[-0.2rem] rounded px-px py-[0.2rem] transition-colors duration-100 ease-in-out\">Destaca por su compromiso con una educaci\u00f3n inclusiva y de calidad, adaptada a las necesidades de su alumnado.<\/span><\/p>\n<p class=\"\" data-start=\"114\" data-end=\"230\"><span class=\"relative -mx-px my-[-0.2rem] rounded px-px py-[0.2rem] transition-colors duration-100 ease-in-out\">El centro cuenta con instalaciones modernas y bien equipadas, incluyendo aulas amplias con recursos tecnol\u00f3gicos, patios para actividades f\u00edsicas y un huerto escolar en funcionamiento.<\/span> <span class=\"relative -mx-px my-[-0.2rem] rounded px-px py-[0.2rem] transition-colors duration-100 ease-in-out\">Adem\u00e1s, ofrece servicios complementarios como comedor con men\u00fas adaptados y programas de apoyo educativo.<\/span><\/p>\n<p class=\"\" data-start=\"232\" data-end=\"310\"><span class=\"relative -mx-px my-[-0.2rem] rounded px-px py-[0.2rem] transition-colors duration-100 ease-in-out\">El equipo docente est\u00e1 formado por profesionales especializados en diversas \u00e1reas, como logopedia, pedagog\u00eda terap\u00e9utica, orientaci\u00f3n y lenguas extranjeras, lo que permite una atenci\u00f3n personalizada y adaptada a cada estudiante.<\/span><\/p>\n<p class=\"\" data-start=\"312\" data-end=\"430\"><span class=\"relative -mx-px my-[-0.2rem] rounded px-px py-[0.2rem] transition-colors duration-100 ease-in-out\">El colegio tambi\u00e9n organiza actividades extracurriculares y programas especiales, como la Ludoteca Mar\u00eda Zambrano y la Escuela de Verano, que proporcionan espacios de aprendizaje y ocio durante todo el a\u00f1o.<\/span> <span class=\"relative -mx-px my-[-0.2rem] rounded px-px py-[0.2rem] transition-colors duration-100 ease-in-out\">Estas iniciativas fomentan la participaci\u00f3n de las familias y la comunidad, promoviendo valores como la cooperaci\u00f3n, la igualdad y el respeto al medio ambiente.<\/span><\/p>\n<p class=\"\" data-start=\"432\" data-end=\"510\"><span class=\"relative -mx-px my-[-0.2rem] rounded px-px py-[0.2rem] transition-colors duration-100 ease-in-out\">Con una valoraci\u00f3n positiva por parte de la comunidad educativa, el Colegio Mar\u00eda Zambrano se consolida como una opci\u00f3n destacada en Granada para la formaci\u00f3n integral de ni\u00f1os y ni\u00f1as en un entorno seguro y estimulante.<\/span><\/p>\n<div class=\"absolute h-[60px]\">&nbsp;<\/div>\n<p>[\/et_pb_text][\/et_pb_column][\/et_pb_row][\/et_pb_section]<\/p>\n","protected":false},"excerpt":{"rendered":"<p>Bienvenidos al Colegio Mar\u00eda ZambranoEn el Colegio Mar\u00eda Zambrano ofrecemos una educaci\u00f3n integral y de calidad, comprometida con el desarrollo acad\u00e9mico, personal y social de nuestro alumnado. Con un equipo docente implicado y cercano, fomentamos valores como el respeto, la inclusi\u00f3n, la creatividad y el pensamiento cr\u00edtico. Nuestro centro es un espacio seguro y motivador [&hellip;]<\/p>\n","protected":false},"author":18907,"featured_media":0,"parent":0,"menu_order":0,"comment_status":"closed","ping_status":"closed","template":"","meta":{"_et_pb_use_builder":"on","_et_pb_old_content":"<p style=\"text-align: center\"><span style=\"font-family: verdana, geneva, sans-serif;font-size: 36pt\">BIENVENIDOS A NUESTRO COLE<\/span><\/p>\r\n\u00a0 <img class=\" wp-image-583 alignleft\" src=\"https:\/\/blogsaverroes.juntadeandalucia.es\/ceipmariazambranogranada\/files\/2024\/01\/1-212x300.jpg\" alt=\"\" width=\"333\" height=\"471\">\u00a0 \u00a0 \u00a0 \u00a0 \u00a0 \u00a0 \u00a0 \u00a0 \u00a0 \u00a0 \u00a0 \u00a0 \u00a0 \u00a0 \u00a0 \u00a0 \u00a0 \u00a0 \u00a0 \u00a0 \u00a0 \u00a0 \u00a0 \u00a0 \u00a0 \u00a0 \u00a0 <img class=\"alignnone  wp-image-584\" src=\"https:\/\/blogsaverroes.juntadeandalucia.es\/ceipmariazambranogranada\/files\/2024\/01\/2-212x300.jpg\" alt=\"\" width=\"330\" height=\"467\">","_et_gb_content_width":"","ngg_post_thumbnail":0,"footnotes":""},"aioseo_notices":[],"_links":{"self":[{"href":"https:\/\/blogsaverroes.juntadeandalucia.es\/ceipmariazambranogranada\/wp-json\/wp\/v2\/pages\/45"}],"collection":[{"href":"https:\/\/blogsaverroes.juntadeandalucia.es\/ceipmariazambranogranada\/wp-json\/wp\/v2\/pages"}],"about":[{"href":"https:\/\/blogsaverroes.juntadeandalucia.es\/ceipmariazambranogranada\/wp-json\/wp\/v2\/types\/page"}],"author":[{"embeddable":true,"href":"https:\/\/blogsaverroes.juntadeandalucia.es\/ceipmariazambranogranada\/wp-json\/wp\/v2\/users\/18907"}],"replies":[{"embeddable":true,"href":"https:\/\/blogsaverroes.juntadeandalucia.es\/ceipmariazambranogranada\/wp-json\/wp\/v2\/comments?post=45"}],"version-history":[{"count":20,"href":"https:\/\/blogsaverroes.juntadeandalucia.es\/ceipmariazambranogranada\/wp-json\/wp\/v2\/pages\/45\/revisions"}],"predecessor-version":[{"id":751,"href":"https:\/\/blogsaverroes.juntadeandalucia.es\/ceipmariazambranogranada\/wp-json\/wp\/v2\/pages\/45\/revisions\/751"}],"wp:attachment":[{"href":"https:\/\/blogsaverroes.juntadeandalucia.es\/ceipmariazambranogranada\/wp-json\/wp\/v2\/media?parent=45"}],"curies":[{"name":"wp","href":"https:\/\/api.w.org\/{rel}","templated":true}]}}