{"id":55,"date":"2020-01-09T12:48:16","date_gmt":"2020-01-09T11:48:16","guid":{"rendered":"http:\/\/blogsaverroes.juntadeandalucia.es\/pre\/nuevoceip2v2\/?page_id=55"},"modified":"2025-05-19T12:12:42","modified_gmt":"2025-05-19T11:12:42","slug":"planes-y-proyectos","status":"publish","type":"page","link":"https:\/\/blogsaverroes.juntadeandalucia.es\/ceipmariazambranogranada\/planes-y-proyectos\/","title":{"rendered":"Planes y Proyectos"},"content":{"rendered":"<p>[et_pb_section fb_built=&#8221;1&#8243; _builder_version=&#8221;4.16&#8243; global_colors_info=&#8221;{}&#8221;][et_pb_row _builder_version=&#8221;4.16&#8243; background_size=&#8221;initial&#8221; background_position=&#8221;top_left&#8221; background_repeat=&#8221;repeat&#8221; global_colors_info=&#8221;{}&#8221;][et_pb_column type=&#8221;4_4&#8243; _builder_version=&#8221;4.16&#8243; custom_padding=&#8221;|||&#8221; global_colors_info=&#8221;{}&#8221; custom_padding__hover=&#8221;|||&#8221;][et_pb_image src=&#8221;https:\/\/blogsaverroes.juntadeandalucia.es\/ceipmariazambranogranada\/files\/2025\/04\/planes-y-proyectos.png&#8221; title_text=&#8221;planes y proyectos&#8221; admin_label=&#8221;Imagen de la portada&#8221; _builder_version=&#8221;4.24.2&#8243; z_index_tablet=&#8221;500&#8243; box_shadow_horizontal_tablet=&#8221;0px&#8221; box_shadow_vertical_tablet=&#8221;0px&#8221; box_shadow_blur_tablet=&#8221;40px&#8221; box_shadow_spread_tablet=&#8221;0px&#8221; global_colors_info=&#8221;{}&#8221;][\/et_pb_image][et_pb_text admin_label=&#8221;Texto descriptivo&#8221; _builder_version=&#8221;4.24.2&#8243; z_index_tablet=&#8221;500&#8243; text_text_shadow_horizontal_length_tablet=&#8221;0px&#8221; text_text_shadow_vertical_length_tablet=&#8221;0px&#8221; text_text_shadow_blur_strength_tablet=&#8221;1px&#8221; link_text_shadow_horizontal_length_tablet=&#8221;0px&#8221; link_text_shadow_vertical_length_tablet=&#8221;0px&#8221; link_text_shadow_blur_strength_tablet=&#8221;1px&#8221; ul_text_shadow_horizontal_length_tablet=&#8221;0px&#8221; ul_text_shadow_vertical_length_tablet=&#8221;0px&#8221; ul_text_shadow_blur_strength_tablet=&#8221;1px&#8221; ol_text_shadow_horizontal_length_tablet=&#8221;0px&#8221; ol_text_shadow_vertical_length_tablet=&#8221;0px&#8221; ol_text_shadow_blur_strength_tablet=&#8221;1px&#8221; quote_text_shadow_horizontal_length_tablet=&#8221;0px&#8221; quote_text_shadow_vertical_length_tablet=&#8221;0px&#8221; quote_text_shadow_blur_strength_tablet=&#8221;1px&#8221; header_text_shadow_horizontal_length_tablet=&#8221;0px&#8221; header_text_shadow_vertical_length_tablet=&#8221;0px&#8221; header_text_shadow_blur_strength_tablet=&#8221;1px&#8221; header_2_text_shadow_horizontal_length_tablet=&#8221;0px&#8221; header_2_text_shadow_vertical_length_tablet=&#8221;0px&#8221; header_2_text_shadow_blur_strength_tablet=&#8221;1px&#8221; header_3_text_shadow_horizontal_length_tablet=&#8221;0px&#8221; header_3_text_shadow_vertical_length_tablet=&#8221;0px&#8221; header_3_text_shadow_blur_strength_tablet=&#8221;1px&#8221; header_4_text_shadow_horizontal_length_tablet=&#8221;0px&#8221; header_4_text_shadow_vertical_length_tablet=&#8221;0px&#8221; header_4_text_shadow_blur_strength_tablet=&#8221;1px&#8221; header_5_text_shadow_horizontal_length_tablet=&#8221;0px&#8221; header_5_text_shadow_vertical_length_tablet=&#8221;0px&#8221; header_5_text_shadow_blur_strength_tablet=&#8221;1px&#8221; header_6_text_shadow_horizontal_length_tablet=&#8221;0px&#8221; header_6_text_shadow_vertical_length_tablet=&#8221;0px&#8221; header_6_text_shadow_blur_strength_tablet=&#8221;1px&#8221; box_shadow_horizontal_tablet=&#8221;0px&#8221; box_shadow_vertical_tablet=&#8221;0px&#8221; box_shadow_blur_tablet=&#8221;40px&#8221; box_shadow_spread_tablet=&#8221;0px&#8221; global_colors_info=&#8221;{}&#8221;]<\/p>\n<h2>Planes y Proyectos.<\/h2>\n<ul>\n<li>Plan de <strong>igualdad de g\u00e9nero en educaci\u00f3n<\/strong><\/li>\n<li>Plan de apertura de <strong>centros docentes<\/strong><\/li>\n<li>Plan de <strong>salud laboral y P.R.L<\/strong><\/li>\n<li>Planes de <strong>compensaci\u00f3n educativa<\/strong><\/li>\n<li>Organizaci\u00f3n y funcionamiento de las <strong>bibliotecas escolares<\/strong><\/li>\n<li>Bienestar y <strong>protecci\u00f3n infancia y de adolescencia\/convivencia escolar<\/strong><\/li>\n<li>M\u00e1s <strong>equidad<\/strong><\/li>\n<li>Praticum <strong>Grado Maestro<\/strong><\/li>\n<li>Prevenci\u00f3n de la <strong>Violencia de g\u00e9nero<\/strong><\/li>\n<li><strong>PROA+ &#8220;TRANSF\u00d3RMATE&#8221;<\/strong><\/li>\n<li>Red Andaluza Escuela: <strong>&#8220;Espacio de Paz&#8221;<\/strong><\/li>\n<li>Transformaci\u00f3n <strong>digital educativa<\/strong><\/li>\n<li>Programa <strong>CIMA<\/strong><\/li>\n<li>Programa escolar de <strong>consumo de frutas, hortalizas y leche<br \/><\/strong><\/li>\n<li>Proyecto de inovaci\u00f3n<strong> &#8220;Educ-arte&#8221;.<\/strong><\/li>\n<\/ul>\n<p>[\/et_pb_text][\/et_pb_column][\/et_pb_row][et_pb_row _builder_version=&#8221;4.24.2&#8243; _module_preset=&#8221;default&#8221; global_colors_info=&#8221;{}&#8221;][et_pb_column type=&#8221;4_4&#8243; _builder_version=&#8221;4.24.2&#8243; _module_preset=&#8221;default&#8221; global_colors_info=&#8221;{}&#8221;][et_pb_text _builder_version=&#8221;4.24.2&#8243; _module_preset=&#8221;default&#8221; global_colors_info=&#8221;{}&#8221;]<\/p>\n<p><strong><span style=\"font-size: 36pt;font-family: comic sans ms, sans-serif;color: #000080\">Proyecto de innovaci\u00f3n &#8220;Educ-arte&#8221;<\/span><\/strong><\/p>\n<p>[\/et_pb_text][et_pb_image src=&#8221;https:\/\/blogsaverroes.juntadeandalucia.es\/ceipmariazambranogranada\/files\/2025\/05\/19-may-2025-13-05-18.png&#8221; title_text=&#8221;19 may 2025, 13 05 18&#8243; _builder_version=&#8221;4.24.2&#8243; _module_preset=&#8221;default&#8221; global_colors_info=&#8221;{}&#8221;][\/et_pb_image][et_pb_text _builder_version=&#8221;4.24.2&#8243; _module_preset=&#8221;default&#8221; hover_enabled=&#8221;0&#8243; global_colors_info=&#8221;{}&#8221; sticky_enabled=&#8221;0&#8243;]<\/p>\n<p data-start=\"0\" data-end=\"112\"><span class=\"relative -mx-px my-[-0.2rem] rounded px-px py-[0.2rem] transition-colors duration-100 ease-in-out\" style=\"color: #000000\">El proyecto <strong data-start=\"12\" data-end=\"25\">Educ-Arte<\/strong> del CEIP Mar\u00eda Zambrano, ubicado en la zona norte de Granada, es una iniciativa educativa que integra el arte como herramienta pedag\u00f3gica para fomentar la creatividad, la inclusi\u00f3n y el desarrollo integral del alumnado desde Infantil hasta 6\u00ba de Primaria. <\/span><span class=\"relative -mx-px my-[-0.2rem] rounded px-px py-[0.2rem] transition-colors duration-100 ease-in-out\"><span style=\"color: #000000\">Este proyecto ha sido coordinado por el maestro de Pl\u00e1stica y jefe de estudios, Alfonso Oc\u00f3n<\/span>.<\/span><span class=\"\" data-state=\"closed\"><span class=\"ms-1 inline-flex max-w-full items-center relative top-[-0.094rem] animate-[show_150ms_ease-in]\"> <a class=\"flex h-4.5 overflow-hidden rounded-xl px-2 text-[0.5625em] font-medium text-token-text-secondary! bg-[#F4F4F4]! dark:bg-[#303030]! transition-colors duration-150 ease-in-out\" href=\"https:\/\/en-clase.ideal.es\/2018\/04\/04\/los-alumnos-del-colegio-maria-zambrano-crean-su-propia-pinacoteca-gracias-al-proyecto-educarte\/?utm_source=chatgpt.com\" target=\"_blank\" rel=\"noopener\"><span class=\"relative start-0 bottom-0 flex h-full w-full items-center\"><span class=\"flex h-4 w-full items-center justify-between absolute\"><span class=\"max-w-full grow truncate overflow-hidden text-center\">en-clase.ideal.es<\/span><span class=\"-me-1 flex h-full items-center rounded-full px-1 text-[#8F8F8F]\">+4<\/span><\/span><span class=\"flex h-4 w-full items-center justify-between\"><span class=\"max-w-full grow truncate overflow-hidden text-center\">en-clase.ideal.es<\/span><span class=\"-me-1 flex h-full items-center rounded-full px-1 text-[#8F8F8F]\">+4<\/span><\/span><span class=\"flex h-4 w-full items-center justify-between absolute\"><span class=\"max-w-full grow truncate overflow-hidden text-center\">en-clase.ideal.es<\/span><span class=\"-me-1 flex h-full items-center rounded-full px-1 text-[#8F8F8F]\">+4<\/span><\/span><\/span><\/a><\/span><\/span><\/p>\n<h3 data-start=\"114\" data-end=\"148\">\ud83c\udfa8 \u00bfEn qu\u00e9 consiste Educ-Arte?<\/h3>\n<p data-start=\"150\" data-end=\"347\"><span style=\"color: #000000\"><span class=\"relative -mx-px my-[-0.2rem] rounded px-px py-[0.2rem] transition-colors duration-100 ease-in-out\"><strong data-start=\"0\" data-end=\"13\" data-is-only-node=\"\">Educ-Arte<\/strong> busca acercar el arte a los estudiantes mediante la exploraci\u00f3n de t\u00e9cnicas art\u00edsticas como el grabado, la estampaci\u00f3n y la cer\u00e1mica.<\/span> <span class=\"relative -mx-px my-[-0.2rem] rounded px-px py-[0.2rem] transition-colors duration-100 ease-in-out\">Estas actividades permiten a los alumnos experimentar con diversas formas de expresi\u00f3n art\u00edstica, desarrollando habilidades manuales y est\u00e9ticas.<\/span> <span class=\"relative -mx-px my-[-0.2rem] rounded px-px py-[0.2rem] transition-colors duration-100 ease-in-out\">El proyecto se ha enriquecido con la colaboraci\u00f3n de artistas locales y ha contado con el apoyo del programa Impulsa, financiado por el Fondo Social Europeo, lo que ha facilitado la adquisici\u00f3n de materiales y la implementaci\u00f3n de talleres especializados<\/span>.<\/span> <span class=\"ms-1 inline-flex max-w-full items-center relative top-[-0.094rem] animate-[show_150ms_ease-in]\"><a class=\"flex h-4.5 overflow-hidden rounded-xl px-2 text-[0.5625em] font-medium text-token-text-secondary! bg-[#F4F4F4]! dark:bg-[#303030]! transition-colors duration-150 ease-in-out\" href=\"https:\/\/www.ideal.es\/granada\/proyecto-educarte-introduce-20210304181740-nt.html?utm_source=chatgpt.com\" target=\"_blank\" rel=\"noopener\"><span class=\"relative start-0 bottom-0 flex h-full w-full items-center\"><span class=\"flex h-4 w-full items-center justify-between overflow-hidden\"><span class=\"max-w-full grow truncate overflow-hidden text-center\">Ideal<\/span><\/span><\/span><\/a><\/span><\/p>\n<h3 data-start=\"349\" data-end=\"391\">\ud83d\uddbc\ufe0f Transformaci\u00f3n del entorno escolar<\/h3>\n<p data-start=\"393\" data-end=\"592\"><span style=\"color: #000000\"><span class=\"relative -mx-px my-[-0.2rem] rounded px-px py-[0.2rem] transition-colors duration-100 ease-in-out\">Una de las manifestaciones m\u00e1s visibles de Educ-Arte es la creaci\u00f3n de una &#8220;pinacoteca escolar&#8221;.<\/span> <span class=\"relative -mx-px my-[-0.2rem] rounded px-px py-[0.2rem] transition-colors duration-100 ease-in-out\">Las paredes del colegio se han convertido en galer\u00edas de arte donde se exhiben reproducciones y reinterpretaciones de obras de artistas como Vel\u00e1zquez, Mir\u00f3, Kandinsky y Monet.<\/span> <span class=\"relative -mx-px my-[-0.2rem] rounded px-px py-[0.2rem] transition-colors duration-100 ease-in-out\">Estas obras son realizadas por los propios alumnos, quienes participan activamente en su elaboraci\u00f3n, desde el dise\u00f1o hasta la ejecuci\u00f3n final<\/span><\/span>. <span class=\"ms-1 inline-flex max-w-full items-center relative top-[-0.094rem] animate-[show_150ms_ease-in]\"><a class=\"flex h-4.5 overflow-hidden rounded-xl px-2 text-[0.5625em] font-medium text-token-text-secondary! bg-[#F4F4F4]! dark:bg-[#303030]! transition-colors duration-150 ease-in-out\" href=\"https:\/\/en-clase.ideal.es\/tag\/proyecto-educarte\/?utm_source=chatgpt.com\" target=\"_blank\" rel=\"noopener\"><span class=\"relative start-0 bottom-0 flex h-full w-full items-center\"><span class=\"flex h-4 w-full items-center justify-between\"><span class=\"max-w-full grow truncate overflow-hidden text-center\">en-clase.ideal.es<\/span><span class=\"-me-1 flex h-full items-center rounded-full px-1 text-[#8F8F8F]\">+1<\/span><\/span><span class=\"flex h-4 w-full items-center justify-between absolute\"><span class=\"max-w-full grow truncate overflow-hidden text-center\">en-clase.ideal.es<\/span><span class=\"-me-1 flex h-full items-center rounded-full px-1 text-[#8F8F8F]\">+1<\/span><\/span><\/span><\/a><\/span><\/p>\n<h3 data-start=\"594\" data-end=\"627\">\ud83e\uddf1 Integraci\u00f3n de la cer\u00e1mica<\/h3>\n<p data-start=\"629\" data-end=\"828\"><span style=\"color: #000000\"><span class=\"relative -mx-px my-[-0.2rem] rounded px-px py-[0.2rem] transition-colors duration-100 ease-in-out\">En una de las fases del proyecto, se introdujo la cer\u00e1mica como nueva t\u00e9cnica art\u00edstica.<\/span> <span class=\"relative -mx-px my-[-0.2rem] rounded px-px py-[0.2rem] transition-colors duration-100 ease-in-out\">Guiados por la ceramista Cecilia Punzo, los estudiantes crearon piezas inspiradas en la obra de Joan Mir\u00f3.<\/span> <span class=\"relative -mx-px my-[-0.2rem] rounded px-px py-[0.2rem] transition-colors duration-100 ease-in-out\">Estas creaciones fueron integradas en las escaleras del colegio, dejando una huella permanente del paso de los alumnos por el centro<\/span>.<\/span> <span class=\"ms-1 inline-flex max-w-full items-center relative top-[-0.094rem] animate-[show_150ms_ease-in]\"><a class=\"flex h-4.5 overflow-hidden rounded-xl px-2 text-[0.5625em] font-medium text-token-text-secondary! bg-[#F4F4F4]! dark:bg-[#303030]! transition-colors duration-150 ease-in-out\" href=\"https:\/\/en-clase.ideal.es\/2023\/12\/22\/los-escolares-del-ceip-maria-zambrano-ponen-a-miro-a-pie-de-la-escalera\/?utm_source=chatgpt.com\" target=\"_blank\" rel=\"noopener\"><span class=\"relative start-0 bottom-0 flex h-full w-full items-center\"><span class=\"flex h-4 w-full items-center justify-between\"><span class=\"max-w-full grow truncate overflow-hidden text-center\">en-clase.ideal.es<\/span><span class=\"-me-1 flex h-full items-center rounded-full px-1 text-[#8F8F8F]\">+1<\/span><\/span><span class=\"flex h-4 w-full items-center justify-between absolute\"><span class=\"max-w-full grow truncate overflow-hidden text-center\">en-clase.ideal.es<\/span><span class=\"-me-1 flex h-full items-center rounded-full px-1 text-[#8F8F8F]\">+1<\/span><\/span><\/span><\/a><\/span><\/p>\n<h3 data-start=\"830\" data-end=\"873\">\ud83e\udd1d Fomento de valores a trav\u00e9s del arte<\/h3>\n<p data-start=\"875\" data-end=\"1034\"><span style=\"color: #000000\"><span class=\"relative -mx-px my-[-0.2rem] rounded px-px py-[0.2rem] transition-colors duration-100 ease-in-out\">Adem\u00e1s de las habilidades art\u00edsticas, Educ-Arte promueve valores como la empat\u00eda, la cooperaci\u00f3n y la autoestima.<\/span> <span class=\"relative -mx-px my-[-0.2rem] rounded px-px py-[0.2rem] transition-colors duration-100 ease-in-out\">A trav\u00e9s de proyectos como &#8220;EmpatizARTE&#8221;, los estudiantes reflexionan sobre emociones y valores humanos, utilizando el arte como medio para expresar y compartir sus experiencias<\/span>.<\/span> <span class=\"\" data-state=\"closed\"><span class=\"ms-1 inline-flex max-w-full items-center relative top-[-0.094rem] animate-[show_150ms_ease-in]\"><a class=\"flex h-4.5 overflow-hidden rounded-xl px-2 text-[0.5625em] font-medium text-token-text-secondary! bg-[#F4F4F4]! dark:bg-[#303030]! transition-colors duration-150 ease-in-out\" href=\"https:\/\/sanignaciotorrelodones.com\/musica-y-danza-como-expresion-de-uno-mismo-nuevo-proyecto-erasmus-k2\/?utm_source=chatgpt.com\" target=\"_blank\" rel=\"noopener\"><span class=\"relative start-0 bottom-0 flex h-full w-full items-center\"><span class=\"flex h-4 w-full items-center justify-between overflow-hidden\"><span class=\"max-w-full grow truncate overflow-hidden text-center\">sanignaciotorrelodones.com<\/span><\/span><\/span><\/a><\/span><\/span><span class=\"ms-1 inline-flex max-w-full items-center relative top-[-0.094rem] animate-[show_150ms_ease-in]\"><a class=\"flex h-4.5 overflow-hidden rounded-xl px-2 text-[0.5625em] font-medium text-token-text-secondary! bg-[#F4F4F4]! dark:bg-[#303030]! transition-colors duration-150 ease-in-out\" href=\"https:\/\/en-clase.ideal.es\/2019\/06\/01\/empatizarte-la-empatia-vista-desde-el-arte-llega-al-ceip-maria-zambrano-de-granada\/?utm_source=chatgpt.com\" target=\"_blank\" rel=\"noopener\"><span class=\"relative start-0 bottom-0 flex h-full w-full items-center\"><span class=\"flex h-4 w-full items-center justify-between\"><span class=\"max-w-full grow truncate overflow-hidden text-center\">en-clase.ideal.es<\/span><span class=\"-me-1 flex h-full items-center rounded-full px-1 text-[#8F8F8F]\">+1<\/span><\/span><span class=\"flex h-4 w-full items-center justify-between absolute\"><span class=\"max-w-full grow truncate overflow-hidden text-center\">en-clase.ideal.es<\/span><span class=\"-me-1 flex h-full items-center rounded-full px-1 text-[#8F8F8F]\">+1<\/span><\/span><\/span><\/a><\/span><\/p>\n<p data-start=\"1036\" data-end=\"1114\"><span class=\"relative -mx-px my-[-0.2rem] rounded px-px py-[0.2rem] transition-colors duration-100 ease-in-out\" style=\"color: #000000\">En resumen, Educ-Arte es una propuesta educativa que transforma el aprendizaje art\u00edstico en una experiencia significativa, enriqueciendo el entorno escolar y contribuyendo al desarrollo personal y social de los estudiantes.<\/span><\/p>\n<p data-start=\"1036\" data-end=\"1114\">&nbsp;<\/p>\n<p data-start=\"1036\" data-end=\"1114\"><span style=\"color: #000000\">Aqui abajo os dejamos algunas fotos de este proyecto:<\/span><\/p>\n<p>[\/et_pb_text][\/et_pb_column][\/et_pb_row][et_pb_row column_structure=&#8221;1_2,1_2&#8243; _builder_version=&#8221;4.24.2&#8243; _module_preset=&#8221;default&#8221; global_colors_info=&#8221;{}&#8221;][et_pb_column type=&#8221;1_2&#8243; _builder_version=&#8221;4.24.2&#8243; _module_preset=&#8221;default&#8221; global_colors_info=&#8221;{}&#8221;][et_pb_image src=&#8221;https:\/\/blogsaverroes.juntadeandalucia.es\/ceipmariazambranogranada\/files\/2025\/05\/IMG-20231109-WA0008.jpg&#8221; title_text=&#8221;IMG-20231109-WA0008&#8243; _builder_version=&#8221;4.24.2&#8243; _module_preset=&#8221;default&#8221; global_colors_info=&#8221;{}&#8221;][\/et_pb_image][et_pb_image src=&#8221;https:\/\/blogsaverroes.juntadeandalucia.es\/ceipmariazambranogranada\/files\/2025\/05\/IMG-20231115-WA0013.jpg&#8221; title_text=&#8221;IMG-20231115-WA0013&#8243; _builder_version=&#8221;4.24.2&#8243; _module_preset=&#8221;default&#8221; locked=&#8221;off&#8221; global_colors_info=&#8221;{}&#8221;][\/et_pb_image][et_pb_image src=&#8221;https:\/\/blogsaverroes.juntadeandalucia.es\/ceipmariazambranogranada\/files\/2025\/05\/IMG_20231120_130906-scaled.jpg&#8221; title_text=&#8221;IMG_20231120_130906&#8243; _builder_version=&#8221;4.24.2&#8243; _module_preset=&#8221;default&#8221; locked=&#8221;off&#8221; global_colors_info=&#8221;{}&#8221;][\/et_pb_image][et_pb_image src=&#8221;https:\/\/blogsaverroes.juntadeandalucia.es\/ceipmariazambranogranada\/files\/2025\/05\/IMG_20231124_115116-scaled.jpg&#8221; title_text=&#8221;IMG_20231124_115116&#8243; _builder_version=&#8221;4.24.2&#8243; _module_preset=&#8221;default&#8221; locked=&#8221;off&#8221; global_colors_info=&#8221;{}&#8221;][\/et_pb_image][et_pb_image src=&#8221;https:\/\/blogsaverroes.juntadeandalucia.es\/ceipmariazambranogranada\/files\/2025\/05\/IMG_20230522_112053-scaled.jpg&#8221; title_text=&#8221;IMG_20230522_112053&#8243; _builder_version=&#8221;4.24.2&#8243; _module_preset=&#8221;default&#8221; locked=&#8221;off&#8221; global_colors_info=&#8221;{}&#8221;][\/et_pb_image][\/et_pb_column][et_pb_column type=&#8221;1_2&#8243; _builder_version=&#8221;4.24.2&#8243; _module_preset=&#8221;default&#8221; global_colors_info=&#8221;{}&#8221;][et_pb_image src=&#8221;https:\/\/blogsaverroes.juntadeandalucia.es\/ceipmariazambranogranada\/files\/2025\/05\/IMG-20231115-WA0007.jpg&#8221; title_text=&#8221;IMG-20231115-WA0007&#8243; _builder_version=&#8221;4.24.2&#8243; _module_preset=&#8221;default&#8221; global_colors_info=&#8221;{}&#8221;][\/et_pb_image][et_pb_image src=&#8221;https:\/\/blogsaverroes.juntadeandalucia.es\/ceipmariazambranogranada\/files\/2025\/05\/IMG-20231115-WA0007777777777.jpg&#8221; title_text=&#8221;IMG-20231115-WA0007777777777&#8243; _builder_version=&#8221;4.24.2&#8243; _module_preset=&#8221;default&#8221; locked=&#8221;off&#8221; global_colors_info=&#8221;{}&#8221;][\/et_pb_image][et_pb_image src=&#8221;https:\/\/blogsaverroes.juntadeandalucia.es\/ceipmariazambranogranada\/files\/2025\/05\/IMG_20230524_123056-scaled.jpg&#8221; title_text=&#8221;IMG_20230524_123056&#8243; _builder_version=&#8221;4.24.2&#8243; _module_preset=&#8221;default&#8221; locked=&#8221;off&#8221; global_colors_info=&#8221;{}&#8221;][\/et_pb_image][et_pb_image src=&#8221;https:\/\/blogsaverroes.juntadeandalucia.es\/ceipmariazambranogranada\/files\/2025\/05\/IMG_20230524_113058-scaled.jpg&#8221; title_text=&#8221;IMG_20230524_113058&#8243; _builder_version=&#8221;4.24.2&#8243; _module_preset=&#8221;default&#8221; locked=&#8221;off&#8221; global_colors_info=&#8221;{}&#8221;][\/et_pb_image][et_pb_image src=&#8221;https:\/\/blogsaverroes.juntadeandalucia.es\/ceipmariazambranogranada\/files\/2025\/05\/IMG-20231123-WA0002.jpg&#8221; title_text=&#8221;IMG-20231123-WA0002&#8243; _builder_version=&#8221;4.24.2&#8243; _module_preset=&#8221;default&#8221; locked=&#8221;off&#8221; global_colors_info=&#8221;{}&#8221;][\/et_pb_image][\/et_pb_column][\/et_pb_row][\/et_pb_section]<\/p>\n","protected":false},"excerpt":{"rendered":"<p>Planes y Proyectos. Plan de igualdad de g\u00e9nero en educaci\u00f3n Plan de apertura de centros docentes Plan de salud laboral y P.R.L Planes de compensaci\u00f3n educativa Organizaci\u00f3n y funcionamiento de las bibliotecas escolares Bienestar y protecci\u00f3n infancia y de adolescencia\/convivencia escolar M\u00e1s equidad Praticum Grado Maestro Prevenci\u00f3n de la Violencia de g\u00e9nero PROA+ &#8220;TRANSF\u00d3RMATE&#8221; Red [&hellip;]<\/p>\n","protected":false},"author":18907,"featured_media":0,"parent":0,"menu_order":0,"comment_status":"closed","ping_status":"closed","template":"","meta":{"_et_pb_use_builder":"on","_et_pb_old_content":"","_et_gb_content_width":"","ngg_post_thumbnail":0,"footnotes":""},"aioseo_notices":[],"_links":{"self":[{"href":"https:\/\/blogsaverroes.juntadeandalucia.es\/ceipmariazambranogranada\/wp-json\/wp\/v2\/pages\/55"}],"collection":[{"href":"https:\/\/blogsaverroes.juntadeandalucia.es\/ceipmariazambranogranada\/wp-json\/wp\/v2\/pages"}],"about":[{"href":"https:\/\/blogsaverroes.juntadeandalucia.es\/ceipmariazambranogranada\/wp-json\/wp\/v2\/types\/page"}],"author":[{"embeddable":true,"href":"https:\/\/blogsaverroes.juntadeandalucia.es\/ceipmariazambranogranada\/wp-json\/wp\/v2\/users\/18907"}],"replies":[{"embeddable":true,"href":"https:\/\/blogsaverroes.juntadeandalucia.es\/ceipmariazambranogranada\/wp-json\/wp\/v2\/comments?post=55"}],"version-history":[{"count":12,"href":"https:\/\/blogsaverroes.juntadeandalucia.es\/ceipmariazambranogranada\/wp-json\/wp\/v2\/pages\/55\/revisions"}],"predecessor-version":[{"id":848,"href":"https:\/\/blogsaverroes.juntadeandalucia.es\/ceipmariazambranogranada\/wp-json\/wp\/v2\/pages\/55\/revisions\/848"}],"wp:attachment":[{"href":"https:\/\/blogsaverroes.juntadeandalucia.es\/ceipmariazambranogranada\/wp-json\/wp\/v2\/media?parent=55"}],"curies":[{"name":"wp","href":"https:\/\/api.w.org\/{rel}","templated":true}]}}