{"id":722,"date":"2025-05-05T11:45:12","date_gmt":"2025-05-05T10:45:12","guid":{"rendered":"https:\/\/blogsaverroes.juntadeandalucia.es\/ceipmariazambranogranada\/?page_id=722"},"modified":"2025-05-12T10:20:03","modified_gmt":"2025-05-12T09:20:03","slug":"el-centro","status":"publish","type":"page","link":"https:\/\/blogsaverroes.juntadeandalucia.es\/ceipmariazambranogranada\/el-centro\/","title":{"rendered":"El centro"},"content":{"rendered":"<p>[et_pb_section fb_built=&#8221;1&#8243; _builder_version=&#8221;4.24.2&#8243; _module_preset=&#8221;default&#8221; global_colors_info=&#8221;{}&#8221;][et_pb_row column_structure=&#8221;1_2,1_2&#8243; _builder_version=&#8221;4.24.2&#8243; _module_preset=&#8221;default&#8221; global_colors_info=&#8221;{}&#8221;][et_pb_column type=&#8221;1_2&#8243; _builder_version=&#8221;4.24.2&#8243; _module_preset=&#8221;default&#8221; global_colors_info=&#8221;{}&#8221;][et_pb_image src=&#8221;https:\/\/blogsaverroes.juntadeandalucia.es\/ceipmariazambranogranada\/files\/2020\/02\/elcentro.png&#8221; title_text=&#8221;elcentro&#8221; _builder_version=&#8221;4.24.2&#8243; _module_preset=&#8221;default&#8221; global_colors_info=&#8221;{}&#8221;][\/et_pb_image][et_pb_image src=&#8221;https:\/\/blogsaverroes.juntadeandalucia.es\/ceipmariazambranogranada\/files\/2023\/12\/cropped-cropped-Fachada-1.jpg&#8221; title_text=&#8221;cropped-cropped-Fachada-1.jpg&#8221; _builder_version=&#8221;4.24.2&#8243; _module_preset=&#8221;default&#8221; global_colors_info=&#8221;{}&#8221;][\/et_pb_image][\/et_pb_column][et_pb_column type=&#8221;1_2&#8243; _builder_version=&#8221;4.24.2&#8243; _module_preset=&#8221;default&#8221; global_colors_info=&#8221;{}&#8221;][et_pb_text _builder_version=&#8221;4.24.2&#8243; _module_preset=&#8221;default&#8221; hover_enabled=&#8221;0&#8243; global_colors_info=&#8221;{}&#8221; sticky_enabled=&#8221;0&#8243;]<\/p>\n<p data-start=\"0\" data-end=\"151\">&nbsp;<\/p>\n<p class=\"\" data-start=\"0\" data-end=\"151\"><span class=\"relative -mx-px my-[-0.2rem] rounded px-px py-[0.2rem] transition-colors duration-100 ease-in-out\">El <strong data-start=\"3\" data-end=\"26\">CEIP Mar\u00eda Zambrano<\/strong> es un centro p\u00fablico de Educaci\u00f3n Infantil y Primaria ubicado en la ciudad de Granada, concretamente en la Calle Caser\u00eda del Cerro, 14 (CP 18013)<\/span> . <span class=\"relative -mx-px my-[-0.2rem] rounded px-px py-[0.2rem] transition-colors duration-100 ease-in-out\">Forma parte de la red de centros de la Junta de Andaluc\u00eda y se distingue por su compromiso con la innovaci\u00f3n educativa, la inclusi\u00f3n y el desarrollo integral del alumnado.<\/span><\/p>\n<h3 class=\"\" data-start=\"153\" data-end=\"184\">Caracter\u00edsticas principales<\/h3>\n<ul data-start=\"186\" data-end=\"985\">\n<li class=\"\" data-start=\"186\" data-end=\"368\">\n<p class=\"\" data-start=\"188\" data-end=\"368\"><strong data-start=\"188\" data-end=\"209\">Etapas educativas<\/strong>: <span class=\"relative -mx-px my-[-0.2rem] rounded px-px py-[0.2rem] transition-colors duration-100 ease-in-out\">Ofrece el segundo ciclo de Educaci\u00f3n Infantil (3-6 a\u00f1os) y Educaci\u00f3n Primaria (6-12 a\u00f1os).<\/span> <span class=\"relative -mx-px my-[-0.2rem] rounded px-px py-[0.2rem] transition-colors duration-100 ease-in-out\">Adem\u00e1s, cuenta con aulas espec\u00edficas para alumnado con necesidades educativas especiales, incluyendo un aula TEA (Trastorno del Espectro Autista)<\/span> .<\/p>\n<\/li>\n<li class=\"\" data-start=\"370\" data-end=\"513\">\n<p class=\"\" data-start=\"372\" data-end=\"513\"><strong data-start=\"372\" data-end=\"393\">Modelo pedag\u00f3gico<\/strong>: <span class=\"relative -mx-px my-[-0.2rem] rounded px-px py-[0.2rem] transition-colors duration-100 ease-in-out\">El centro promueve una educaci\u00f3n inclusiva, participativa y centrada en el desarrollo integral del alumnado.<\/span> <span class=\"relative -mx-px my-[-0.2rem] rounded px-px py-[0.2rem] transition-colors duration-100 ease-in-out\">Se fomenta el aprendizaje activo, la creatividad y el pensamiento cr\u00edtico.<\/span><\/p>\n<\/li>\n<li class=\"\" data-start=\"515\" data-end=\"626\">\n<p class=\"\" data-start=\"517\" data-end=\"626\"><strong data-start=\"517\" data-end=\"546\">Servicios complementarios<\/strong>: <span class=\"relative -mx-px my-[-0.2rem] rounded px-px py-[0.2rem] transition-colors duration-100 ease-in-out\">Dispone de aula matinal, comedor escolar y actividades extraescolares, facilitando la conciliaci\u00f3n familiar y enriqueciendo la formaci\u00f3n del alumnado.<\/span><\/p>\n<\/li>\n<li class=\"\" data-start=\"628\" data-end=\"775\">\n<p class=\"\" data-start=\"630\" data-end=\"775\"><strong data-start=\"630\" data-end=\"654\">Proyectos educativos<\/strong>: <span class=\"relative -mx-px my-[-0.2rem] rounded px-px py-[0.2rem] transition-colors duration-100 ease-in-out\">Participa en programas como &#8220;Educ-Arte&#8221;, que integran el arte en el curr\u00edculo escolar, y en iniciativas de innovaci\u00f3n educativa enmarcadas en el plan Impulsa<\/span> .<\/p>\n<\/li>\n<li class=\"\" data-start=\"777\" data-end=\"876\">\n<p class=\"\" data-start=\"779\" data-end=\"876\"><strong data-start=\"779\" data-end=\"796\">Instalaciones<\/strong>: <span class=\"relative -mx-px my-[-0.2rem] rounded px-px py-[0.2rem] transition-colors duration-100 ease-in-out\">Cuenta con aulas equipadas con recursos tecnol\u00f3gicos, espacios amplios y luminosos, pistas deportivas y un huerto escolar.<\/span><\/p>\n<\/li>\n<li class=\"\" data-start=\"878\" data-end=\"985\">\n<p class=\"\" data-start=\"880\" data-end=\"985\"><strong data-start=\"880\" data-end=\"905\">Valores y convivencia<\/strong>: <span class=\"relative -mx-px my-[-0.2rem] rounded px-px py-[0.2rem] transition-colors duration-100 ease-in-out\">Se trabaja en la educaci\u00f3n en valores, promoviendo el respeto, la igualdad y la convivencia positiva entre toda la comunidad educativa<\/span><\/p>\n<\/li>\n<\/ul>\n<p>[\/et_pb_text][\/et_pb_column][\/et_pb_row][\/et_pb_section]<\/p>\n","protected":false},"excerpt":{"rendered":"<p>&nbsp; El CEIP Mar\u00eda Zambrano es un centro p\u00fablico de Educaci\u00f3n Infantil y Primaria ubicado en la ciudad de Granada, concretamente en la Calle Caser\u00eda del Cerro, 14 (CP 18013) . Forma parte de la red de centros de la Junta de Andaluc\u00eda y se distingue por su compromiso con la innovaci\u00f3n educativa, la inclusi\u00f3n [&hellip;]<\/p>\n","protected":false},"author":18907,"featured_media":0,"parent":0,"menu_order":0,"comment_status":"closed","ping_status":"closed","template":"","meta":{"_et_pb_use_builder":"on","_et_pb_old_content":"","_et_gb_content_width":"","ngg_post_thumbnail":0,"footnotes":""},"aioseo_notices":[],"_links":{"self":[{"href":"https:\/\/blogsaverroes.juntadeandalucia.es\/ceipmariazambranogranada\/wp-json\/wp\/v2\/pages\/722"}],"collection":[{"href":"https:\/\/blogsaverroes.juntadeandalucia.es\/ceipmariazambranogranada\/wp-json\/wp\/v2\/pages"}],"about":[{"href":"https:\/\/blogsaverroes.juntadeandalucia.es\/ceipmariazambranogranada\/wp-json\/wp\/v2\/types\/page"}],"author":[{"embeddable":true,"href":"https:\/\/blogsaverroes.juntadeandalucia.es\/ceipmariazambranogranada\/wp-json\/wp\/v2\/users\/18907"}],"replies":[{"embeddable":true,"href":"https:\/\/blogsaverroes.juntadeandalucia.es\/ceipmariazambranogranada\/wp-json\/wp\/v2\/comments?post=722"}],"version-history":[{"count":6,"href":"https:\/\/blogsaverroes.juntadeandalucia.es\/ceipmariazambranogranada\/wp-json\/wp\/v2\/pages\/722\/revisions"}],"predecessor-version":[{"id":736,"href":"https:\/\/blogsaverroes.juntadeandalucia.es\/ceipmariazambranogranada\/wp-json\/wp\/v2\/pages\/722\/revisions\/736"}],"wp:attachment":[{"href":"https:\/\/blogsaverroes.juntadeandalucia.es\/ceipmariazambranogranada\/wp-json\/wp\/v2\/media?parent=722"}],"curies":[{"name":"wp","href":"https:\/\/api.w.org\/{rel}","templated":true}]}}