{"id":1014,"date":"2024-03-08T16:33:04","date_gmt":"2024-03-08T15:33:04","guid":{"rendered":"https:\/\/blogsaverroes.juntadeandalucia.es\/ceipmaribanez\/?page_id=1014"},"modified":"2024-04-03T12:04:46","modified_gmt":"2024-04-03T11:04:46","slug":"quienes-somos","status":"publish","type":"page","link":"https:\/\/blogsaverroes.juntadeandalucia.es\/ceipmaribanez\/quienes-somos\/","title":{"rendered":"\u00bfQui\u00e9nes somos?"},"content":{"rendered":"<p>Nuestro centro educativo toma el nombre de la localidad donde se ubica, <strong>Marib\u00e1\u00f1ez<\/strong>, un <strong><span style=\"color: #339966\">entorno rural<\/span><\/strong> situado al sur del municipio de Los Palacios y Villafranca, al cual pertenece, siendo una pedan\u00eda de este.<\/p>\n<p>La cercan\u00eda con el municipio de referencia y con la capital de la provincia se acrecienta por las buenas v\u00edas de comunicaci\u00f3n que existen, siendo la Nacional IV y la autopista Sevilla-C\u00e1diz los ejes vertebradores que la integran dentro de la Mancomunidad del Bajo Guadalquivir.<\/p>\n<p>La poblaci\u00f3n de referencia de nuestra pedan\u00eda se establece en torno a los 1200 habitantes, siendo las viviendas de tipolog\u00eda colonial agraria, con grandes patios para poder albergar maquinaria y aperos de labranza en su origen. Con el paso del tiempo la dedicaci\u00f3n de la familia al sector primaria se ha tornado pr\u00e1cticamente en un alto porcentaje al sector terciario o de servicios.<\/p>\n<p>El contacto con la <strong><span style=\"color: #339966\">naturaleza<\/span><\/strong> y con todo lo relativo al <strong><span style=\"color: #339966\">mundo agrario<\/span><\/strong> persiste en el d\u00eda a d\u00eda y en las costumbres y celebraciones populares que a lo largo del a\u00f1o discurren en la peque\u00f1a localidad y se ve acrecentado notablemente por la existencia de un parque periurbano de aproximadamente 14 hect\u00e1reas.<\/p>\n<p>La escuela se caracteriza por ser el \u00fanico elemento institucional ya que carece de ayuntamiento por ser dependiente del municipio anteriormente<br \/>\nmencionado.<\/p>\n<p>En nuestro colegio existe una Asociaci\u00f3n de Madres y Padres de alumnado denominada <strong>AMPA Trigales<\/strong> del CEIP Marib\u00e1\u00f1ez muy implicada y colaboradora en todo momento con las actividades que desde el centro se le proponen y otras tantas que se generan en el seno de la propia asociaci\u00f3n.<\/p>\n<p>Actualmente nos encotramos en una gran \u00e9poca de cambios ya que nos hemos iniciado en el universo de <strong>Erasmus +<\/strong> y la creaci\u00f3n de nuestro centro como una <strong>Comunidad de Aprendizaje.<\/strong> A todo esto acompa\u00f1a una metodolog\u00eda basada en retos, con un alumnado activo, con diferentes escenarios (<span style=\"color: #3366ff\">Aula del Futuro<\/span>, <span style=\"color: #3366ff\">Supermercado<\/span>, <span style=\"color: #3366ff\">Biblioteca<\/span> y <span style=\"color: #3366ff\">Huerto escolar<\/span>) que ayudan a atender a la diversidad e incluir todos los estilos de aprendizaje teniendo en cuenta el modelo de <strong>ense\u00f1anza DUA.<\/strong><\/p>\n","protected":false},"excerpt":{"rendered":"<p>Nuestro centro educativo toma el nombre de la localidad donde se ubica, Marib\u00e1\u00f1ez, un entorno rural situado al sur del municipio de Los Palacios y Villafranca, al cual pertenece, siendo una pedan\u00eda de este.&#46;&#46;&#46;<\/p>\n","protected":false},"author":19412,"featured_media":0,"parent":0,"menu_order":0,"comment_status":"closed","ping_status":"closed","template":"","meta":{"ngg_post_thumbnail":0,"footnotes":""},"aioseo_notices":[],"_links":{"self":[{"href":"https:\/\/blogsaverroes.juntadeandalucia.es\/ceipmaribanez\/wp-json\/wp\/v2\/pages\/1014"}],"collection":[{"href":"https:\/\/blogsaverroes.juntadeandalucia.es\/ceipmaribanez\/wp-json\/wp\/v2\/pages"}],"about":[{"href":"https:\/\/blogsaverroes.juntadeandalucia.es\/ceipmaribanez\/wp-json\/wp\/v2\/types\/page"}],"author":[{"embeddable":true,"href":"https:\/\/blogsaverroes.juntadeandalucia.es\/ceipmaribanez\/wp-json\/wp\/v2\/users\/19412"}],"replies":[{"embeddable":true,"href":"https:\/\/blogsaverroes.juntadeandalucia.es\/ceipmaribanez\/wp-json\/wp\/v2\/comments?post=1014"}],"version-history":[{"count":4,"href":"https:\/\/blogsaverroes.juntadeandalucia.es\/ceipmaribanez\/wp-json\/wp\/v2\/pages\/1014\/revisions"}],"predecessor-version":[{"id":1160,"href":"https:\/\/blogsaverroes.juntadeandalucia.es\/ceipmaribanez\/wp-json\/wp\/v2\/pages\/1014\/revisions\/1160"}],"wp:attachment":[{"href":"https:\/\/blogsaverroes.juntadeandalucia.es\/ceipmaribanez\/wp-json\/wp\/v2\/media?parent=1014"}],"curies":[{"name":"wp","href":"https:\/\/api.w.org\/{rel}","templated":true}]}}