{"id":35,"date":"2015-03-13T08:21:43","date_gmt":"2015-03-13T08:21:43","guid":{"rendered":"http:\/\/blogsaverroes.juntadeandalucia.es\/pre\/ceip\/?page_id=35"},"modified":"2025-08-22T13:14:55","modified_gmt":"2025-08-22T11:14:55","slug":"el-centro-2","status":"publish","type":"page","link":"https:\/\/blogsaverroes.juntadeandalucia.es\/ceipmarismasdehinojos\/el-centro-2\/","title":{"rendered":"Datos del centro"},"content":{"rendered":"<p><iframe loading=\"lazy\" src=\"https:\/\/www.google.com\/maps\/embed?pb=!1m18!1m12!1m3!1d3174.135132072114!2d-6.383759288512554!3d37.29193103971031!2m3!1f0!2f0!3f0!3m2!1i1024!2i768!4f13.1!3m3!1m2!1s0xd121b4a4981ae4d%3A0x3f3f2ca5579cdcf2!2sC%20E%20I%20P%20Marismas%20De%20Hinojos!5e0!3m2!1ses!2ses!4v1755861273239!5m2!1ses!2ses\" width=\"600\" height=\"450\"><\/iframe><\/p>\n<p><strong>Direcci\u00f3n:<\/strong>&nbsp; Avenida Reyes Cat\u00f3licos S\/N 21740 Hinojos (Huelva)<\/p>\n<p><strong>Tel\u00e9fono: 959439500<\/strong><br \/>\n<strong>Email:<\/strong> 21001259.edu@juntadeandalucia.es<\/p>\n<h4><strong>Horarios<\/strong><\/h4>\n<p>Horario de apertura del centro:&nbsp; Desde las 8,30 h hasta las 16:00 h.&nbsp;<\/p>\n<h4><strong>Oferta educativa<\/strong><\/h4>\n<p>Somos un centro p\u00fablico con ense\u00f1anzas de 2\u00ba ciclo de Educaci\u00f3n Infantil y Educaci\u00f3n Primaria, nuestros alumnos\/as comprenden desde los 3 hasta los 12 a\u00f1os.&nbsp; En nuestro centro ofertamos: <a href=\"https:\/\/blogsaverroes.juntadeandalucia.es\/ceipmarismasdehinojos\/\">Aula Matinal<\/a> , <a href=\"https:\/\/blogsaverroes.juntadeandalucia.es\/ceipmarismasdehinojos\/comedor-escolar\/\">Comedor Escolar<\/a> y <a href=\"https:\/\/blogsaverroes.juntadeandalucia.es\/ceipmarismasdehinojos\/actividades-extraescolares\/\">Actividades extraescolares<\/a> dentro de nuestro plan de familias.&nbsp;<\/p>\n<p>Somos centro disponemos de 2 l\u00edneas completas de alumnos\/as desde 3 a\u00f1os hasta 6\u00ba de Primaria con una ratio de unos 20 alumnos\/as aproximadamente.&nbsp;&nbsp;<\/p>\n<h4><strong>Se\u00f1as de Identidad&nbsp;<\/strong><\/h4>\n<p>Nuestra principal caracter\u00edstica es ser un centro que piensa que lo principal es \u00abEnse\u00f1ar a ser personas, a ser buenas personas\u00bb , nuestro l\u00ednea de trabajo est\u00e1 fundamentada en nuestro Proyecto de Paz, desarrollar al individuo de forma integral y hacerlo intentado incluir todo aquello que consideramos fundamental.&nbsp; Por ello somos un colegio que nos sumamos a todos aquellos planes que creemos pueden aportar algo a nuestros ni\u00f1os\/as: Proyecto de Paz<strong> e Igualdad, integraci\u00f3n de las TIC<\/strong> (desarrollando ahora mismo un nuevo proceso de Transformaci\u00f3n digital Educativa (TDE)), <strong>Biling\u00fcismo , Ecoescuela<\/strong> (impensable no cuidar un entorno como el nuestro con tantas hect\u00e1reas de parque de Do\u00f1ana y con una inmensa zona de marismas) , <b>Plan de h\u00e1bitos saludables , Proyecto de lectura y biblioteca escolar y nuestra cultura andaluza; <\/b>haciendo que todos ellos impregnen el dia a dia de nuestro trabajo en el aula y est\u00e1n siempre presentes desde cualquier materia o tarea.<\/p>\n<p>Somos un centro escolar con unas peculiaridades que nos enorgullece y nos distingue, queremos que los padres\/madres esten lo mas cerca nuestro, apoyandonos y colaborando en nuestras actividades del colegio, queremos ser su casa y por eso siempre tenemos nuestras puertas abiertas, <strong>aunque dada las circunstancias de este curso por el COVID hallamos que tenido que restringirlo todo.&nbsp;<\/strong><\/p>\n<h4><strong>Instalaciones<\/strong><\/h4>\n<p>En el centro disponemos de 18 aulas, Aula gimnasio-vestuario de reciente construcci\u00f3n, biblioteca, SUM que empleamos para aula de M\u00fasica y como lugar de reuniones con la comunidad educativa. En Primaria tenemos un m\u00f3dulo administrativo con sala de profesores, direcci\u00f3n , secretar\u00eda , Jefatura y Aula de Ed. Especial.&nbsp;&nbsp;<\/p>\n<p>Somos un centro de planta \u00fanica, clases con grandes ventanales , de caracter\u00edsticas y arquitectura singular, que nos da una belleza especial que nos hace sentirnos \u00abespeciales'\u00bb.<\/p>\n<p>Disponemos de 1 enorme patio con una pista polideportiva con 2 porter\u00edas y 2 canastas, a parte d eun enorme pasillo que rodea a todas las clases del modulo frontal y que podemos usar como patio de recreo al estar comunicado por ambos extremos. En la esquina del patio de las aulas de 5\u00ba y 6\u00ba disponemos de un aparcamiento para bicicletas a disposici\u00f3n de los alumnos\/as.<\/p>\n<p>Somos un centro con 2 edificios separados por una calle, Ed. Infantil es un edificio a parte con su sala de profesores y con enorme patio para los ni\u00f1os\/as de dicha etapa. En este edificio anexo tambi\u00e9n disponemos de un aula de psicomotricidad con todo tipo de materiales y un suelo espec\u00edfico para el uso que se le da.<\/p>\n","protected":false},"excerpt":{"rendered":"<p>Direcci\u00f3n:&nbsp; Avenida Reyes Cat\u00f3licos S\/N 21740 Hinojos (Huelva) Tel\u00e9fono: 959439500 Email: 21001259.edu@juntadeandalucia.es Horarios Horario de apertura del centro:&nbsp; Desde las&#46;&#46;&#46;<\/p>\n","protected":false},"author":1,"featured_media":0,"parent":0,"menu_order":0,"comment_status":"closed","ping_status":"open","template":"","meta":{"ngg_post_thumbnail":0,"footnotes":"","_mc_calendar":[]},"aioseo_notices":[],"_links":{"self":[{"href":"https:\/\/blogsaverroes.juntadeandalucia.es\/ceipmarismasdehinojos\/wp-json\/wp\/v2\/pages\/35"}],"collection":[{"href":"https:\/\/blogsaverroes.juntadeandalucia.es\/ceipmarismasdehinojos\/wp-json\/wp\/v2\/pages"}],"about":[{"href":"https:\/\/blogsaverroes.juntadeandalucia.es\/ceipmarismasdehinojos\/wp-json\/wp\/v2\/types\/page"}],"author":[{"embeddable":true,"href":"https:\/\/blogsaverroes.juntadeandalucia.es\/ceipmarismasdehinojos\/wp-json\/wp\/v2\/users\/1"}],"replies":[{"embeddable":true,"href":"https:\/\/blogsaverroes.juntadeandalucia.es\/ceipmarismasdehinojos\/wp-json\/wp\/v2\/comments?post=35"}],"version-history":[{"count":32,"href":"https:\/\/blogsaverroes.juntadeandalucia.es\/ceipmarismasdehinojos\/wp-json\/wp\/v2\/pages\/35\/revisions"}],"predecessor-version":[{"id":4069,"href":"https:\/\/blogsaverroes.juntadeandalucia.es\/ceipmarismasdehinojos\/wp-json\/wp\/v2\/pages\/35\/revisions\/4069"}],"wp:attachment":[{"href":"https:\/\/blogsaverroes.juntadeandalucia.es\/ceipmarismasdehinojos\/wp-json\/wp\/v2\/media?parent=35"}],"curies":[{"name":"wp","href":"https:\/\/api.w.org\/{rel}","templated":true}]}}