{"id":1113,"date":"2015-03-12T11:00:55","date_gmt":"2015-03-12T11:00:55","guid":{"rendered":"http:\/\/blogsaverroes.juntadeandalucia.es\/pre\/ceip\/?page_id=2"},"modified":"2025-10-12T12:36:51","modified_gmt":"2025-10-12T10:36:51","slug":"pagina-ejemplo-2","status":"publish","type":"page","link":"https:\/\/blogsaverroes.juntadeandalucia.es\/ceipmarquesdeguadalcazar\/","title":{"rendered":"&#8216;En cada ni\u00f1o se deber\u00eda poner un cartel que dijera: Tratar con cuidado, contiene sue\u00f1os&#8217; (Mirko Badiale)."},"content":{"rendered":"<p><a href=\"https:\/\/blogsaverroes.juntadeandalucia.es\/ceipmarquesdeguadalcazar\/files\/2024\/10\/ESTRELLAS.jpg\"><img loading=\"lazy\" decoding=\"async\" class=\"size-medium wp-image-3061 alignright\" src=\"https:\/\/blogsaverroes.juntadeandalucia.es\/ceipmarquesdeguadalcazar\/files\/2024\/10\/ESTRELLAS-300x225.jpg\" alt=\"\" width=\"300\" height=\"225\" srcset=\"https:\/\/blogsaverroes.juntadeandalucia.es\/ceipmarquesdeguadalcazar\/files\/2024\/10\/ESTRELLAS-300x225.jpg 300w, https:\/\/blogsaverroes.juntadeandalucia.es\/ceipmarquesdeguadalcazar\/files\/2024\/10\/ESTRELLAS-1024x768.jpg 1024w, https:\/\/blogsaverroes.juntadeandalucia.es\/ceipmarquesdeguadalcazar\/files\/2024\/10\/ESTRELLAS-768x576.jpg 768w, https:\/\/blogsaverroes.juntadeandalucia.es\/ceipmarquesdeguadalcazar\/files\/2024\/10\/ESTRELLAS-1536x1152.jpg 1536w, https:\/\/blogsaverroes.juntadeandalucia.es\/ceipmarquesdeguadalcazar\/files\/2024\/10\/ESTRELLAS.jpg 1600w\" sizes=\"(max-width: 300px) 100vw, 300px\" \/><\/a><\/p>\n<p><em><strong>Bienvenidos a la web de nuestro Centro, nuestra intenci\u00f3n es acercarnos a todos los que form\u00e1is parte de esta comunidad educativa y a los que os incluir\u00e9is pr\u00f3ximamente en ella.<\/strong><\/em><\/p>\n<p>Somos un colegio p\u00fablico situado en una localidad peque\u00f1a de la campi\u00f1a cordobesa, Guadalc\u00e1zar (C\u00f3rdoba), a unos veinte kil\u00f3metros de la capital. Contamos con una l\u00ednea, que abarca desde E. Infantil de 3 a\u00f1os hasta 2\u00ba curso de ESO, y con un profesorado implicado en la educaci\u00f3n integral de nuestros alumn@s, que fomenta el desarrollo de valores democr\u00e1ticos (respeto, solidaridad, etc.), e intenta conseguir que los ni\u00f1@s sean felices.<\/p>\n<p>Adem\u00e1s, en nuestro Centro trabajamos dentro de distintos Planes y Proyectos:<\/p>\n<ul>\n<li>&nbsp;Plan de Apertura a las Familias Andaluzas.<\/li>\n<li>&nbsp;Plan de Actuaci\u00f3n Digital y Proyecto Steam 4.0.<\/li>\n<li>&nbsp;Plan de Igualdad.<\/li>\n<li>&nbsp;Proyecto de Biblioteca.<\/li>\n<li>&nbsp;Proyecto Escuela Espacio de Paz.<\/li>\n<li>Proyecto&nbsp; H\u00e1bitos de Vida Saludable y Forma Joven.<\/li>\n<\/ul>\n<p>Todos ellos unificados en el Proyecto<a href=\"https:\/\/www.facebook.com\/profile.php?id=100074552387176\" target=\"_blank\" rel=\"noopener noreferrer\"> Cogidos de la mano.<\/a> , que se plasma en la red social faccebook. Os animamos a visitarla.<\/p>\n<p>Esperamos que te resulte interesante la informaci\u00f3n que transmitiremos a trav\u00e9s de la misma.<\/p>\n<p>&nbsp; &nbsp; &nbsp; &nbsp; &nbsp; &nbsp; &nbsp; &nbsp; &nbsp; &nbsp; &nbsp; &nbsp; &nbsp; &nbsp; &nbsp; &nbsp; &nbsp; &nbsp; &nbsp; &nbsp; &nbsp; &nbsp; &nbsp; &nbsp; &nbsp; &nbsp; &nbsp; &nbsp; &nbsp; &nbsp; &nbsp; &nbsp; &nbsp; &nbsp; &nbsp; &nbsp; &nbsp; &nbsp; &nbsp; &nbsp; &nbsp; &nbsp; &nbsp; &nbsp; &nbsp; &nbsp; &nbsp; &nbsp; &nbsp; &nbsp; &nbsp; &nbsp; &nbsp; &nbsp; &nbsp; &nbsp; &nbsp; &nbsp; &nbsp; &nbsp; &nbsp; &nbsp; &nbsp; &nbsp; &nbsp; &nbsp; &nbsp; &nbsp; &nbsp; &nbsp; &nbsp; &nbsp; &nbsp; &nbsp;&nbsp;<\/p>\n<p><a href=\"https:\/\/blogsaverroes.juntadeandalucia.es\/ceipmarquesdeguadalcazar\/files\/2024\/10\/Logo-Cogidos-de-la-Mano.jpg\"><img loading=\"lazy\" decoding=\"async\" class=\"wp-image-3095 alignleft\" src=\"https:\/\/blogsaverroes.juntadeandalucia.es\/ceipmarquesdeguadalcazar\/files\/2024\/10\/Logo-Cogidos-de-la-Mano-300x300.jpg\" alt=\"\" width=\"124\" height=\"124\" srcset=\"https:\/\/blogsaverroes.juntadeandalucia.es\/ceipmarquesdeguadalcazar\/files\/2024\/10\/Logo-Cogidos-de-la-Mano-300x300.jpg 300w, https:\/\/blogsaverroes.juntadeandalucia.es\/ceipmarquesdeguadalcazar\/files\/2024\/10\/Logo-Cogidos-de-la-Mano-150x150.jpg 150w, https:\/\/blogsaverroes.juntadeandalucia.es\/ceipmarquesdeguadalcazar\/files\/2024\/10\/Logo-Cogidos-de-la-Mano.jpg 599w\" sizes=\"(max-width: 124px) 100vw, 124px\" \/><\/a><a href=\"https:\/\/blogsaverroes.juntadeandalucia.es\/ceipmarquesdeguadalcazar\/files\/2015\/05\/WhatsApp-Image-2021-11-26-at-10.05.58.jpeg\"><img loading=\"lazy\" decoding=\"async\" class=\"size-thumbnail wp-image-2543 alignright\" src=\"https:\/\/blogsaverroes.juntadeandalucia.es\/ceipmarquesdeguadalcazar\/files\/2015\/05\/WhatsApp-Image-2021-11-26-at-10.05.58-150x150.jpeg\" alt=\"\" width=\"150\" height=\"150\"><\/a><\/p>\n<p><a href=\"https:\/\/blogsaverroes.juntadeandalucia.es\/ceipmarquesdeguadalcazar\/files\/2022\/03\/WhatsApp-Image-2022-03-03-at-13.19.37.jpeg\"><img loading=\"lazy\" decoding=\"async\" class=\" wp-image-2566 aligncenter\" src=\"https:\/\/blogsaverroes.juntadeandalucia.es\/ceipmarquesdeguadalcazar\/files\/2022\/03\/WhatsApp-Image-2022-03-03-at-13.19.37-300x139.jpeg\" alt=\"Desde nuestro cole pedimos un NO rotundo a la guerra, pedimos PAZ para el mundo.\" width=\"503\" height=\"233\" srcset=\"https:\/\/blogsaverroes.juntadeandalucia.es\/ceipmarquesdeguadalcazar\/files\/2022\/03\/WhatsApp-Image-2022-03-03-at-13.19.37-300x139.jpeg 300w, https:\/\/blogsaverroes.juntadeandalucia.es\/ceipmarquesdeguadalcazar\/files\/2022\/03\/WhatsApp-Image-2022-03-03-at-13.19.37-1024x473.jpeg 1024w, https:\/\/blogsaverroes.juntadeandalucia.es\/ceipmarquesdeguadalcazar\/files\/2022\/03\/WhatsApp-Image-2022-03-03-at-13.19.37-768x355.jpeg 768w, https:\/\/blogsaverroes.juntadeandalucia.es\/ceipmarquesdeguadalcazar\/files\/2022\/03\/WhatsApp-Image-2022-03-03-at-13.19.37-1536x710.jpeg 1536w, https:\/\/blogsaverroes.juntadeandalucia.es\/ceipmarquesdeguadalcazar\/files\/2022\/03\/WhatsApp-Image-2022-03-03-at-13.19.37.jpeg 1600w\" sizes=\"(max-width: 503px) 100vw, 503px\" \/><\/a><\/p>\n<p>&nbsp;<\/p>\n<p>&nbsp;<\/p>\n<p>&nbsp;<\/p>\n<p>&nbsp;<\/p>\n<p>&nbsp;<\/p>\n<p>&nbsp;<\/p>\n<p>&nbsp;<\/p>\n<p>&nbsp;<\/p>\n<p>&nbsp; &nbsp;&nbsp;<\/p>\n","protected":false},"excerpt":{"rendered":"<p>Bienvenidos a la web de nuestro Centro, nuestra intenci\u00f3n es acercarnos a todos los que form\u00e1is parte de esta comunidad educativa y a los que os incluir\u00e9is pr\u00f3ximamente en ella. Somos un colegio p\u00fablico situado en una localidad peque\u00f1a de la campi\u00f1a cordobesa, Guadalc\u00e1zar (C\u00f3rdoba), a unos veinte kil\u00f3metros de la capital. Contamos con una &hellip; <\/p>\n<p><a class=\"more-link btn\" href=\"https:\/\/blogsaverroes.juntadeandalucia.es\/ceipmarquesdeguadalcazar\/\">Seguir leyendo<\/a><\/p>\n","protected":false},"author":1,"featured_media":2588,"parent":0,"menu_order":0,"comment_status":"closed","ping_status":"open","template":"","meta":{"ngg_post_thumbnail":0,"footnotes":"","_mc_calendar":[]},"aioseo_notices":[],"_links":{"self":[{"href":"https:\/\/blogsaverroes.juntadeandalucia.es\/ceipmarquesdeguadalcazar\/wp-json\/wp\/v2\/pages\/1113"}],"collection":[{"href":"https:\/\/blogsaverroes.juntadeandalucia.es\/ceipmarquesdeguadalcazar\/wp-json\/wp\/v2\/pages"}],"about":[{"href":"https:\/\/blogsaverroes.juntadeandalucia.es\/ceipmarquesdeguadalcazar\/wp-json\/wp\/v2\/types\/page"}],"author":[{"embeddable":true,"href":"https:\/\/blogsaverroes.juntadeandalucia.es\/ceipmarquesdeguadalcazar\/wp-json\/wp\/v2\/users\/1"}],"replies":[{"embeddable":true,"href":"https:\/\/blogsaverroes.juntadeandalucia.es\/ceipmarquesdeguadalcazar\/wp-json\/wp\/v2\/comments?post=1113"}],"version-history":[{"count":41,"href":"https:\/\/blogsaverroes.juntadeandalucia.es\/ceipmarquesdeguadalcazar\/wp-json\/wp\/v2\/pages\/1113\/revisions"}],"predecessor-version":[{"id":3124,"href":"https:\/\/blogsaverroes.juntadeandalucia.es\/ceipmarquesdeguadalcazar\/wp-json\/wp\/v2\/pages\/1113\/revisions\/3124"}],"wp:featuredmedia":[{"embeddable":true,"href":"https:\/\/blogsaverroes.juntadeandalucia.es\/ceipmarquesdeguadalcazar\/wp-json\/wp\/v2\/media\/2588"}],"wp:attachment":[{"href":"https:\/\/blogsaverroes.juntadeandalucia.es\/ceipmarquesdeguadalcazar\/wp-json\/wp\/v2\/media?parent=1113"}],"curies":[{"name":"wp","href":"https:\/\/api.w.org\/{rel}","templated":true}]}}