{"id":44,"date":"2015-03-13T08:42:15","date_gmt":"2015-03-13T08:42:15","guid":{"rendered":"http:\/\/blogsaverroes.juntadeandalucia.es\/pre\/ceip\/?page_id=44"},"modified":"2025-10-12T12:23:04","modified_gmt":"2025-10-12T10:23:04","slug":"planes-y-proyectos","status":"publish","type":"page","link":"https:\/\/blogsaverroes.juntadeandalucia.es\/ceipmarquesdeguadalcazar\/planes-y-proyectos\/","title":{"rendered":"Planes y Programas"},"content":{"rendered":"<p><a href=\"https:\/\/blogsaverroes.juntadeandalucia.es\/ceipmarquesdeguadalcazar\/files\/2015\/03\/CAM00915.jpg\"><img loading=\"lazy\" decoding=\"async\" class=\"alignnone wp-image-2251 size-medium\" src=\"https:\/\/blogsaverroes.juntadeandalucia.es\/ceipmarquesdeguadalcazar\/files\/2015\/03\/CAM00915-300x225.jpg\" alt=\"\" width=\"300\" height=\"225\" srcset=\"https:\/\/blogsaverroes.juntadeandalucia.es\/ceipmarquesdeguadalcazar\/files\/2015\/03\/CAM00915-300x225.jpg 300w, https:\/\/blogsaverroes.juntadeandalucia.es\/ceipmarquesdeguadalcazar\/files\/2015\/03\/CAM00915-1024x768.jpg 1024w, https:\/\/blogsaverroes.juntadeandalucia.es\/ceipmarquesdeguadalcazar\/files\/2015\/03\/CAM00915-24x18.jpg 24w, https:\/\/blogsaverroes.juntadeandalucia.es\/ceipmarquesdeguadalcazar\/files\/2015\/03\/CAM00915-36x27.jpg 36w, https:\/\/blogsaverroes.juntadeandalucia.es\/ceipmarquesdeguadalcazar\/files\/2015\/03\/CAM00915-48x36.jpg 48w\" sizes=\"(max-width: 300px) 100vw, 300px\" \/><\/a><\/p>\n<p>En nuestro centro llevamos a cabo varios Proyectos que nos ayudan en el proceso de ense\u00f1anza-aprendizaje, cada uno cuenta con un coordinador, detallados a continuaci\u00f3n:<\/p>\n<p>&nbsp;<\/p>\n<ul>\n<li><a href=\"https:\/\/www.adideandalucia.es\/normas\/acuerdos\/Acuerdo30julio2024comedorEscolarCentrosPublicos.pdf\"><strong>Plan de Apertura a las Familias<\/strong><\/a>: Antonia L F.<\/li>\n<li><a href=\"https:\/\/www.juntadeandalucia.es\/educacion\/portals\/web\/transformacion-digital-educativa\"><strong>Plan de Transformaci\u00f3n Digital Educativa (TDE)<\/strong><\/a>: Mar\u00eda R. G.<\/li>\n<li><strong>Plan Steam 4.0<\/strong>: M\u00aa Carmen V.T.<\/li>\n<li><a href=\"http:\/\/www.juntadeandalucia.es\/educacion\/portalaverroes\/programasinnovadores\/contenido\/plan-lyb?progId=40430\"><strong>Plan de Lectura y Bibliotecas<\/strong>:<\/a> Silvia M. C. P.<\/li>\n<li><a href=\"https:\/\/www.juntadeandalucia.es\/educacion\/portals\/web\/igualdad\/plan-igualdad\"><strong>Plan de Igualdad y Coeducaci\u00f3n<\/strong><\/a>: Rafael&nbsp; S.M.<\/li>\n<li><a href=\"http:\/\/juntadeandalucia.es\/organismos\/justiciaeinterior\/areas\/emergencias\/planes\/paginas\/autoproteccion-planes-emergencia.html\"><strong>Plan de Autoprotecci\u00f3n:<\/strong> <\/a>Mercedes A.G.<\/li>\n<li><strong>Formaci\u00f3n en Centros<\/strong>: M\u00aa Inmaculada M. D. L. P.<\/li>\n<li><strong>Practicum de Magisterio<\/strong>: Antonia L. F.<\/li>\n<li><strong>Creciendo en Salud:<\/strong> Yolanda B. M.<\/li>\n<li><strong>Escuela Espacio de Paz: <\/strong>M\u00aa Alicia A. M.<\/li>\n<\/ul>\n<p>&nbsp;<\/p>\n<p>&nbsp;<\/p>\n","protected":false},"excerpt":{"rendered":"<p>En nuestro centro llevamos a cabo varios Proyectos que nos ayudan en el proceso de ense\u00f1anza-aprendizaje, cada uno cuenta con un coordinador, detallados a continuaci\u00f3n: &nbsp; Plan de Apertura a las Familias: Antonia L F. Plan de Transformaci\u00f3n Digital Educativa (TDE): Mar\u00eda R. G. Plan Steam 4.0: M\u00aa Carmen V.T. Plan de Lectura y Bibliotecas: &hellip; <\/p>\n<p><a class=\"more-link btn\" href=\"https:\/\/blogsaverroes.juntadeandalucia.es\/ceipmarquesdeguadalcazar\/planes-y-proyectos\/\">Seguir leyendo<\/a><\/p>\n","protected":false},"author":1,"featured_media":0,"parent":0,"menu_order":0,"comment_status":"closed","ping_status":"closed","template":"","meta":{"ngg_post_thumbnail":0,"footnotes":"","_mc_calendar":[]},"aioseo_notices":[],"_links":{"self":[{"href":"https:\/\/blogsaverroes.juntadeandalucia.es\/ceipmarquesdeguadalcazar\/wp-json\/wp\/v2\/pages\/44"}],"collection":[{"href":"https:\/\/blogsaverroes.juntadeandalucia.es\/ceipmarquesdeguadalcazar\/wp-json\/wp\/v2\/pages"}],"about":[{"href":"https:\/\/blogsaverroes.juntadeandalucia.es\/ceipmarquesdeguadalcazar\/wp-json\/wp\/v2\/types\/page"}],"author":[{"embeddable":true,"href":"https:\/\/blogsaverroes.juntadeandalucia.es\/ceipmarquesdeguadalcazar\/wp-json\/wp\/v2\/users\/1"}],"replies":[{"embeddable":true,"href":"https:\/\/blogsaverroes.juntadeandalucia.es\/ceipmarquesdeguadalcazar\/wp-json\/wp\/v2\/comments?post=44"}],"version-history":[{"count":26,"href":"https:\/\/blogsaverroes.juntadeandalucia.es\/ceipmarquesdeguadalcazar\/wp-json\/wp\/v2\/pages\/44\/revisions"}],"predecessor-version":[{"id":3123,"href":"https:\/\/blogsaverroes.juntadeandalucia.es\/ceipmarquesdeguadalcazar\/wp-json\/wp\/v2\/pages\/44\/revisions\/3123"}],"wp:attachment":[{"href":"https:\/\/blogsaverroes.juntadeandalucia.es\/ceipmarquesdeguadalcazar\/wp-json\/wp\/v2\/media?parent=44"}],"curies":[{"name":"wp","href":"https:\/\/api.w.org\/{rel}","templated":true}]}}